{"id":1444,"date":"2021-05-20T13:05:40","date_gmt":"2021-05-20T13:05:40","guid":{"rendered":"https:\/\/vandorgyules.hermeszsoft.hu\/?page_id=1444"},"modified":"2022-06-10T12:44:54","modified_gmt":"2022-06-10T10:44:54","slug":"gyik","status":"publish","type":"page","link":"https:\/\/mkevandorgyules.hu\/gyik\/","title":{"rendered":"GYIK"},"content":{"rendered":"\t\t<div data-elementor-type=\"wp-page\" data-elementor-id=\"1444\" class=\"elementor elementor-1444\" data-elementor-settings=\"[]\">\n\t\t\t\t\t\t<div class=\"elementor-inner\">\n\t\t\t\t\t\t\t<div class=\"elementor-section-wrap\">\n\t\t\t\t\t\t\t<section class=\"elementor-section elementor-top-section elementor-element elementor-element-fee72cc elementor-section-boxed elementor-section-height-default elementor-section-height-default\" data-id=\"fee72cc\" data-element_type=\"section\">\n\t\t\t\t\t\t<div class=\"elementor-container elementor-column-gap-default\">\n\t\t\t\t\t\t\t<div class=\"elementor-row\">\n\t\t\t\t\t<div class=\"elementor-column elementor-col-100 elementor-top-column elementor-element elementor-element-417f1a5\" data-id=\"417f1a5\" data-element_type=\"column\">\n\t\t\t<div class=\"elementor-column-wrap elementor-element-populated\">\n\t\t\t\t\t\t\t<div class=\"elementor-widget-wrap\">\n\t\t\t\t\t\t<div class=\"elementor-element elementor-element-ae76fe2 elementor-widget elementor-widget-heading\" data-id=\"ae76fe2\" data-element_type=\"widget\" data-widget_type=\"heading.default\">\n\t\t\t\t<div class=\"elementor-widget-container\">\n\t\t\t<h2 class=\"elementor-heading-title elementor-size-default\">gyik<\/h2>\t\t<\/div>\n\t\t\t\t<\/div>\n\t\t\t\t<div class=\"elementor-element elementor-element-68eefb0 elementor-widget elementor-widget-heading\" data-id=\"68eefb0\" data-element_type=\"widget\" data-widget_type=\"heading.default\">\n\t\t\t\t<div class=\"elementor-widget-container\">\n\t\t\t<h2 class=\"elementor-heading-title elementor-size-default\">gyik<\/h2>\t\t<\/div>\n\t\t\t\t<\/div>\n\t\t\t\t<div class=\"elementor-element elementor-element-d5fc582 elementor-view-default elementor-widget elementor-widget-icon\" data-id=\"d5fc582\" data-element_type=\"widget\" data-widget_type=\"icon.default\">\n\t\t\t\t<div class=\"elementor-widget-container\">\n\t\t\t\t\t<div class=\"elementor-icon-wrapper\">\n\t\t\t<div class=\"elementor-icon\">\n\t\t\t<i aria-hidden=\"true\" class=\"fas fa-angle-double-down\"><\/i>\t\t\t<\/div>\n\t\t<\/div>\n\t\t\t\t<\/div>\n\t\t\t\t<\/div>\n\t\t\t\t\t\t<\/div>\n\t\t\t\t\t<\/div>\n\t\t<\/div>\n\t\t\t\t\t\t\t\t<\/div>\n\t\t\t\t\t<\/div>\n\t\t<\/section>\n\t\t\t\t<section class=\"elementor-section elementor-top-section elementor-element elementor-element-74ec0c9 elementor-section-boxed elementor-section-height-default elementor-section-height-default\" data-id=\"74ec0c9\" data-element_type=\"section\">\n\t\t\t\t\t\t<div class=\"elementor-container elementor-column-gap-default\">\n\t\t\t\t\t\t\t<div class=\"elementor-row\">\n\t\t\t\t\t<div class=\"elementor-column elementor-col-100 elementor-top-column elementor-element elementor-element-447753d\" data-id=\"447753d\" data-element_type=\"column\">\n\t\t\t<div class=\"elementor-column-wrap elementor-element-populated\">\n\t\t\t\t\t\t\t<div class=\"elementor-widget-wrap\">\n\t\t\t\t\t\t<div class=\"elementor-element elementor-element-0ba3850 elementor-widget elementor-widget-text-editor\" data-id=\"0ba3850\" data-element_type=\"widget\" data-widget_type=\"text-editor.default\">\n\t\t\t\t<div class=\"elementor-widget-container\">\n\t\t\t\t\t\t\t\t<div class=\"elementor-text-editor elementor-clearfix\">\n\t\t\t\t\t<p>\u2022 <b>Mikor lesz az idei \u00e9vi V\u00e1ndorgy\u0171l\u00e9s?<\/b><br \/>Az esem\u00e9nyre <strong>2022. j\u00falius 14-16.<\/strong> k\u00f6z\u00f6tt ker\u00fcl sor Kaposv\u00e1ron, a Magyar Agr\u00e1r- \u00e9s \u00c9lettudom\u00e1nyi Egyetem Kaposv\u00e1ri Campus\u00e1n, a MATE Kaposv\u00e1ri Campus K\u00f6nyvt\u00e1rral, a Tak\u00e1ts Gyula Megyei Hat\u00f3k\u00f6r\u0171 V\u00e1rosi K\u00f6nyvt\u00e1rral \u00e9s az MKE Somogy Megyei Szervezet\u00e9vel val\u00f3 szoros szakmai egy\u00fcttm\u0171k\u00f6d\u00e9s keret\u00e9ben <em>Fenntarthat\u00f3s\u00e1g, felel\u0151ss\u00e9g, szeml\u00e9letform\u00e1l\u00e1s<\/em>\u00a0c\u00edmmel.<\/p><p><b>\u2022 Hogyan \u00e9s mikort\u00f3l lehet regisztr\u00e1lni az esem\u00e9nyre? <\/b><br \/>A regisztr\u00e1ci\u00f3 2022. m\u00e1jus 4-t\u0151l kezd\u0151d\u0151en a V\u00e1ndorgy\u0171l\u00e9s honlapj\u00e1n tal\u00e1lhat\u00f3 \u201e<a href=\"https:\/\/kaposvar.lib.uni-mate.hu\/programok\/vandorgyules2022\" target=\"_blank\" rel=\"noopener\">Regisztr\u00e1ci\u00f3<\/a>\u201d men\u00fcpontra kattintva \u00e9rhet\u0151 el.<\/p><p><b style=\"font-size: 1rem\">\u2022 Ki vehet r\u00e9szt a V\u00e1ndorgy\u0171l\u00e9sen?<\/b><\/p><p>A konferencia minden \u00e9rdekl\u0151d\u0151 sz\u00e1m\u00e1ra nyitott a vil\u00e1g minden pontj\u00e1r\u00f3l.<\/p><p><span style=\"font-weight: bold;font-size: 1rem\">\u2022 Mi a k\u00fcl\u00f6nbs\u00e9g a teljes \u00e9s a napijeggyel t\u00f6rt\u00e9n\u0151 regisztr\u00e1ci\u00f3 k\u00f6z\u00f6tt?<\/span><\/p><p>A teljes regisztr\u00e1ci\u00f3 tartalmazza a regisztr\u00e1ci\u00f3s csomagot is, a napijeggyel \u00e9rkez\u0151k csak n\u00e9vkit\u0171z\u0151t kapnak, de term\u00e9szetesen \u0151k is r\u00e9szt vehetnek valamennyi programon (pl. kultur\u00e1lis programok).<\/p><p><span style=\"font-weight: bold;font-size: 1rem\">\u2022 <a name=\"koltsegek-kifizetese\"><\/a>Hogyan tudom kifizetni regisztr\u00e1ci\u00f3s k\u00f6lts\u00e9geimet?<\/span><\/p><p>A V\u00e1ndorgy\u0171l\u00e9sen t\u00f6rt\u00e9n\u0151 r\u00e9szv\u00e9tel felt\u00e9tele a k\u00f6lts\u00e9gek <strong>el\u0151zetes befizet\u00e9se egy d\u00edjbek\u00e9r\u0151 alapj\u00e1n \u00e1tutal\u00e1ssal<\/strong>. A\u00a0 befizet\u00e9shez mindenki sz\u00e1m\u00e1ra d\u00edjbek\u00e9r\u0151t sz\u00fcks\u00e9ges k\u00fcldeni, att\u00f3l f\u00fcggetlen\u00fcl, hogy sokan egyszer\u0171en csak egy sz\u00e1mlasz\u00e1mra szeretn\u00e9k befizetni a k\u00f6lts\u00e9geket, \u00e9s nincs erre sz\u00fcks\u00e9g\u00fck. Ez\u00e9rt a regiszr\u00e1ci\u00f3s \u0171rlap kit\u00f6lt\u00e9se ut\u00e1n \u00e9rkez\u0151 t\u00e9teles visszaigazol\u00e1st k\u00f6vet\u0151en minden regisztr\u00e1ci\u00f3 eset\u00e9ben sz\u00fcks\u00e9ges kit\u00f6lteni az al\u00e1bbi \u0171rlapot:<\/p><p><a href=\"https:\/\/forms.gle\/6BgTkVR8iZ1s2Nys6\" data-auth=\"NotApplicable\" data-linkindex=\"0\"><strong>https:\/\/forms.gle\/6BgTkVR8iZ1s2Nys6<\/strong><\/a><\/p><p>A v\u00e1ndorgy\u0171l\u00e9s k\u00f6lts\u00e9geinek megt\u00e9r\u00edt\u00e9se kiz\u00e1r\u00f3lag ezen az \u00faton lehets\u00e9ges, teh\u00e1t sem a helysz\u00ednen k\u00e9szp\u00e9nzben, sem egy\u00e9b m\u00f3don nincs lehet\u0151s\u00e9g a fizet\u00e9sre.<\/p><p style=\"padding-left: 80px\"><strong>TOV\u00c1BBI INFORM\u00c1CI\u00d3K SZERVEZETEKNEK:<\/strong><\/p><p style=\"padding-left: 80px\">Szervezetek sz\u00e1m\u00e1ra a d\u00edjbek\u00e9r\u0151n alapesetben maximum k\u00e9t t\u00e9tel fog szerepelni egy 5%-os \u00c1F\u00c1-s \u00e9tkez\u00e9si k\u00f6lts\u00e9g \u00e9s egy 27% \u00c1F\u00c1-s r\u00e9szv\u00e9teli d\u00edj sor (ut\u00f3bbi mag\u00e1ba foglalja a regisztr\u00e1ci\u00f3s d\u00edjat, sz\u00e1ll\u00e1sk\u00f6lts\u00e9get, kir\u00e1ndul\u00e1st stb).\u00a0Amennyiben ett\u0151l elt\u00e9r\u0151 speci\u00e1lis ig\u00e9nyeik vannak a d\u00edjbek\u00e9r\u0151 ki\u00e1ll\u00edt\u00e1s\u00e1val kapcsolatban (pl. milyen jogc\u00edm szerepeljen a sz\u00e1ml\u00e1n), akkor k\u00e9rj\u00fck ezt sz\u00e1munkra a <a href=\"mailto:vandorgyules2022@uni-mate.hu\">vandorgyules2022@uni-mate.hu<\/a> c\u00edmen jelezz\u00e9k.<\/p><p style=\"padding-left: 80px\"><strong>P\u00c9LD\u00c1K:<\/strong><\/p><p style=\"padding-left: 80px\"><strong>Jelentkez\u0151 maga fizeti minden k\u00f6lts\u00e9g\u00e9t:<\/strong><\/p><p style=\"padding-left: 80px\">A jelentkez\u0151 regisztr\u00e1l \u00e9s ezut\u00e1n emailben regisztr\u00e1ci\u00f3s sz\u00e1mot kap.<\/p><p style=\"padding-left: 80px\">A jelentkez\u0151 a regisztr\u00e1ci\u00f3s sz\u00e1ma megad\u00e1s\u00e1val kit\u00f6lti az \u0171rlapot, \u00e9s ez alapj\u00e1n kapja meg az utal\u00e1shoz sz\u00fcks\u00e9ges d\u00edjbek\u00e9r\u0151t.<\/p><p style=\"padding-left: 80px\"><strong>Egy jelentkez\u0151 \u00f6sszes k\u00f6lts\u00e9g\u00e9t egy szervezet fizeti:<\/strong><\/p><p style=\"padding-left: 80px\">A jelentkez\u0151 regisztr\u00e1l (vagy a szervezet regisztr\u00e1lja a jelentkez\u0151t)\u00a0\u00e9s ezut\u00e1n emailben\u00a0regisztr\u00e1ci\u00f3s sz\u00e1mot kap.<\/p><p style=\"padding-left: 80px\">A szervezet a jelentkez\u0151 regisztr\u00e1ci\u00f3s sz\u00e1m\u00e1nak megad\u00e1s\u00e1val kit\u00f6lti az \u0171rlapot, \u00e9s ez alapj\u00e1n kapja meg az utal\u00e1shoz sz\u00fcks\u00e9ges d\u00edjbek\u00e9r\u0151t.<\/p><p style=\"padding-left: 80px\"><strong>Egy jelentkez\u0151 r\u00e9szk\u00f6lts\u00e9g\u00e9t egy szervezet fizeti:<\/strong><\/p><p style=\"padding-left: 80px\">A jelentkez\u0151 regisztr\u00e1l\u00a0\u00e9s ezut\u00e1n emailben\u00a0regisztr\u00e1ci\u00f3s sz\u00e1mot kap.<\/p><p style=\"padding-left: 80px\">A jelentkez\u0151 a regisztr\u00e1ci\u00f3s sz\u00e1ma megad\u00e1s\u00e1val kit\u00f6lti az \u0171rlapot, amelyen azt az \u00f6sszeget szerepelteti, amit \u0151 maga fizet, \u00e9s ez alapj\u00e1n kapja meg az utal\u00e1shoz sz\u00fcks\u00e9ges d\u00edjbek\u00e9r\u0151t.<\/p><p style=\"padding-left: 80px\">A szervezet a jelentkez\u0151 regisztr\u00e1ci\u00f3s sz\u00e1m\u00e1nak \u00e9s az \u00e1ltala viselt \u00f6sszeg megad\u00e1s\u00e1val kit\u00f6lti az \u0171rlapot, \u00e9s ez alapj\u00e1n kapja meg az utal\u00e1shoz sz\u00fcks\u00e9ges d\u00edjbek\u00e9r\u0151t.<\/p><p style=\"padding-left: 80px\"><strong>Egy jelentkez\u0151 r\u00e9szk\u00f6lts\u00e9g\u00e9t t\u00f6bb szervezet fizeti:<\/strong><\/p><p style=\"padding-left: 80px\">A jelentkez\u0151 regisztr\u00e1l\u00a0\u00e9s ezut\u00e1n emailben\u00a0regisztr\u00e1ci\u00f3s sz\u00e1mot kap.<\/p><p style=\"padding-left: 80px\">A jelentkez\u0151 a regisztr\u00e1ci\u00f3s sz\u00e1ma megad\u00e1s\u00e1val kit\u00f6lti az \u0171rlapot, amelyen azt az \u00f6sszeget szerepelteti, amit \u0151 maga fizet, \u00e9s ez alapj\u00e1n kapja meg az utal\u00e1shoz sz\u00fcks\u00e9ges d\u00edjbek\u00e9r\u0151t.<\/p><p style=\"padding-left: 80px\">A szervezetek a jelentkez\u0151 regisztr\u00e1ci\u00f3s sz\u00e1m\u00e1nak \u00e9s az \u00e1ltaluk viselt \u00f6sszeg megad\u00e1s\u00e1val kit\u00f6ltik az \u0171rlapot, \u00e9s ez alapj\u00e1n kapj\u00e1k meg az utal\u00e1shoz sz\u00fcks\u00e9ges d\u00edjbek\u00e9r\u0151t.<\/p><p style=\"padding-left: 80px\"><strong>T\u00f6bb jelentkez\u0151 \u00f6sszes k\u00f6lts\u00e9g\u00e9t egy szervezet fizeti:<\/strong><\/p><p style=\"padding-left: 80px\">A jelentkez\u0151k\u00a0regisztr\u00e1lnak\u00a0(vagy a szervezet regisztr\u00e1lja a jelentkez\u0151ket)\u00a0\u00e9s ezut\u00e1n emailben\u00a0regisztr\u00e1ci\u00f3s sz\u00e1mot kapnak.<\/p><p style=\"padding-left: 80px\">A szervezet a jelentkez\u0151k regisztr\u00e1ci\u00f3s sz\u00e1mainak megad\u00e1s\u00e1val kit\u00f6lti az \u0171rlapot, amelyen egy \u00f6sszegben t\u00fcnteti fel a v\u00e1llalt \u00f6sszes k\u00f6lts\u00e9get, \u00e9s ez alapj\u00e1n kapja meg az utal\u00e1shoz sz\u00fcks\u00e9ges d\u00edjbek\u00e9r\u0151t.<\/p><p style=\"padding-left: 80px\"><strong>T\u00f6bb jelentkez\u0151 r\u00e9szk\u00f6lts\u00e9g\u00e9t egy szervezet fizeti:<\/strong><\/p><p style=\"padding-left: 80px\">A jelentkez\u0151k regisztr\u00e1lnak\u00a0\u00e9s ezut\u00e1n emailben\u00a0regisztr\u00e1ci\u00f3s sz\u00e1mot kapnak.<\/p><p style=\"padding-left: 80px\">A jelentkez\u0151k a regisztr\u00e1ci\u00f3s sz\u00e1muk megad\u00e1s\u00e1val kit\u00f6ltik az \u0171rlapot, amelyen azt az \u00f6sszeget szerepeltetik, amit \u0151k maguk fizetnek, \u00e9s ez alapj\u00e1n kapj\u00e1k meg az utal\u00e1shoz sz\u00fcks\u00e9ges d\u00edjbek\u00e9r\u0151t.<\/p><p style=\"padding-left: 80px\">A szervezet a jelentkez\u0151k regisztr\u00e1ci\u00f3s sz\u00e1mainak megad\u00e1s\u00e1val kit\u00f6lti az \u0171rlapot, amelyen egy \u00f6sszegben t\u00fcnteti fel a v\u00e1llalt \u00f6sszes k\u00f6lts\u00e9get, \u00e9s ez alapj\u00e1n kapja meg az utal\u00e1shoz sz\u00fcks\u00e9ges d\u00edjbek\u00e9r\u0151t.<\/p><p style=\"padding-left: 80px\"><strong>T\u00f6bb jelentkez\u0151 r\u00e9szk\u00f6lts\u00e9g\u00e9t t\u00f6bb szervezet fizeti:<\/strong><\/p><p style=\"padding-left: 80px\">A jelentkez\u0151k regisztr\u00e1lnak\u00a0\u00e9s ezut\u00e1n emailben\u00a0regisztr\u00e1ci\u00f3s sz\u00e1mot kapnak.<\/p><p style=\"padding-left: 80px\">A jelentkez\u0151k a regisztr\u00e1ci\u00f3s sz\u00e1muk megad\u00e1s\u00e1val kit\u00f6ltik az \u0171rlapot, amelyen azt az \u00f6sszeget szerepeltetik, amit \u0151k maguk fizetnek, \u00e9s ez alapj\u00e1n kapj\u00e1k meg az utal\u00e1shoz sz\u00fcks\u00e9ges d\u00edjbek\u00e9r\u0151t.<\/p><p style=\"padding-left: 80px\">A szervezetek a jelentkez\u0151 regisztr\u00e1ci\u00f3s sz\u00e1m\u00e1nak \u00e9s az \u00e1ltaluk viselt \u00f6sszeg megad\u00e1s\u00e1val kit\u00f6ltik az \u0171rlapot, \u00e9s ez alapj\u00e1n kapj\u00e1k meg az utal\u00e1shoz sz\u00fcks\u00e9ges d\u00edjbek\u00e9r\u0151t.<\/p><p><b>\u2022 Mi a V\u00e1ndorgy\u0171l\u00e9s 2022-es f\u0151 t\u00e9m\u00e1ja? <\/b><\/p><p>A v\u00e1ndorgy\u0171l\u00e9s t\u00e9mav\u00e1laszt\u00e1sa sor\u00e1n az MKE eln\u00f6ks\u00e9ge mindig nagy figyelmet ford\u00edt arra, hogy korszer\u0171, aktu\u00e1lis \u00e9s a vil\u00e1g k\u00f6nyvt\u00e1ri trendj\u00e9hez kapcsol\u00f3d\u00f3, az Eur\u00f3pai Uni\u00f3 \u00e1ltal is prefer\u00e1lt probl\u00e9m\u00e1k ker\u00fcljenek a tan\u00e1cskoz\u00e1sok k\u00f6z\u00e9ppontj\u00e1ba. Ennek megfelel\u0151en \u2013 az IFLA \u00e1ltal is kiemelten kezelt t\u00e9mak\u00f6rh\u00f6z kapcsol\u00f3dva \u2013 a 2022. \u00e9vi v\u00e1ndorgy\u0171l\u00e9st a fenntarthat\u00f3s\u00e1g, a felel\u0151ss\u00e9g, a szeml\u00e9letform\u00e1l\u00e1s jegy\u00e9ben k\u00edv\u00e1njuk megszervezni. K\u00f6ztudott, hogy vil\u00e1gunknak egyre hat\u00e1rozottabban kell szemben\u00e9znie azzal a kih\u00edv\u00e1ssal, hogy az \u00e9let min\u0151s\u00e9ge fenntarthat\u00f3 legyen \u2013 amelyet \u00e9ppen az emberi tev\u00e9kenys\u00e9g fenyeget, ak\u00e1r a felmeleged\u00e9s, ak\u00e1r a k\u00f6rnyezetszennyez\u00e9s, vagy a f\u00f6ldi er\u0151forr\u00e1sok felhaszn\u00e1l\u00e1sa ter\u00e9n. Hogy ezeket a k\u00e1ros folyamatokat meg lehessen \u00e1ll\u00edtani vagy helyes ir\u00e1nyba terelni, abban a k\u00f6nyvt\u00e1raknak is jelent\u0151s szerep\u00fck lehet, mert saj\u00e1tos eszk\u00f6zeikkel, lehet\u0151s\u00e9geikkel befoly\u00e1st tudnak gyakorolni a k\u00f6rnyezet\u00fckre, haszn\u00e1l\u00f3ikra; nagy szerep\u00fck van a szeml\u00e9letform\u00e1l\u00e1sban, hiszen ezek a k\u00e9rd\u00e9sek legt\u00f6bb esetben fejben d\u0151lnek el, \u00e9s kihat\u00e1ssal vannak nem csak a mindennapi \u00e9let esem\u00e9nyeire, de a gazdas\u00e1g, az \u00fczleti vil\u00e1g d\u00f6nt\u00e9seire is. \u00c9ppen ezen a ter\u00fcleten van nagyon sok lehet\u0151s\u00e9g, tennival\u00f3 a k\u00f6nyv\u00e1rak sz\u00e1m\u00e1ra: a fenntarthat\u00f3s\u00e1ggal \u00e9s a felel\u0151s emberi magatart\u00e1ssal kapcsolatos tendenci\u00e1k \u00e9rv\u00e9nyes\u00edt\u00e9se a k\u00f6nyvt\u00e1ri \u00e1llom\u00e1nyok kialak\u00edt\u00e1s\u00e1ban, k\u00edn\u00e1latuk sz\u00e9lesk\u00f6r\u0171 megismertet\u00e9s\u00e9ben, a gondok, probl\u00e9m\u00e1k, eredm\u00e9nyek nemzetk\u00f6zi szint\u0171 kitekint\u00e9sben t\u00f6rt\u00e9n\u0151 megjelen\u00edt\u00e9s\u00e9ben \u2013 ugyanakkor hangs\u00falyozottan van jelen ez a helyi, meg\u00f3v\u00e1sra \u00e9rdemes \u00e9rt\u00e9kek felt\u00e1r\u00e1s\u00e1ban, bemutat\u00e1s\u00e1ban, mert egy adott haszn\u00e1l\u00f3i k\u00f6z\u00f6ss\u00e9g sz\u00e1m\u00e1ra els\u0151sorban ezek k\u00e9pezik a felel\u0151ss\u00e9gteljes magatart\u00e1s k\u00e9zzelfoghat\u00f3 k\u00f6zeg\u00e9t. A k\u00f6nyvt\u00e1rak \u00f3ri\u00e1si el\u0151nye, hogy minden koroszt\u00e1ly \u00e9s t\u00e1rsadalmi csoport, r\u00e9teg ir\u00e1ny\u00e1ban nyitottak, szolg\u00e1ltat\u00e1saik, inform\u00e1ci\u00f3s h\u00e1l\u00f3zatuk r\u00e9v\u00e9n gyakorlatilag mindenkit el\u00e9rnek; k\u00fcl\u00f6n\u00f6sen szoros kapcsolatot \u00e1polnak az oktat\u00e1si rendszerrel, \u00e9s ez nagy es\u00e9lyt \u00e9s felel\u0151ss\u00e9get jelent a feln\u00f6vekv\u0151 nemzed\u00e9kek szeml\u00e9let\u00e9nek alak\u00edt\u00e1s\u00e1ban. A k\u00f6nyvt\u00e1rak a k\u00f6z\u00f6ss\u00e9gi tev\u00e9kenys\u00e9g, programok szervez\u00e9s\u00e9re rendelkeznek k\u00e9pzett \u00e9s folyamatosan tanul\u00f3 szem\u00e9lyzettel, megfelel\u0151 terekkel, infrastrukt\u00far\u00e1val, s a mostani j\u00e1rv\u00e1nyos helyzet sz\u00e1mos olyan lehet\u0151s\u00e9get is feler\u0151s\u00edtett (pl. k\u00f6z\u00f6ss\u00e9gi oldalak, k\u00f6z\u00f6ss\u00e9gi m\u00e9dia haszn\u00e1lata, online k\u00f6zvet\u00edt\u00e9sek, konferenci\u00e1k szervez\u00e9se, online pr \u00e9s marketing) amelyekkel jelent\u0151sen ki tudj\u00e1k t\u00e1g\u00edtani hat\u00f3k\u00f6r\u00fcket, \u00e9s sikeresebben folytathatj\u00e1k tev\u00e9kenys\u00e9g\u00fcket.<\/p><p>A k\u00f6nyvt\u00e1rak, k\u00f6nyvt\u00e1rosok l\u00e1that\u00f3an felel\u0151sen, egyre tudatosabban gyakorolj\u00e1k szeml\u00e9letform\u00e1l\u00f3 szerep\u00fcket: mind sz\u00e9lesebb k\u00f6rben v\u00e1lnak ismertt\u00e9 a z\u00f6ld k\u00f6nyvt\u00e1ri programok, megjelenik tev\u00e9kenys\u00e9g\u00fckben a hullad\u00e9kgy\u0171jt\u00e9s, -hasznos\u00edt\u00e1s, a k\u00f6rnyezet meg\u00f3v\u00e1sa, z\u00f6ldter\u00fcletek gondoz\u00e1sa \u2013 t\u00f6bb int\u00e9zm\u00e9ny kapott m\u00e1r ezzel kapcsolatban rangos hazai vagy nemzetk\u00f6zi elismer\u00e9st. A k\u00f6vetkez\u0151 \u00e9vek szakmai, int\u00e9zm\u00e9nyi tev\u00e9kenys\u00e9g\u00e9nek strat\u00e9giai c\u00e9ljai k\u00f6z\u00f6tt ez nagyon hangs\u00falyosan jelenik meg. Egyes\u00fclet\u00fcnk a maga eszk\u00f6zeivel minden m\u00f3don t\u00e1mogatni k\u00edv\u00e1nja a k\u00f6nyvt\u00e1ri ter\u00fclet ezen el\u0151remutat\u00f3, a vil\u00e1gunk \u00e9lhet\u0151s\u00e9ge meg\u0151rz\u00e9s\u00e9nek es\u00e9lyeit n\u00f6vel\u0151 t\u00f6rekv\u00e9seit: a 2022. \u00e9vi v\u00e1ndorgy\u0171l\u00e9s rem\u00e9lhet\u0151leg j\u00f3 lehet\u0151s\u00e9get k\u00edn\u00e1l arra, hogy ezt m\u00e9g sz\u00e9lesebb k\u00f6rben gyakorolhassuk.<\/p><p><b>\u2022 Mi alapj\u00e1n ker\u00fcl kiv\u00e1laszt\u00e1sra, hogy ki szervezi h\u00e1zigazda int\u00e9zm\u00e9nyk\u00e9nt a V\u00e1ndorgy\u0171l\u00e9st?<\/b><br \/>A V\u00e1ndorgy\u0171l\u00e9s \u201ev\u00e1ndorl\u00f3 helysz\u00ednekkel\u201d t\u00f6rt\u00e9n\u0151 \u00e9venk\u00e9nti megszervez\u00e9se nem k\u00f6vet f\u00f6ldrajzi rot\u00e1ci\u00f3s elvet, de a helysz\u00ednek v\u00e1ltozatos felvonultat\u00e1sa tudatos. Az MKE igyekszik minden \u00e9vben olyan partnerint\u00e9zm\u00e9nyt tal\u00e1lni t\u00e1rsszervez\u0151k\u00e9nt, aki \u00e9len j\u00e1r az innov\u00e1ci\u00f3ban, \u00faj szolg\u00e1ltat\u00e1sok \u00e9s \u00faj kreat\u00edv terek jellemzik, megfelel\u0151 infrastrukt\u00far\u00e1val \u00e9s konferenciaszervez\u00e9s ter\u00fclet\u00e9n j\u00e1rtas szem\u00e9lyzettel rendelkezik. Az az int\u00e9zm\u00e9ny, amely szeretne a k\u00f6vetkez\u0151 esem\u00e9ny h\u00e1zigazd\u00e1ja lenni, annak jeleznie kell szervez\u0151i sz\u00e1nd\u00e9k\u00e1t a Magyar K\u00f6nyvt\u00e1rosok Egyes\u00fclete (mke@oszk.hu) fel\u00e9.<\/p><p><strong style=\"font-size: 1rem\">K\u00e9rd\u00e9se lenne? <\/strong><span style=\"font-size: 1rem\">Amennyiben mer\u00fcln\u00e9nek fel m\u00e9g megv\u00e1laszolatlan k\u00e9rd\u00e9sek, \u00fagy k\u00e9rn\u00e9nk sz\u00e9pen \u00edrjon a szervez\u0151knek a <\/span><a style=\"background-color: #ffffff;font-size: 1rem\" href=\"mailto:vandorgyules2022@uni-mate.hu\">vandorgyules2022@uni-mate.hu<\/a><span style=\"font-size: 1rem\"> c\u00edmre.<\/span><\/p>\t\t\t\t\t<\/div>\n\t\t\t\t\t\t<\/div>\n\t\t\t\t<\/div>\n\t\t\t\t\t\t<\/div>\n\t\t\t\t\t<\/div>\n\t\t<\/div>\n\t\t\t\t\t\t\t\t<\/div>\n\t\t\t\t\t<\/div>\n\t\t<\/section>\n\t\t\t\t\t\t<\/div>\n\t\t\t\t\t\t<\/div>\n\t\t\t\t\t<\/div>\n\t\t","protected":false},"excerpt":{"rendered":"<p>gyik gyik \u2022 Mikor lesz az idei \u00e9vi V\u00e1ndorgy\u0171l\u00e9s?Az esem\u00e9nyre 2022. j\u00falius 14-16. k\u00f6z\u00f6tt ker\u00fcl sor Kaposv\u00e1ron, a Magyar Agr\u00e1r- \u00e9s \u00c9lettudom\u00e1nyi Egyetem Kaposv\u00e1ri Campus\u00e1n, a MATE Kaposv\u00e1ri Campus K\u00f6nyvt\u00e1rral, a Tak\u00e1ts Gyula Megyei Hat\u00f3k\u00f6r\u0171 V\u00e1rosi K\u00f6nyvt\u00e1rral \u00e9s az MKE Somogy Megyei Szervezet\u00e9vel val\u00f3 szoros szakmai egy\u00fcttm\u0171k\u00f6d\u00e9s keret\u00e9ben Fenntarthat\u00f3s\u00e1g, felel\u0151ss\u00e9g, szeml\u00e9letform\u00e1l\u00e1s\u00a0c\u00edmmel. \u2022 Hogyan \u00e9s mikort\u00f3l [&hellip;]<\/p>\n","protected":false},"author":1,"featured_media":0,"parent":0,"menu_order":0,"comment_status":"closed","ping_status":"closed","template":"","meta":[],"yoast_head":"<!-- This site is optimized with the Yoast SEO plugin v16.4 - https:\/\/yoast.com\/wordpress\/plugins\/seo\/ -->\n<title>GYIK | MKE 53. V\u00e1ndorgy\u0171l\u00e9s<\/title>\n<meta name=\"robots\" content=\"index, follow, max-snippet:-1, max-image-preview:large, max-video-preview:-1\" \/>\n<link rel=\"canonical\" href=\"https:\/\/mkevandorgyules.hu\/gyik\/\" \/>\n<meta property=\"og:locale\" content=\"hu_HU\" \/>\n<meta property=\"og:type\" content=\"article\" \/>\n<meta property=\"og:title\" content=\"GYIK | MKE 53. V\u00e1ndorgy\u0171l\u00e9s\" \/>\n<meta property=\"og:description\" content=\"gyik gyik \u2022 Mikor lesz az idei \u00e9vi V\u00e1ndorgy\u0171l\u00e9s?Az esem\u00e9nyre 2022. j\u00falius 14-16. k\u00f6z\u00f6tt ker\u00fcl sor Kaposv\u00e1ron, a Magyar Agr\u00e1r- \u00e9s \u00c9lettudom\u00e1nyi Egyetem Kaposv\u00e1ri Campus\u00e1n, a MATE Kaposv\u00e1ri Campus K\u00f6nyvt\u00e1rral, a Tak\u00e1ts Gyula Megyei Hat\u00f3k\u00f6r\u0171 V\u00e1rosi K\u00f6nyvt\u00e1rral \u00e9s az MKE Somogy Megyei Szervezet\u00e9vel val\u00f3 szoros szakmai egy\u00fcttm\u0171k\u00f6d\u00e9s keret\u00e9ben Fenntarthat\u00f3s\u00e1g, felel\u0151ss\u00e9g, szeml\u00e9letform\u00e1l\u00e1s\u00a0c\u00edmmel. \u2022 Hogyan \u00e9s mikort\u00f3l [&hellip;]\" \/>\n<meta property=\"og:url\" content=\"https:\/\/mkevandorgyules.hu\/gyik\/\" \/>\n<meta property=\"og:site_name\" content=\"MKE 53. V\u00e1ndorgy\u0171l\u00e9s\" \/>\n<meta property=\"article:modified_time\" content=\"2022-06-10T10:44:54+00:00\" \/>\n<meta property=\"og:image\" content=\"https:\/\/mkevandorgyules.hu\/wp-content\/uploads\/sites\/7\/2022\/05\/esemeny-cover-1200x630-1.png\" \/>\n\t<meta property=\"og:image:width\" content=\"1200\" \/>\n\t<meta property=\"og:image:height\" content=\"630\" \/>\n<meta name=\"twitter:card\" content=\"summary_large_image\" \/>\n<meta name=\"twitter:label1\" content=\"Becs\u00fclt olvas\u00e1si id\u0151\" \/>\n\t<meta name=\"twitter:data1\" content=\"6 perc\" \/>\n<script type=\"application\/ld+json\" class=\"yoast-schema-graph\">{\"@context\":\"https:\/\/schema.org\",\"@graph\":[{\"@type\":\"WebSite\",\"@id\":\"https:\/\/mkevandorgyules.hu\/#website\",\"url\":\"https:\/\/mkevandorgyules.hu\/\",\"name\":\"MKE 53. V\\u00e1ndorgy\\u0171l\\u00e9s\",\"description\":\"Kaposv\\u00e1r, 2022. j\\u00falius 14-16.\",\"potentialAction\":[{\"@type\":\"SearchAction\",\"target\":\"https:\/\/mkevandorgyules.hu\/?s={search_term_string}\",\"query-input\":\"required name=search_term_string\"}],\"inLanguage\":\"hu\"},{\"@type\":\"WebPage\",\"@id\":\"https:\/\/mkevandorgyules.hu\/gyik\/#webpage\",\"url\":\"https:\/\/mkevandorgyules.hu\/gyik\/\",\"name\":\"GYIK | MKE 53. V\\u00e1ndorgy\\u0171l\\u00e9s\",\"isPartOf\":{\"@id\":\"https:\/\/mkevandorgyules.hu\/#website\"},\"datePublished\":\"2021-05-20T13:05:40+00:00\",\"dateModified\":\"2022-06-10T10:44:54+00:00\",\"breadcrumb\":{\"@id\":\"https:\/\/mkevandorgyules.hu\/gyik\/#breadcrumb\"},\"inLanguage\":\"hu\",\"potentialAction\":[{\"@type\":\"ReadAction\",\"target\":[\"https:\/\/mkevandorgyules.hu\/gyik\/\"]}]},{\"@type\":\"BreadcrumbList\",\"@id\":\"https:\/\/mkevandorgyules.hu\/gyik\/#breadcrumb\",\"itemListElement\":[{\"@type\":\"ListItem\",\"position\":1,\"item\":{\"@type\":\"WebPage\",\"@id\":\"https:\/\/mkevandorgyules.hu\/\",\"url\":\"https:\/\/mkevandorgyules.hu\/\",\"name\":\"Home\"}},{\"@type\":\"ListItem\",\"position\":2,\"item\":{\"@id\":\"https:\/\/mkevandorgyules.hu\/gyik\/#webpage\"}}]}]}<\/script>\n<!-- \/ Yoast SEO plugin. -->","_links":{"self":[{"href":"https:\/\/mkevandorgyules.hu\/wp-json\/wp\/v2\/pages\/1444"}],"collection":[{"href":"https:\/\/mkevandorgyules.hu\/wp-json\/wp\/v2\/pages"}],"about":[{"href":"https:\/\/mkevandorgyules.hu\/wp-json\/wp\/v2\/types\/page"}],"author":[{"embeddable":true,"href":"https:\/\/mkevandorgyules.hu\/wp-json\/wp\/v2\/users\/1"}],"replies":[{"embeddable":true,"href":"https:\/\/mkevandorgyules.hu\/wp-json\/wp\/v2\/comments?post=1444"}],"version-history":[{"count":97,"href":"https:\/\/mkevandorgyules.hu\/wp-json\/wp\/v2\/pages\/1444\/revisions"}],"predecessor-version":[{"id":8737,"href":"https:\/\/mkevandorgyules.hu\/wp-json\/wp\/v2\/pages\/1444\/revisions\/8737"}],"wp:attachment":[{"href":"https:\/\/mkevandorgyules.hu\/wp-json\/wp\/v2\/media?parent=1444"}],"curies":[{"name":"wp","href":"https:\/\/api.w.org\/{rel}","templated":true}]}}