{"id":8122,"date":"2022-05-19T16:19:14","date_gmt":"2022-05-19T14:19:14","guid":{"rendered":"https:\/\/mkevandorgyules.hu\/?page_id=8122"},"modified":"2022-05-23T16:05:42","modified_gmt":"2022-05-23T14:05:42","slug":"jelentkezes-folyamata-2022","status":"publish","type":"page","link":"https:\/\/mkevandorgyules.hu\/jelentkezes-folyamata-2022\/","title":{"rendered":"A jelentkez\u00e9s teljes folyamata"},"content":{"rendered":"\t\t<div data-elementor-type=\"wp-page\" data-elementor-id=\"8122\" class=\"elementor elementor-8122\" data-elementor-settings=\"[]\">\n\t\t\t\t\t\t<div class=\"elementor-inner\">\n\t\t\t\t\t\t\t<div class=\"elementor-section-wrap\">\n\t\t\t\t\t\t\t<section class=\"elementor-section elementor-top-section elementor-element elementor-element-fee72cc elementor-section-boxed elementor-section-height-default elementor-section-height-default\" data-id=\"fee72cc\" data-element_type=\"section\">\n\t\t\t\t\t\t<div class=\"elementor-container elementor-column-gap-default\">\n\t\t\t\t\t\t\t<div class=\"elementor-row\">\n\t\t\t\t\t<div class=\"elementor-column elementor-col-100 elementor-top-column elementor-element elementor-element-417f1a5\" data-id=\"417f1a5\" data-element_type=\"column\">\n\t\t\t<div class=\"elementor-column-wrap elementor-element-populated\">\n\t\t\t\t\t\t\t<div class=\"elementor-widget-wrap\">\n\t\t\t\t\t\t<div class=\"elementor-element elementor-element-ae76fe2 elementor-widget elementor-widget-heading\" data-id=\"ae76fe2\" data-element_type=\"widget\" data-widget_type=\"heading.default\">\n\t\t\t\t<div class=\"elementor-widget-container\">\n\t\t\t<h2 class=\"elementor-heading-title elementor-size-default\">Jelentkez\u00e9s<\/h2>\t\t<\/div>\n\t\t\t\t<\/div>\n\t\t\t\t<div class=\"elementor-element elementor-element-68eefb0 elementor-widget elementor-widget-heading\" data-id=\"68eefb0\" data-element_type=\"widget\" data-widget_type=\"heading.default\">\n\t\t\t\t<div class=\"elementor-widget-container\">\n\t\t\t<h2 class=\"elementor-heading-title elementor-size-default\">A jelentkez\u00e9s folyamata<\/h2>\t\t<\/div>\n\t\t\t\t<\/div>\n\t\t\t\t<div class=\"elementor-element elementor-element-d5fc582 elementor-view-default elementor-widget elementor-widget-icon\" data-id=\"d5fc582\" data-element_type=\"widget\" data-widget_type=\"icon.default\">\n\t\t\t\t<div class=\"elementor-widget-container\">\n\t\t\t\t\t<div class=\"elementor-icon-wrapper\">\n\t\t\t<div class=\"elementor-icon\">\n\t\t\t<i aria-hidden=\"true\" class=\"fas fa-angle-double-down\"><\/i>\t\t\t<\/div>\n\t\t<\/div>\n\t\t\t\t<\/div>\n\t\t\t\t<\/div>\n\t\t\t\t\t\t<\/div>\n\t\t\t\t\t<\/div>\n\t\t<\/div>\n\t\t\t\t\t\t\t\t<\/div>\n\t\t\t\t\t<\/div>\n\t\t<\/section>\n\t\t\t\t<section class=\"elementor-section elementor-top-section elementor-element elementor-element-74ec0c9 elementor-section-boxed elementor-section-height-default elementor-section-height-default\" data-id=\"74ec0c9\" data-element_type=\"section\">\n\t\t\t\t\t\t<div class=\"elementor-container elementor-column-gap-default\">\n\t\t\t\t\t\t\t<div class=\"elementor-row\">\n\t\t\t\t\t<div class=\"elementor-column elementor-col-100 elementor-top-column elementor-element elementor-element-447753d\" data-id=\"447753d\" data-element_type=\"column\">\n\t\t\t<div class=\"elementor-column-wrap elementor-element-populated\">\n\t\t\t\t\t\t\t<div class=\"elementor-widget-wrap\">\n\t\t\t\t\t\t<div class=\"elementor-element elementor-element-0ba3850 elementor-widget elementor-widget-text-editor\" data-id=\"0ba3850\" data-element_type=\"widget\" data-widget_type=\"text-editor.default\">\n\t\t\t\t<div class=\"elementor-widget-container\">\n\t\t\t\t\t\t\t\t<div class=\"elementor-text-editor elementor-clearfix\">\n\t\t\t\t\t<ul style=\"margin-top: 0cm\" type=\"disc\"><li style=\"margin-left: 0cm;text-align: justify\">\u00adJelentkezni az <a href=\"https:\/\/mkevandorgyules.hu\">mkevandorgyules.hu<\/a> oldalon l\u00e1that\u00f3 <b>\u201eRegisztr\u00e1ci\u00f3\u201d gombra<\/b> kattintva megjelen\u0151 regisztr\u00e1ci\u00f3s \u0171rlapon kereszt\u00fcl tudnak.<br \/><br \/><\/li><li style=\"margin-left: 0cm;text-align: justify\">A jelentkez\u00e9s bek\u00fcld\u00e9s\u00e9t k\u00f6vet\u0151en egy <b>automatikus visszaigazol\u00e1st<\/b> kapnak megadott e-mail c\u00edm\u00fckre a jelentkez\u00e9si lapon jel\u00f6lt v\u00e1laszaikr\u00f3l, illetve egy kalkul\u00e1ci\u00f3t a v\u00e1rhat\u00f3 k\u00f6lts\u00e9gekr\u0151l. (Amennyiben ez az e-mail nem \u00e9rkezik meg \u00e9s nem tal\u00e1lhat\u00f3 meg a Lev\u00e9lszem\u00e9t mapp\u00e1ban sem, abban az esetben \u00e9rdekl\u0151djenek a <a href=\"mailto:vandorgyules2022@uni-mate.hu\">vandorgyules2022@uni-mate.hu<\/a> c\u00edmen a jelentkez\u00e9s be\u00e9rkez\u00e9s\u00e9r\u0151l.)<br \/><br \/><\/li><li style=\"margin-left: 0cm;text-align: justify\">Koll\u00e9g\u00e1ink n\u00e9h\u00e1ny napon bel\u00fcl szem\u00e9lyesen is ellen\u0151rzik regisztr\u00e1ci\u00f3s lapjukat \u00e9s egy levelet k\u00fcldenek a <a href=\"mailto:vandorgyules2022@uni-mate.hu\">vandorgyules2022@uni-mate.hu<\/a> e-mail c\u00edmr\u0151l, amiben <b>visszaigazolj\u00e1k<\/b> a jelentkez\u00e9si lapjukon szerepl\u0151 ig\u00e9nyeik tudom\u00e1sul v\u00e9tel\u00e9t, illetve az ellen\u0151rz\u00f6tt k\u00f6lts\u00e9geket. Ez <b>a lev\u00e9l tartalmaz majd egy linket a befizet\u00e9shez sz\u00fcks\u00e9ges d\u00edjbek\u00e9r\u0151 ig\u00e9nyl\u00e9s\u00e9hez sz\u00fcks\u00e9ges \u0171rlaphoz<\/b>.<br \/><br \/><\/li><li style=\"margin-left: 0cm;text-align: justify\">A d\u00edjbek\u00e9r\u0151 elk\u00e9sz\u00edt\u00e9s\u00e9hez sz\u00fcks\u00e9ges \u0171rlap seg\u00edts\u00e9g\u00e9vel ak\u00e1r saj\u00e1t maguk r\u00e9sz\u00e9re, ak\u00e1r m\u00e1s k\u00f6lts\u00e9gvisel\u0151 nev\u00e9re is <b>ig\u00e9nyelhetik a d\u00edjbek\u00e9r\u0151t<\/b>. Arra is van lehet\u0151s\u00e9g\u00fck, hogy a k\u00f6lts\u00e9geket megossz\u00e1k \u00e9s az adott jelentkez\u00e9shez bontva ig\u00e9nyeljenek d\u00edjbek\u00e9r\u0151t maguk, illetve m\u00e1s k\u00f6lts\u00e9gvisel\u0151 r\u00e9sz\u00e9re.<br \/><br \/><\/li><li style=\"margin-left: 0cm;text-align: justify\">Amennyiben a regisztr\u00e1ci\u00f3s id\u0151szak (amely 2022. j\u00fanius 12-ig tart) v\u00e9g\u00e9hez k\u00f6zeledve \u00fagy l\u00e1tjuk, hogy a d\u00edjbek\u00e9r\u0151t m\u00e9g nem k\u00e9rt\u00e9k meg, err\u0151l <b>eml\u00e9keztet\u0151 e-mailt fogunk k\u00fcldeni<\/b>.<br \/><br \/><\/li><li style=\"margin-left: 0cm;text-align: justify\">A d\u00edjbek\u00e9r\u0151ket egyszerre, <b>a regisztr\u00e1ci\u00f3 z\u00e1r\u00e1s\u00e1t k\u00f6vet\u0151<\/b> (azaz a 2022. j\u00fanius 13-al kezd\u0151d\u0151) <b>h\u00e9ten fogjuk megk\u00fcldeni mindenkinek<\/b>, a k\u00f6lts\u00e9geket <b>ezut\u00e1n tudj\u00e1k \u00e1tutal\u00e1ssal kifizetni<\/b>.<\/li><\/ul>\t\t\t\t\t<\/div>\n\t\t\t\t\t\t<\/div>\n\t\t\t\t<\/div>\n\t\t\t\t\t\t<\/div>\n\t\t\t\t\t<\/div>\n\t\t<\/div>\n\t\t\t\t\t\t\t\t<\/div>\n\t\t\t\t\t<\/div>\n\t\t<\/section>\n\t\t\t\t\t\t<\/div>\n\t\t\t\t\t\t<\/div>\n\t\t\t\t\t<\/div>\n\t\t","protected":false},"excerpt":{"rendered":"<p>Jelentkez\u00e9s A jelentkez\u00e9s folyamata \u00adJelentkezni az mkevandorgyules.hu oldalon l\u00e1that\u00f3 \u201eRegisztr\u00e1ci\u00f3\u201d gombra kattintva megjelen\u0151 regisztr\u00e1ci\u00f3s \u0171rlapon kereszt\u00fcl tudnak. A jelentkez\u00e9s bek\u00fcld\u00e9s\u00e9t k\u00f6vet\u0151en egy automatikus visszaigazol\u00e1st kapnak megadott e-mail c\u00edm\u00fckre a jelentkez\u00e9si lapon jel\u00f6lt v\u00e1laszaikr\u00f3l, illetve egy kalkul\u00e1ci\u00f3t a v\u00e1rhat\u00f3 k\u00f6lts\u00e9gekr\u0151l. (Amennyiben ez az e-mail nem \u00e9rkezik meg \u00e9s nem tal\u00e1lhat\u00f3 meg a Lev\u00e9lszem\u00e9t mapp\u00e1ban sem, abban [&hellip;]<\/p>\n","protected":false},"author":280,"featured_media":0,"parent":0,"menu_order":0,"comment_status":"closed","ping_status":"closed","template":"","meta":[],"yoast_head":"<!-- This site is optimized with the Yoast SEO plugin v16.4 - https:\/\/yoast.com\/wordpress\/plugins\/seo\/ -->\n<title>A jelentkez\u00e9s teljes folyamata | MKE 53. V\u00e1ndorgy\u0171l\u00e9s<\/title>\n<meta name=\"description\" content=\"Jelentkez\u00e9s - Visszaigazol\u00e1s - D\u00edjbek\u00e9r\u0151 - Sz\u00e1ml\u00e1z\u00e1s\" \/>\n<meta name=\"robots\" content=\"index, follow, max-snippet:-1, max-image-preview:large, max-video-preview:-1\" \/>\n<link rel=\"canonical\" href=\"https:\/\/mkevandorgyules.hu\/jelentkezes-folyamata-2022\/\" \/>\n<meta property=\"og:locale\" content=\"hu_HU\" \/>\n<meta property=\"og:type\" content=\"article\" \/>\n<meta property=\"og:title\" content=\"A jelentkez\u00e9s teljes folyamata | MKE 53. V\u00e1ndorgy\u0171l\u00e9s\" \/>\n<meta property=\"og:description\" content=\"Jelentkez\u00e9s - Visszaigazol\u00e1s - D\u00edjbek\u00e9r\u0151 - Sz\u00e1ml\u00e1z\u00e1s\" \/>\n<meta property=\"og:url\" content=\"https:\/\/mkevandorgyules.hu\/jelentkezes-folyamata-2022\/\" \/>\n<meta property=\"og:site_name\" content=\"MKE 53. V\u00e1ndorgy\u0171l\u00e9s\" \/>\n<meta property=\"article:modified_time\" content=\"2022-05-23T14:05:42+00:00\" \/>\n<meta property=\"og:image\" content=\"https:\/\/mkevandorgyules.hu\/wp-content\/uploads\/sites\/7\/2022\/05\/esemeny-cover-1200x630-1.png\" \/>\n\t<meta property=\"og:image:width\" content=\"1200\" \/>\n\t<meta property=\"og:image:height\" content=\"630\" \/>\n<meta name=\"twitter:card\" content=\"summary_large_image\" \/>\n<meta name=\"twitter:label1\" content=\"Becs\u00fclt olvas\u00e1si id\u0151\" \/>\n\t<meta name=\"twitter:data1\" content=\"1 perc\" \/>\n<script type=\"application\/ld+json\" class=\"yoast-schema-graph\">{\"@context\":\"https:\/\/schema.org\",\"@graph\":[{\"@type\":\"WebSite\",\"@id\":\"https:\/\/mkevandorgyules.hu\/#website\",\"url\":\"https:\/\/mkevandorgyules.hu\/\",\"name\":\"MKE 53. V\\u00e1ndorgy\\u0171l\\u00e9s\",\"description\":\"Kaposv\\u00e1r, 2022. j\\u00falius 14-16.\",\"potentialAction\":[{\"@type\":\"SearchAction\",\"target\":\"https:\/\/mkevandorgyules.hu\/?s={search_term_string}\",\"query-input\":\"required name=search_term_string\"}],\"inLanguage\":\"hu\"},{\"@type\":\"WebPage\",\"@id\":\"https:\/\/mkevandorgyules.hu\/jelentkezes-folyamata-2022\/#webpage\",\"url\":\"https:\/\/mkevandorgyules.hu\/jelentkezes-folyamata-2022\/\",\"name\":\"A jelentkez\\u00e9s teljes folyamata | MKE 53. V\\u00e1ndorgy\\u0171l\\u00e9s\",\"isPartOf\":{\"@id\":\"https:\/\/mkevandorgyules.hu\/#website\"},\"datePublished\":\"2022-05-19T14:19:14+00:00\",\"dateModified\":\"2022-05-23T14:05:42+00:00\",\"description\":\"Jelentkez\\u00e9s - Visszaigazol\\u00e1s - D\\u00edjbek\\u00e9r\\u0151 - Sz\\u00e1ml\\u00e1z\\u00e1s\",\"breadcrumb\":{\"@id\":\"https:\/\/mkevandorgyules.hu\/jelentkezes-folyamata-2022\/#breadcrumb\"},\"inLanguage\":\"hu\",\"potentialAction\":[{\"@type\":\"ReadAction\",\"target\":[\"https:\/\/mkevandorgyules.hu\/jelentkezes-folyamata-2022\/\"]}]},{\"@type\":\"BreadcrumbList\",\"@id\":\"https:\/\/mkevandorgyules.hu\/jelentkezes-folyamata-2022\/#breadcrumb\",\"itemListElement\":[{\"@type\":\"ListItem\",\"position\":1,\"item\":{\"@type\":\"WebPage\",\"@id\":\"https:\/\/mkevandorgyules.hu\/\",\"url\":\"https:\/\/mkevandorgyules.hu\/\",\"name\":\"Home\"}},{\"@type\":\"ListItem\",\"position\":2,\"item\":{\"@id\":\"https:\/\/mkevandorgyules.hu\/jelentkezes-folyamata-2022\/#webpage\"}}]}]}<\/script>\n<!-- \/ Yoast SEO plugin. -->","_links":{"self":[{"href":"https:\/\/mkevandorgyules.hu\/wp-json\/wp\/v2\/pages\/8122"}],"collection":[{"href":"https:\/\/mkevandorgyules.hu\/wp-json\/wp\/v2\/pages"}],"about":[{"href":"https:\/\/mkevandorgyules.hu\/wp-json\/wp\/v2\/types\/page"}],"author":[{"embeddable":true,"href":"https:\/\/mkevandorgyules.hu\/wp-json\/wp\/v2\/users\/280"}],"replies":[{"embeddable":true,"href":"https:\/\/mkevandorgyules.hu\/wp-json\/wp\/v2\/comments?post=8122"}],"version-history":[{"count":3,"href":"https:\/\/mkevandorgyules.hu\/wp-json\/wp\/v2\/pages\/8122\/revisions"}],"predecessor-version":[{"id":8194,"href":"https:\/\/mkevandorgyules.hu\/wp-json\/wp\/v2\/pages\/8122\/revisions\/8194"}],"wp:attachment":[{"href":"https:\/\/mkevandorgyules.hu\/wp-json\/wp\/v2\/media?parent=8122"}],"curies":[{"name":"wp","href":"https:\/\/api.w.org\/{rel}","templated":true}]}}