{"id":9397,"date":"2022-06-30T14:36:56","date_gmt":"2022-06-30T12:36:56","guid":{"rendered":"https:\/\/mkevandorgyules.hu\/?page_id=9397"},"modified":"2022-07-01T08:16:51","modified_gmt":"2022-07-01T06:16:51","slug":"programfuzet-2022","status":"publish","type":"page","link":"https:\/\/mkevandorgyules.hu\/programfuzet-2022\/","title":{"rendered":"Programf\u00fczet"},"content":{"rendered":"\t\t<div data-elementor-type=\"wp-page\" data-elementor-id=\"9397\" class=\"elementor elementor-9397\" data-elementor-settings=\"[]\">\n\t\t\t\t\t\t<div class=\"elementor-inner\">\n\t\t\t\t\t\t\t<div class=\"elementor-section-wrap\">\n\t\t\t\t\t\t\t<section class=\"elementor-section elementor-top-section elementor-element elementor-element-6cf4314 elementor-section-boxed elementor-section-height-default elementor-section-height-default\" data-id=\"6cf4314\" data-element_type=\"section\">\n\t\t\t\t\t\t<div class=\"elementor-container elementor-column-gap-default\">\n\t\t\t\t\t\t\t<div class=\"elementor-row\">\n\t\t\t\t\t<div class=\"elementor-column elementor-col-100 elementor-top-column elementor-element elementor-element-49f3fc4\" data-id=\"49f3fc4\" data-element_type=\"column\">\n\t\t\t<div class=\"elementor-column-wrap elementor-element-populated\">\n\t\t\t\t\t\t\t<div class=\"elementor-widget-wrap\">\n\t\t\t\t\t\t<div class=\"elementor-element elementor-element-8055881 elementor-widget elementor-widget-heading\" data-id=\"8055881\" data-element_type=\"widget\" data-widget_type=\"heading.default\">\n\t\t\t\t<div class=\"elementor-widget-container\">\n\t\t\t<h2 class=\"elementor-heading-title elementor-size-default\">Programf\u00fczet<\/h2>\t\t<\/div>\n\t\t\t\t<\/div>\n\t\t\t\t<div class=\"elementor-element elementor-element-e115c48 elementor-widget elementor-widget-heading\" data-id=\"e115c48\" data-element_type=\"widget\" data-widget_type=\"heading.default\">\n\t\t\t\t<div class=\"elementor-widget-container\">\n\t\t\t<h2 class=\"elementor-heading-title elementor-size-default\">Let\u00f6lthet\u0151 Programf\u00fczet<\/h2>\t\t<\/div>\n\t\t\t\t<\/div>\n\t\t\t\t<div class=\"elementor-element elementor-element-ee94c87 elementor-view-default elementor-widget elementor-widget-icon\" data-id=\"ee94c87\" data-element_type=\"widget\" data-widget_type=\"icon.default\">\n\t\t\t\t<div class=\"elementor-widget-container\">\n\t\t\t\t\t<div class=\"elementor-icon-wrapper\">\n\t\t\t<div class=\"elementor-icon\">\n\t\t\t<i aria-hidden=\"true\" class=\"fas fa-angle-double-down\"><\/i>\t\t\t<\/div>\n\t\t<\/div>\n\t\t\t\t<\/div>\n\t\t\t\t<\/div>\n\t\t\t\t\t\t<\/div>\n\t\t\t\t\t<\/div>\n\t\t<\/div>\n\t\t\t\t\t\t\t\t<\/div>\n\t\t\t\t\t<\/div>\n\t\t<\/section>\n\t\t\t\t<section class=\"elementor-section elementor-top-section elementor-element elementor-element-c9add2d elementor-section-boxed elementor-section-height-default elementor-section-height-default\" data-id=\"c9add2d\" data-element_type=\"section\">\n\t\t\t\t\t\t<div class=\"elementor-container elementor-column-gap-default\">\n\t\t\t\t\t\t\t<div class=\"elementor-row\">\n\t\t\t\t\t<div class=\"elementor-column elementor-col-100 elementor-top-column elementor-element elementor-element-ae5fae1\" data-id=\"ae5fae1\" data-element_type=\"column\">\n\t\t\t<div class=\"elementor-column-wrap elementor-element-populated\">\n\t\t\t\t\t\t\t<div class=\"elementor-widget-wrap\">\n\t\t\t\t\t\t<div class=\"elementor-element elementor-element-226812e elementor-widget elementor-widget-image\" data-id=\"226812e\" data-element_type=\"widget\" data-widget_type=\"image.default\">\n\t\t\t\t<div class=\"elementor-widget-container\">\n\t\t\t\t\t\t\t\t<div class=\"elementor-image\">\n\t\t\t\t\t\t\t\t\t\t\t\t\t<a href=\"https:\/\/unimatehu-my.sharepoint.com\/:b:\/g\/personal\/kis6919_uni-mate_hu\/ESB0uHMWt5RJl_RP5CB_OPMBp8a7wwbMQ2L_HGQ8YPfb6A?e=4hsJCo\" target=\"_blank\">\n\t\t\t\t\t\t\t<img src=\"https:\/\/mkevandorgyules.hu\/wp-content\/uploads\/sites\/7\/elementor\/thumbs\/MKE_Vandorgyules_2022_Programfuzet_B5_200dpi_1-pr2riqow4wea8avo0g5ap37zzqz47a6i96dhqrgd9i.png\" title=\"MKE Vandorgyules 2022 Programfuzet\" alt=\"MKE Vandorgyules 2022 Programfuzet\" \/>\t\t\t\t\t\t\t\t<\/a>\n\t\t\t\t\t\t\t\t\t\t\t\t\t\t<\/div>\n\t\t\t\t\t\t<\/div>\n\t\t\t\t<\/div>\n\t\t\t\t\t\t<\/div>\n\t\t\t\t\t<\/div>\n\t\t<\/div>\n\t\t\t\t\t\t\t\t<\/div>\n\t\t\t\t\t<\/div>\n\t\t<\/section>\n\t\t\t\t\t\t<\/div>\n\t\t\t\t\t\t<\/div>\n\t\t\t\t\t<\/div>\n\t\t","protected":false},"excerpt":{"rendered":"<p>Programf\u00fczet Let\u00f6lthet\u0151 Programf\u00fczet<\/p>\n","protected":false},"author":280,"featured_media":0,"parent":0,"menu_order":0,"comment_status":"closed","ping_status":"closed","template":"","meta":[],"yoast_head":"<!-- This site is optimized with the Yoast SEO plugin v16.4 - https:\/\/yoast.com\/wordpress\/plugins\/seo\/ -->\n<title>Programf\u00fczet | MKE 53. V\u00e1ndorgy\u0171l\u00e9s<\/title>\n<meta name=\"description\" content=\"Az 53. V\u00e1ndorgy\u0171l\u00e9s bar\u00e1ti tal\u00e1lkoz\u00f3ja a Pannon Lovasakad\u00e9mi\u00e1n ker\u00fcl megrendez\u00e9sre, term\u00e9szetk\u00f6zeli, fest\u0151i k\u00f6rnyezetben, r\u00e9szben szabadt\u00e9ri programk\u00e9nt.\" \/>\n<meta name=\"robots\" content=\"index, follow, max-snippet:-1, max-image-preview:large, max-video-preview:-1\" \/>\n<link rel=\"canonical\" href=\"https:\/\/mkevandorgyules.hu\/programfuzet-2022\/\" \/>\n<meta property=\"og:locale\" content=\"hu_HU\" \/>\n<meta property=\"og:type\" content=\"article\" \/>\n<meta property=\"og:title\" content=\"Programf\u00fczet | MKE 53. V\u00e1ndorgy\u0171l\u00e9s\" \/>\n<meta property=\"og:description\" content=\"Az 53. V\u00e1ndorgy\u0171l\u00e9s bar\u00e1ti tal\u00e1lkoz\u00f3ja a Pannon Lovasakad\u00e9mi\u00e1n ker\u00fcl megrendez\u00e9sre, term\u00e9szetk\u00f6zeli, fest\u0151i k\u00f6rnyezetben, r\u00e9szben szabadt\u00e9ri programk\u00e9nt.\" \/>\n<meta property=\"og:url\" content=\"https:\/\/mkevandorgyules.hu\/programfuzet-2022\/\" \/>\n<meta property=\"og:site_name\" content=\"MKE 53. V\u00e1ndorgy\u0171l\u00e9s\" \/>\n<meta property=\"article:modified_time\" content=\"2022-07-01T06:16:51+00:00\" \/>\n<meta property=\"og:image\" content=\"https:\/\/mkevandorgyules.hu\/wp-content\/uploads\/sites\/7\/2022\/05\/pla.jpg\" \/>\n\t<meta property=\"og:image:width\" content=\"1280\" \/>\n\t<meta property=\"og:image:height\" content=\"852\" \/>\n<meta name=\"twitter:card\" content=\"summary_large_image\" \/>\n<meta name=\"twitter:label1\" content=\"Becs\u00fclt olvas\u00e1si id\u0151\" \/>\n\t<meta name=\"twitter:data1\" content=\"1 perc\" \/>\n<script type=\"application\/ld+json\" class=\"yoast-schema-graph\">{\"@context\":\"https:\/\/schema.org\",\"@graph\":[{\"@type\":\"WebSite\",\"@id\":\"https:\/\/mkevandorgyules.hu\/#website\",\"url\":\"https:\/\/mkevandorgyules.hu\/\",\"name\":\"MKE 53. V\\u00e1ndorgy\\u0171l\\u00e9s\",\"description\":\"Kaposv\\u00e1r, 2022. j\\u00falius 14-16.\",\"potentialAction\":[{\"@type\":\"SearchAction\",\"target\":\"https:\/\/mkevandorgyules.hu\/?s={search_term_string}\",\"query-input\":\"required name=search_term_string\"}],\"inLanguage\":\"hu\"},{\"@type\":\"ImageObject\",\"@id\":\"https:\/\/mkevandorgyules.hu\/programfuzet-2022\/#primaryimage\",\"inLanguage\":\"hu\",\"url\":\"https:\/\/mkevandorgyules.hu\/wp-content\/uploads\/sites\/7\/2022\/05\/pla.jpg\",\"contentUrl\":\"https:\/\/mkevandorgyules.hu\/wp-content\/uploads\/sites\/7\/2022\/05\/pla.jpg\",\"width\":1280,\"height\":852},{\"@type\":\"WebPage\",\"@id\":\"https:\/\/mkevandorgyules.hu\/programfuzet-2022\/#webpage\",\"url\":\"https:\/\/mkevandorgyules.hu\/programfuzet-2022\/\",\"name\":\"Programf\\u00fczet | MKE 53. V\\u00e1ndorgy\\u0171l\\u00e9s\",\"isPartOf\":{\"@id\":\"https:\/\/mkevandorgyules.hu\/#website\"},\"primaryImageOfPage\":{\"@id\":\"https:\/\/mkevandorgyules.hu\/programfuzet-2022\/#primaryimage\"},\"datePublished\":\"2022-06-30T12:36:56+00:00\",\"dateModified\":\"2022-07-01T06:16:51+00:00\",\"description\":\"Az 53. V\\u00e1ndorgy\\u0171l\\u00e9s bar\\u00e1ti tal\\u00e1lkoz\\u00f3ja a Pannon Lovasakad\\u00e9mi\\u00e1n ker\\u00fcl megrendez\\u00e9sre, term\\u00e9szetk\\u00f6zeli, fest\\u0151i k\\u00f6rnyezetben, r\\u00e9szben szabadt\\u00e9ri programk\\u00e9nt.\",\"breadcrumb\":{\"@id\":\"https:\/\/mkevandorgyules.hu\/programfuzet-2022\/#breadcrumb\"},\"inLanguage\":\"hu\",\"potentialAction\":[{\"@type\":\"ReadAction\",\"target\":[\"https:\/\/mkevandorgyules.hu\/programfuzet-2022\/\"]}]},{\"@type\":\"BreadcrumbList\",\"@id\":\"https:\/\/mkevandorgyules.hu\/programfuzet-2022\/#breadcrumb\",\"itemListElement\":[{\"@type\":\"ListItem\",\"position\":1,\"item\":{\"@type\":\"WebPage\",\"@id\":\"https:\/\/mkevandorgyules.hu\/\",\"url\":\"https:\/\/mkevandorgyules.hu\/\",\"name\":\"Home\"}},{\"@type\":\"ListItem\",\"position\":2,\"item\":{\"@id\":\"https:\/\/mkevandorgyules.hu\/programfuzet-2022\/#webpage\"}}]}]}<\/script>\n<!-- \/ Yoast SEO plugin. -->","_links":{"self":[{"href":"https:\/\/mkevandorgyules.hu\/wp-json\/wp\/v2\/pages\/9397"}],"collection":[{"href":"https:\/\/mkevandorgyules.hu\/wp-json\/wp\/v2\/pages"}],"about":[{"href":"https:\/\/mkevandorgyules.hu\/wp-json\/wp\/v2\/types\/page"}],"author":[{"embeddable":true,"href":"https:\/\/mkevandorgyules.hu\/wp-json\/wp\/v2\/users\/280"}],"replies":[{"embeddable":true,"href":"https:\/\/mkevandorgyules.hu\/wp-json\/wp\/v2\/comments?post=9397"}],"version-history":[{"count":12,"href":"https:\/\/mkevandorgyules.hu\/wp-json\/wp\/v2\/pages\/9397\/revisions"}],"predecessor-version":[{"id":9466,"href":"https:\/\/mkevandorgyules.hu\/wp-json\/wp\/v2\/pages\/9397\/revisions\/9466"}],"wp:attachment":[{"href":"https:\/\/mkevandorgyules.hu\/wp-json\/wp\/v2\/media?parent=9397"}],"curies":[{"name":"wp","href":"https:\/\/api.w.org\/{rel}","templated":true}]}}