{"id":13087,"date":"2023-04-26T18:13:14","date_gmt":"2023-04-26T16:13:14","guid":{"rendered":"https:\/\/mkevandorgyules.hu\/?page_id=13087"},"modified":"2025-07-09T13:25:56","modified_gmt":"2025-07-09T11:25:56","slug":"attekinto-program","status":"publish","type":"page","link":"https:\/\/mkevandorgyules.hu\/attekinto-program\/","title":{"rendered":"\u00c1ttekint\u0151 program &#8211; 2025"},"content":{"rendered":"\t\t<div data-elementor-type=\"wp-page\" data-elementor-id=\"13087\" class=\"elementor elementor-13087\" data-elementor-settings=\"[]\">\n\t\t\t\t\t\t<div class=\"elementor-inner\">\n\t\t\t\t\t\t\t<div class=\"elementor-section-wrap\">\n\t\t\t\t\t\t\t<section class=\"elementor-section elementor-top-section elementor-element elementor-element-e34565b elementor-section-boxed elementor-section-height-default elementor-section-height-default\" data-id=\"e34565b\" data-element_type=\"section\">\n\t\t\t\t\t\t<div class=\"elementor-container elementor-column-gap-default\">\n\t\t\t\t\t\t\t<div class=\"elementor-row\">\n\t\t\t\t\t<div class=\"elementor-column elementor-col-100 elementor-top-column elementor-element elementor-element-2462b72\" data-id=\"2462b72\" data-element_type=\"column\">\n\t\t\t<div class=\"elementor-column-wrap elementor-element-populated\">\n\t\t\t\t\t\t\t<div class=\"elementor-widget-wrap\">\n\t\t\t\t\t\t<div class=\"elementor-element elementor-element-06b6878 elementor-widget elementor-widget-heading\" data-id=\"06b6878\" data-element_type=\"widget\" data-widget_type=\"heading.default\">\n\t\t\t\t<div class=\"elementor-widget-container\">\n\t\t\t<h2 class=\"elementor-heading-title elementor-size-default\">MKE 56. V\u00e1ndorgy\u0171l\u00e9s<\/h2>\t\t<\/div>\n\t\t\t\t<\/div>\n\t\t\t\t<div class=\"elementor-element elementor-element-e5b88b8 elementor-widget elementor-widget-heading\" data-id=\"e5b88b8\" data-element_type=\"widget\" data-widget_type=\"heading.default\">\n\t\t\t\t<div class=\"elementor-widget-container\">\n\t\t\t<h2 class=\"elementor-heading-title elementor-size-default\">\u00c1ttekint\u0151 program<\/h2>\t\t<\/div>\n\t\t\t\t<\/div>\n\t\t\t\t<div class=\"elementor-element elementor-element-90231ce elementor-view-default elementor-widget elementor-widget-icon\" data-id=\"90231ce\" data-element_type=\"widget\" data-widget_type=\"icon.default\">\n\t\t\t\t<div class=\"elementor-widget-container\">\n\t\t\t\t\t<div class=\"elementor-icon-wrapper\">\n\t\t\t<div class=\"elementor-icon\">\n\t\t\t<i aria-hidden=\"true\" class=\"fas fa-angle-double-down\"><\/i>\t\t\t<\/div>\n\t\t<\/div>\n\t\t\t\t<\/div>\n\t\t\t\t<\/div>\n\t\t\t\t<div class=\"elementor-element elementor-element-bab5b4c elementor-widget elementor-widget-spacer\" data-id=\"bab5b4c\" data-element_type=\"widget\" data-widget_type=\"spacer.default\">\n\t\t\t\t<div class=\"elementor-widget-container\">\n\t\t\t\t\t<div class=\"elementor-spacer\">\n\t\t\t<div class=\"elementor-spacer-inner\"><\/div>\n\t\t<\/div>\n\t\t\t\t<\/div>\n\t\t\t\t<\/div>\n\t\t\t\t<div class=\"elementor-element elementor-element-4baad25 elementor-widget elementor-widget-text-editor\" data-id=\"4baad25\" data-element_type=\"widget\" data-widget_type=\"text-editor.default\">\n\t\t\t\t<div class=\"elementor-widget-container\">\n\t\t\t\t\t\t\t\t<div class=\"elementor-text-editor elementor-clearfix\">\n\t\t\t\t\t<h5><strong>Az \u00e1ttekint\u0151 t\u00e1bl\u00e1zat <a href=\"https:\/\/drive.google.com\/file\/d\/10KTAgLdVDjvdgrryuHE5gZguit2m4APx\/view?usp=sharing\">ITT<\/a><\/strong><strong> \u00e9rhet\u0151 el<\/strong><\/h5>\t\t\t\t\t<\/div>\n\t\t\t\t\t\t<\/div>\n\t\t\t\t<\/div>\n\t\t\t\t\t\t<\/div>\n\t\t\t\t\t<\/div>\n\t\t<\/div>\n\t\t\t\t\t\t\t\t<\/div>\n\t\t\t\t\t<\/div>\n\t\t<\/section>\n\t\t\t\t<section class=\"elementor-section elementor-top-section elementor-element elementor-element-309e396 elementor-section-boxed elementor-section-height-default elementor-section-height-default\" data-id=\"309e396\" data-element_type=\"section\">\n\t\t\t\t\t\t<div class=\"elementor-container elementor-column-gap-default\">\n\t\t\t\t\t\t\t<div class=\"elementor-row\">\n\t\t\t\t\t<div class=\"elementor-column elementor-col-100 elementor-top-column elementor-element elementor-element-9439d93\" data-id=\"9439d93\" data-element_type=\"column\">\n\t\t\t<div class=\"elementor-column-wrap elementor-element-populated\">\n\t\t\t\t\t\t\t<div class=\"elementor-widget-wrap\">\n\t\t\t\t\t\t<div class=\"elementor-element elementor-element-e8cb369 elementor-tabs-view-vertical vandorgyules-szekcio elementor-widget elementor-widget-tabs\" data-id=\"e8cb369\" data-element_type=\"widget\" data-widget_type=\"tabs.default\">\n\t\t\t\t<div class=\"elementor-widget-container\">\n\t\t\t\t\t<div class=\"elementor-tabs\">\n\t\t\t<div class=\"elementor-tabs-wrapper\" role=\"tablist\" >\n\t\t\t\t\t\t\t\t\t<div id=\"elementor-tab-title-2441\" class=\"elementor-tab-title elementor-tab-desktop-title\" aria-selected=\"true\" data-tab=\"1\" role=\"tab\" tabindex=\"0\" aria-controls=\"elementor-tab-content-2441\" aria-expanded=\"false\"><a href=\"\">0. nap \u2013 2025. j\u00falius 9. (szerda)<\/a><\/div>\n\t\t\t\t\t\t\t\t\t<div id=\"elementor-tab-title-2442\" class=\"elementor-tab-title elementor-tab-desktop-title\" aria-selected=\"false\" data-tab=\"2\" role=\"tab\" tabindex=\"-1\" aria-controls=\"elementor-tab-content-2442\" aria-expanded=\"false\"><a href=\"\">1. nap \u2013 2025. j\u00falius 10. (cs\u00fct\u00f6rt\u00f6k)<\/a><\/div>\n\t\t\t\t\t\t\t\t\t<div id=\"elementor-tab-title-2443\" class=\"elementor-tab-title elementor-tab-desktop-title\" aria-selected=\"false\" data-tab=\"3\" role=\"tab\" tabindex=\"-1\" aria-controls=\"elementor-tab-content-2443\" aria-expanded=\"false\"><a href=\"\">2. nap \u2013 2025. j\u00falius 11. (p\u00e9ntek)<\/a><\/div>\n\t\t\t\t\t\t\t\t\t<div id=\"elementor-tab-title-2444\" class=\"elementor-tab-title elementor-tab-desktop-title\" aria-selected=\"false\" data-tab=\"4\" role=\"tab\" tabindex=\"-1\" aria-controls=\"elementor-tab-content-2444\" aria-expanded=\"false\"><a href=\"\">3. nap \u2013 2025. j\u00falius 12. (szombat)<\/a><\/div>\n\t\t\t\t\t\t\t<\/div>\n\t\t\t<div class=\"elementor-tabs-content-wrapper\" role=\"tablist\" aria-orientation=\"vertical\">\n\t\t\t\t\t\t\t\t\t<div class=\"elementor-tab-title elementor-tab-mobile-title\" aria-selected=\"true\" data-tab=\"1\" role=\"tab\" tabindex=\"0\" aria-controls=\"elementor-tab-content-2441\" aria-expanded=\"false\">0. nap \u2013 2025. j\u00falius 9. (szerda)<\/div>\n\t\t\t\t\t<div id=\"elementor-tab-content-2441\" class=\"elementor-tab-content elementor-clearfix\" data-tab=\"1\" role=\"tabpanel\" aria-labelledby=\"elementor-tab-title-2441\" tabindex=\"0\" hidden=\"false\"><h5 style=\"font-family: Karla, sans-serif\">0.<strong> nap<\/strong><\/h5><h4 style=\"font-family: Karla, sans-serif\"><span style=\"font-weight: bolder\">2025. j\u00falius 09. \u2013 SZERDA<\/span><\/h4><table style=\"font-size: 16px\"><tbody><tr><td>12.00-18.00<\/td><td><b>Regisztr\u00e1ci\u00f3<br \/><\/b><em>Helysz\u00edn: \u00c9let- \u00e9s Term\u00e9szettudom\u00e1nyi K\u00f6nyvt\u00e1r<\/em><\/td><\/tr><tr><td>14.00-15.00<\/td><td><span style=\"font-weight: bold\"><a href=\"https:\/\/mkevandorgyules.hu\/kiegeszito-programok\/\">K\u00f6nyvt\u00e1rl\u00e1togat\u00e1sok<\/a><br \/><\/span><em>Helysz\u00edn: Egyetem t\u00e9ri Campus<\/em><\/td><\/tr><tr><td>15.00-16.00<\/td><td><span style=\"font-weight: bold\"><a href=\"https:\/\/mkevandorgyules.hu\/kiegeszito-programok\/\">K\u00f6nyvt\u00e1rl\u00e1togat\u00e1sok<\/a><br \/><\/span><em>Helysz\u00edn: B\u00f6sz\u00f6rm\u00e9nyi \u00fati Campus K\u00f6nyvt\u00e1ra<\/em><\/td><\/tr><tr><td>16.00-17.00<\/td><td><a href=\"https:\/\/mkevandorgyules.hu\/kiegeszito-programok\/\"><b>Tematikus s\u00e9ta: S\u00e9ta a belv\u00e1rosban<\/b><\/a><\/td><\/tr><tr><td>19.00-21.00<\/td><td><b>Nem Pet\u0151fin\u00e9?! monodr\u00e1ma\u00a0<\/b><br \/><i>Helysz\u00edn: A Sziget<br \/><\/i><a href=\"https:\/\/unideb.libcal.com\/event\/4380605\" target=\"_blank\" rel=\"noopener\"><b>R\u00e9szletek \u00e9s regisztr\u00e1ci\u00f3<\/b><\/a><\/td><\/tr><\/tbody><\/table><\/div>\n\t\t\t\t\t\t\t\t\t<div class=\"elementor-tab-title elementor-tab-mobile-title\" aria-selected=\"false\" data-tab=\"2\" role=\"tab\" tabindex=\"-1\" aria-controls=\"elementor-tab-content-2442\" aria-expanded=\"false\">1. nap \u2013 2025. j\u00falius 10. (cs\u00fct\u00f6rt\u00f6k)<\/div>\n\t\t\t\t\t<div id=\"elementor-tab-content-2442\" class=\"elementor-tab-content elementor-clearfix\" data-tab=\"2\" role=\"tabpanel\" aria-labelledby=\"elementor-tab-title-2442\" tabindex=\"0\" hidden=\"hidden\"><h5>1. nap<\/h5><h4><span style=\"font-weight: bolder\">2025. j\u00falius 10. \u2013 CS\u00dcT\u00d6RT\u00d6K<\/span><\/h4><table><tbody><tr><td>7.00-9.00<\/td><td><b>Reggeli<\/b><\/td><\/tr><tr><td>8.00-18.00<\/td><td><b>Regisztr\u00e1ci\u00f3<br \/><\/b><i>Helysz\u00edn: Learning Center<\/i><\/td><\/tr><tr><td>8.00-9.00<\/td><td><b>Taichi<\/b><br \/><i>Helysz\u00edn<\/i><b>: <\/b><i>B\u00f6lcs\u00e9szettudom\u00e1nyi K\u00f6nyvt\u00e1r, Nagyolvas\u00f3<\/i><\/td><\/tr><tr><td>9.00-10.00<\/td><td><span style=\"font-weight: bold\">S\u00e9ta a botanikus kertben<br \/><\/span><a href=\"https:\/\/unideb.libcal.com\/event\/4380674\"><strong>R\u00e9szletek \u00e9s regisztr\u00e1ci\u00f3<\/strong><\/a><\/td><\/tr><tr><td>9.30-10.00<\/td><td><strong>Sajt\u00f3t\u00e1j\u00e9koztat\u00f3<br \/><\/strong><em>Helysz\u00edn: DEENK B\u00f6lcs\u00e9szettudom\u00e1nyi K\u00f6nyvt\u00e1r, A Sziget<\/em><\/td><\/tr><tr><td>10.00-11.00<\/td><td><b>V\u00e1ndorgy\u0171l\u00e9s K\u00e1v\u00e9h\u00e1z<br \/><\/b><i>Helysz\u00edn: Debreceni Egyetem F\u0151\u00e9p\u00fclet, Aula el\u0151tti kereng\u0151<\/i><\/td><\/tr><tr><td>11.00-13.00<\/td><td><b>Nyit\u00f3 plen\u00e1ris \u00fcl\u00e9s<br \/><\/b><i>Helysz\u00edn: Debreceni Egyetem F\u0151\u00e9p\u00fclet, Aula<\/i><\/td><\/tr><tr><td>13.00-15.00<\/td><td><b>Eb\u00e9did\u0151<\/b><\/td><\/tr><tr><td>13.30-14.00<\/td><td><b>Szakmai ki\u00e1ll\u00edt\u00e1s megnyit\u00f3ja<br \/><\/b><i style=\"font-size: inherit\">Helysz\u00edn: Learning Center<\/i><\/td><\/tr><tr><td>14.00-15.00<\/td><td><b><a href=\"https:\/\/mkevandorgyules.hu\/kiegeszito-programok\/\">K\u00f6nyvt\u00e1rl\u00e1togat\u00e1s<\/a><br \/><\/b><i style=\"font-size: inherit\">Helysz\u00edn: Egyetem t\u00e9ri Campus<\/i><\/td><\/tr><tr><td>14.30-16.00<\/td><td><strong>Tematikus s\u00e9ta &#8211; T\u00e9rey sarok<br \/><\/strong><em>Helysz\u00edn: M\u00e9liusz Juh\u00e1sz P\u00e9ter K\u00f6nyvt\u00e1r<\/em><\/td><\/tr><tr><td>15.00-18.00<\/td><td><b><a href=\"https:\/\/mkevandorgyules.hu\/szekcioulesek\/\">Szekci\u00f3\u00fcl\u00e9sek<\/a><br \/><\/b><i>Helysz\u00edn: Learning Center<\/i><\/td><\/tr><tr><td>15.00-17.30<\/td><td><a href=\"https:\/\/mkevandorgyules.hu\/szakmai-programok\/\"><b>P\u00e1rhuzamos szakmai programok<\/b><\/a><\/td><\/tr><tr><td>18.00-20.00<\/td><td><b>Vacsoraid\u0151<\/b><\/td><\/tr><tr><td>18.00-20.00<\/td><td><b>VIP fogad\u00e1s<\/b><\/td><\/tr><tr><td>20.00-22.00<\/td><td><a href=\"https:\/\/unideb.libcal.com\/event\/4380620\"><b>A boldog b\u00e9keid\u0151k &#8211; A Trio Consort von\u00f3stri\u00f3 klasszikuszenei koncertje<\/b><\/a><br \/><i>Helysz\u00edn: Egyetemi Templom<br \/><\/i><\/td><\/tr><\/tbody><\/table><\/div>\n\t\t\t\t\t\t\t\t\t<div class=\"elementor-tab-title elementor-tab-mobile-title\" aria-selected=\"false\" data-tab=\"3\" role=\"tab\" tabindex=\"-1\" aria-controls=\"elementor-tab-content-2443\" aria-expanded=\"false\">2. nap \u2013 2025. j\u00falius 11. (p\u00e9ntek)<\/div>\n\t\t\t\t\t<div id=\"elementor-tab-content-2443\" class=\"elementor-tab-content elementor-clearfix\" data-tab=\"3\" role=\"tabpanel\" aria-labelledby=\"elementor-tab-title-2443\" tabindex=\"0\" hidden=\"hidden\"><h5><strong>2. nap<\/strong><\/h5><h4><strong>2025. j\u00falius 11. \u2013 P\u00c9NTEK<\/strong><\/h4><table><tbody><tr><td>7.00-9.00<\/td><td><b>Reggeli<\/b><\/td><\/tr><tr><td>8.00-13.00<\/td><td><strong>Regisztr\u00e1ci\u00f3<\/strong><br \/><em>Helysz\u00edn: Learning Center<\/em><\/td><\/tr><tr><td>8.00-9.00<\/td><td><strong>S\u00e9ta a botanikus kertben<\/strong><br \/><a href=\"https:\/\/unideb.libcal.com\/event\/4380675\"><strong>R\u00e9szletek \u00e9s regisztr\u00e1ci\u00f3<\/strong><\/a><\/td><\/tr><tr><td>9.00-16.00<\/td><td><b><a href=\"https:\/\/mkevandorgyules.hu\/szakmai-programok\/\">P\u00e1rhuzamos szakmai programok<\/a><br \/><\/b><\/td><\/tr><tr><td>9.00-12.00<\/td><td><a href=\"https:\/\/mkevandorgyules.hu\/szekcioulesek\/\" target=\"_blank\" rel=\"noopener\"><b>Szekci\u00f3\u00fcl\u00e9sek<\/b><\/a><br \/><em>Helysz\u00edn: Learning Center<\/em><\/td><\/tr><tr><td>11.30-13.00<\/td><td><strong>Eb\u00e9did\u0151<\/strong><\/td><\/tr><tr><td>12.00-13.00<\/td><td><strong><a href=\"https:\/\/mkevandorgyules.hu\/kiegeszito-programok\/\">K\u00f6nyvt\u00e1rl\u00e1togat\u00e1s<\/a><br \/><\/strong><i>Helysz\u00edn: Egyetem t\u00e9ri Campus<\/i><\/td><\/tr><tr><td>13.30-17.00<\/td><td><a href=\"https:\/\/mkevandorgyules.hu\/szekcioulesek\/\" target=\"_blank\" rel=\"noopener\"><b>Szekci\u00f3\u00fcl\u00e9sek<\/b><\/a><br \/><em>Helysz\u00edn: Learning Center<\/em><\/td><\/tr><tr><td>17.00-18:30<\/td><td><strong>Z\u00e1r\u00f3 plen\u00e1ris \u00fcl\u00e9s<\/strong><br \/><em>Helysz\u00edn: Learning Center<\/em><\/td><\/tr><tr><td>18.30-20.00<\/td><td><strong>Vacsoraid\u0151<\/strong><\/td><\/tr><tr><td>20.00-00.00<\/td><td><a href=\"https:\/\/mkevandorgyules.hu\/barati-talalkozo\/\" target=\"_blank\" rel=\"noopener\"><b>Bar\u00e1ti tal\u00e1lkoz\u00f3<\/b><\/a><strong><br \/><\/strong><em>Helysz\u00edn: DE F\u0151\u00e9p\u00fclet, D\u00edszudvar<\/em><\/td><\/tr><\/tbody><\/table><\/div>\n\t\t\t\t\t\t\t\t\t<div class=\"elementor-tab-title elementor-tab-mobile-title\" aria-selected=\"false\" data-tab=\"4\" role=\"tab\" tabindex=\"-1\" aria-controls=\"elementor-tab-content-2444\" aria-expanded=\"false\">3. nap \u2013 2025. j\u00falius 12. (szombat)<\/div>\n\t\t\t\t\t<div id=\"elementor-tab-content-2444\" class=\"elementor-tab-content elementor-clearfix\" data-tab=\"4\" role=\"tabpanel\" aria-labelledby=\"elementor-tab-title-2444\" tabindex=\"0\" hidden=\"hidden\"><h5 style=\"font-family: Karla, sans-serif\">3. nap<\/h5><h4 style=\"font-family: Karla, sans-serif\"><span style=\"font-weight: bolder\">2025. j\u00falius 12. \u2013 SZOMBAT<\/span><\/h4><p><b>Kir\u00e1ndul\u00e1si lehet\u0151s\u00e9gekr\u0151l <a href=\"https:\/\/mkevandorgyules.hu\/kirandulasok\/\">itt<\/a> t\u00e1j\u00e9koz\u00f3dhat.<\/b><\/p><\/div>\n\t\t\t\t\t\t\t<\/div>\n\t\t<\/div>\n\t\t\t\t<\/div>\n\t\t\t\t<\/div>\n\t\t\t\t\t\t<\/div>\n\t\t\t\t\t<\/div>\n\t\t<\/div>\n\t\t\t\t\t\t\t\t<\/div>\n\t\t\t\t\t<\/div>\n\t\t<\/section>\n\t\t\t\t\t\t<\/div>\n\t\t\t\t\t\t<\/div>\n\t\t\t\t\t<\/div>\n\t\t","protected":false},"excerpt":{"rendered":"<p>\u00c1ttekint\u0151 program Az \u00e1ttekint\u0151 t\u00e1bl\u00e1zat ITT \u00e9rhet\u0151 el 0. nap \u2013 2025. j\u00falius 9. (szerda) 1. nap \u2013 2025. j\u00falius 10. (cs\u00fct\u00f6rt\u00f6k) 2. nap \u2013 2025. j\u00falius 11. (p\u00e9ntek) 3. nap \u2013 2025. j\u00falius 12. (szombat) 0. nap \u2013 2025. j\u00falius 9. (szerda) 0. nap 2025. j\u00falius 09. \u2013 SZERDA 12.00-18.00 Regisztr\u00e1ci\u00f3Helysz\u00edn: \u00c9let- \u00e9s Term\u00e9szettudom\u00e1nyi [&hellip;]<\/p>\n","protected":false},"author":27,"featured_media":0,"parent":0,"menu_order":0,"comment_status":"closed","ping_status":"closed","template":"","meta":[],"yoast_head":"<!-- This site is optimized with the Yoast SEO plugin v16.4 - https:\/\/yoast.com\/wordpress\/plugins\/seo\/ -->\n<title>\u00c1ttekint\u0151 program - 2025 | MKE 56. V\u00e1ndorgy\u0171l\u00e9s<\/title>\n<meta name=\"robots\" content=\"index, follow, max-snippet:-1, max-image-preview:large, max-video-preview:-1\" \/>\n<link rel=\"canonical\" href=\"https:\/\/mkevandorgyules.hu\/attekinto-program\/\" \/>\n<meta property=\"og:locale\" content=\"hu_HU\" \/>\n<meta property=\"og:type\" content=\"article\" \/>\n<meta property=\"og:title\" content=\"\u00c1ttekint\u0151 program - 2025 | MKE 56. V\u00e1ndorgy\u0171l\u00e9s\" \/>\n<meta property=\"og:description\" content=\"\u00c1ttekint\u0151 program Az \u00e1ttekint\u0151 t\u00e1bl\u00e1zat ITT \u00e9rhet\u0151 el 0. nap \u2013 2025. j\u00falius 9. (szerda) 1. nap \u2013 2025. j\u00falius 10. (cs\u00fct\u00f6rt\u00f6k) 2. nap \u2013 2025. j\u00falius 11. (p\u00e9ntek) 3. nap \u2013 2025. j\u00falius 12. (szombat) 0. nap \u2013 2025. j\u00falius 9. (szerda) 0. nap 2025. j\u00falius 09. \u2013 SZERDA 12.00-18.00 Regisztr\u00e1ci\u00f3Helysz\u00edn: \u00c9let- \u00e9s Term\u00e9szettudom\u00e1nyi [&hellip;]\" \/>\n<meta property=\"og:url\" content=\"https:\/\/mkevandorgyules.hu\/attekinto-program\/\" \/>\n<meta property=\"og:site_name\" content=\"MKE 56. V\u00e1ndorgy\u0171l\u00e9s\" \/>\n<meta property=\"article:modified_time\" content=\"2025-07-09T11:25:56+00:00\" \/>\n<meta property=\"og:image\" content=\"https:\/\/mkevandorgyules.hu\/wp-content\/uploads\/sites\/7\/2025\/03\/Debrecen_vandorgyules_logo2.jpg\" \/>\n\t<meta property=\"og:image:width\" content=\"2115\" \/>\n\t<meta property=\"og:image:height\" content=\"1838\" \/>\n<meta name=\"twitter:card\" content=\"summary_large_image\" \/>\n<meta name=\"twitter:label1\" content=\"Becs\u00fclt olvas\u00e1si id\u0151\" \/>\n\t<meta name=\"twitter:data1\" content=\"2 perc\" \/>\n<script type=\"application\/ld+json\" class=\"yoast-schema-graph\">{\"@context\":\"https:\/\/schema.org\",\"@graph\":[{\"@type\":\"WebSite\",\"@id\":\"https:\/\/mkevandorgyules.hu\/#website\",\"url\":\"https:\/\/mkevandorgyules.hu\/\",\"name\":\"MKE 56. V\\u00e1ndorgy\\u0171l\\u00e9s\",\"description\":\"2025. j\\u00falius 9-12., Debrecen\",\"potentialAction\":[{\"@type\":\"SearchAction\",\"target\":\"https:\/\/mkevandorgyules.hu\/?s={search_term_string}\",\"query-input\":\"required name=search_term_string\"}],\"inLanguage\":\"hu\"},{\"@type\":\"WebPage\",\"@id\":\"https:\/\/mkevandorgyules.hu\/attekinto-program\/#webpage\",\"url\":\"https:\/\/mkevandorgyules.hu\/attekinto-program\/\",\"name\":\"\\u00c1ttekint\\u0151 program - 2025 | MKE 56. V\\u00e1ndorgy\\u0171l\\u00e9s\",\"isPartOf\":{\"@id\":\"https:\/\/mkevandorgyules.hu\/#website\"},\"datePublished\":\"2023-04-26T16:13:14+00:00\",\"dateModified\":\"2025-07-09T11:25:56+00:00\",\"breadcrumb\":{\"@id\":\"https:\/\/mkevandorgyules.hu\/attekinto-program\/#breadcrumb\"},\"inLanguage\":\"hu\",\"potentialAction\":[{\"@type\":\"ReadAction\",\"target\":[\"https:\/\/mkevandorgyules.hu\/attekinto-program\/\"]}]},{\"@type\":\"BreadcrumbList\",\"@id\":\"https:\/\/mkevandorgyules.hu\/attekinto-program\/#breadcrumb\",\"itemListElement\":[{\"@type\":\"ListItem\",\"position\":1,\"item\":{\"@type\":\"WebPage\",\"@id\":\"https:\/\/mkevandorgyules.hu\/\",\"url\":\"https:\/\/mkevandorgyules.hu\/\",\"name\":\"Home\"}},{\"@type\":\"ListItem\",\"position\":2,\"item\":{\"@id\":\"https:\/\/mkevandorgyules.hu\/attekinto-program\/#webpage\"}}]}]}<\/script>\n<!-- \/ Yoast SEO plugin. -->","_links":{"self":[{"href":"https:\/\/mkevandorgyules.hu\/wp-json\/wp\/v2\/pages\/13087"}],"collection":[{"href":"https:\/\/mkevandorgyules.hu\/wp-json\/wp\/v2\/pages"}],"about":[{"href":"https:\/\/mkevandorgyules.hu\/wp-json\/wp\/v2\/types\/page"}],"author":[{"embeddable":true,"href":"https:\/\/mkevandorgyules.hu\/wp-json\/wp\/v2\/users\/27"}],"replies":[{"embeddable":true,"href":"https:\/\/mkevandorgyules.hu\/wp-json\/wp\/v2\/comments?post=13087"}],"version-history":[{"count":711,"href":"https:\/\/mkevandorgyules.hu\/wp-json\/wp\/v2\/pages\/13087\/revisions"}],"predecessor-version":[{"id":37200,"href":"https:\/\/mkevandorgyules.hu\/wp-json\/wp\/v2\/pages\/13087\/revisions\/37200"}],"wp:attachment":[{"href":"https:\/\/mkevandorgyules.hu\/wp-json\/wp\/v2\/media?parent=13087"}],"curies":[{"name":"wp","href":"https:\/\/api.w.org\/{rel}","templated":true}]}}