{"id":13966,"date":"2023-05-09T23:36:06","date_gmt":"2023-05-09T21:36:06","guid":{"rendered":"https:\/\/mkevandorgyules.hu\/?page_id=13966"},"modified":"2025-07-07T08:03:58","modified_gmt":"2025-07-07T06:03:58","slug":"koszontok","status":"publish","type":"page","link":"https:\/\/mkevandorgyules.hu\/koszontok\/","title":{"rendered":"K\u00f6sz\u00f6nt\u0151k"},"content":{"rendered":"\t\t<div data-elementor-type=\"wp-page\" data-elementor-id=\"13966\" class=\"elementor elementor-13966\" data-elementor-settings=\"[]\">\n\t\t\t\t\t\t<div class=\"elementor-inner\">\n\t\t\t\t\t\t\t<div class=\"elementor-section-wrap\">\n\t\t\t\t\t\t\t<section class=\"elementor-section elementor-top-section elementor-element elementor-element-362cc34 elementor-section-boxed elementor-section-height-default elementor-section-height-default\" data-id=\"362cc34\" data-element_type=\"section\">\n\t\t\t\t\t\t<div class=\"elementor-container elementor-column-gap-default\">\n\t\t\t\t\t\t\t<div class=\"elementor-row\">\n\t\t\t\t\t<div class=\"elementor-column elementor-col-100 elementor-top-column elementor-element elementor-element-bdd5d03\" data-id=\"bdd5d03\" data-element_type=\"column\">\n\t\t\t<div class=\"elementor-column-wrap\">\n\t\t\t\t\t\t\t<div class=\"elementor-widget-wrap\">\n\t\t\t\t\t\t\t\t<\/div>\n\t\t\t\t\t<\/div>\n\t\t<\/div>\n\t\t\t\t\t\t\t\t<\/div>\n\t\t\t\t\t<\/div>\n\t\t<\/section>\n\t\t\t\t<section class=\"elementor-section elementor-top-section elementor-element elementor-element-fb7f95b elementor-section-boxed elementor-section-height-default elementor-section-height-default\" data-id=\"fb7f95b\" data-element_type=\"section\">\n\t\t\t\t\t\t<div class=\"elementor-container elementor-column-gap-default\">\n\t\t\t\t\t\t\t<div class=\"elementor-row\">\n\t\t\t\t\t<div class=\"elementor-column elementor-col-33 elementor-top-column elementor-element elementor-element-44546bd\" data-id=\"44546bd\" data-element_type=\"column\">\n\t\t\t<div class=\"elementor-column-wrap elementor-element-populated\">\n\t\t\t\t\t\t\t<div class=\"elementor-widget-wrap\">\n\t\t\t\t\t\t<div class=\"elementor-element elementor-element-159c7cc elementor-widget elementor-widget-image\" data-id=\"159c7cc\" data-element_type=\"widget\" data-widget_type=\"image.default\">\n\t\t\t\t<div class=\"elementor-widget-container\">\n\t\t\t\t\t\t\t\t<div class=\"elementor-image\">\n\t\t\t\t\t\t\t\t\t\t\t\t<img src=\"https:\/\/mkevandorgyules.hu\/wp-content\/uploads\/sites\/7\/2025\/07\/GJ-kep-e1751868108936.jpg\" title=\"gerencser_judit\" alt=\"foto_gerencser_judit\" \/>\t\t\t\t\t\t\t\t\t\t\t\t\t\t<\/div>\n\t\t\t\t\t\t<\/div>\n\t\t\t\t<\/div>\n\t\t\t\t\t\t<\/div>\n\t\t\t\t\t<\/div>\n\t\t<\/div>\n\t\t\t\t<div class=\"elementor-column elementor-col-66 elementor-top-column elementor-element elementor-element-66e059b\" data-id=\"66e059b\" data-element_type=\"column\">\n\t\t\t<div class=\"elementor-column-wrap elementor-element-populated\">\n\t\t\t\t\t\t\t<div class=\"elementor-widget-wrap\">\n\t\t\t\t\t\t<div class=\"elementor-element elementor-element-0b59f54 elementor-widget elementor-widget-text-editor\" data-id=\"0b59f54\" data-element_type=\"widget\" data-widget_type=\"text-editor.default\">\n\t\t\t\t<div class=\"elementor-widget-container\">\n\t\t\t\t\t\t\t\t<div class=\"elementor-text-editor elementor-clearfix\">\n\t\t\t\t\t<p><span style=\"color: #438d92\"><strong>Tisztelettel \u00e9s szeretettel k\u00f6sz\u00f6nt\u00f6m a Magyar K\u00f6nyvt\u00e1rosok Egyes\u00fclete\u00a0<span style=\"font-size: 1rem\">56. debreceni V\u00e1ndorgy\u0171l\u00e9s\u00e9nek minden r\u00e9sztvev\u0151j\u00e9t!<\/span><\/strong><\/span><\/p><p>A Magyar K\u00f6nyvt\u00e1rosok Egyes\u00fclete (MKE) K\u00f6nyvt\u00e1rak a kult\u00fara, a tudom\u00e1ny \u00e9s a k\u00f6z\u00f6ss\u00e9gek szolg\u00e1lat\u00e1ban c\u00edmmel 2025. j\u00falius 9-12. k\u00f6z\u00f6tt rendezi meg 56. V\u00e1ndorgy\u0171l\u00e9s\u00e9t Debrecenben, az MKE Hajd\u00fa-Bihar Megyei Szervezete, a DE Egyetemi \u00e9s Nemzeti K\u00f6nyvt\u00e1r \u00e9s Debrecen MJV Polg\u00e1rmesteri Hivatala partners\u00e9g\u00e9vel.<\/p><p>A Magyar K\u00f6nyvt\u00e1rosok Egyes\u00fclete (MKE) alap\u00edt\u00e1s\u00e1nak 90. \u00e9vfordul\u00f3j\u00e1t \u00fcnnepli 2025-ben, amely egy igazi m\u00e9rf\u00f6ldk\u0151 egyes\u00fclet\u00fcnk sz\u00e1m\u00e1ra. Kilenc \u00e9vtized kiv\u00e9telesen hossz\u00fa id\u0151 egy civil szervezet \u00e9let\u00e9ben. Az idei V\u00e1ndorgy\u0171l\u00e9s lehet\u0151s\u00e9get ny\u00fajt sz\u00e1munkra meg\u00e1llni egy pillanatra \u00e9s \u00e1tgondolni az MKE \u00e9s szakm\u00e1nk m\u00faltj\u00e1t, jelen\u00e9t \u00e9s j\u00f6v\u0151j\u00e9t hazai \u00e9s nemzetk\u00f6zi aspektusb\u00f3l egyar\u00e1nt. A V\u00e1ndorgy\u0171l\u00e9s \u00fajra kiv\u00e1l\u00f3 lehet\u0151s\u00e9get biztos\u00edt a nemzetk\u00f6zi \u00e9s hazai egy\u00fcttm\u0171k\u00f6d\u00e9sre, k\u00f6z\u00f6s szakmai p\u00e1rbesz\u00e9d megval\u00f3s\u00edt\u00e1s\u00e1ra \u00e9s tud\u00e1s, tapasztalat megoszt\u00e1s\u00e1ra a magyar \u00e9s a nemzetk\u00f6zi k\u00f6nyvt\u00e1rtudom\u00e1nyi szak\u00e9rt\u0151k, szakmai k\u00f6nyvt\u00e1ri szervezeti vezet\u0151k, a k\u00f6nyvt\u00e1ri k\u00f6z\u00f6ss\u00e9g hazai \u00e9s nemzetk\u00f6zi k\u00e9pvisel\u0151i, valamint az MKE tagjai \u00e9s a teljes k\u00f6nyvt\u00e1ros szakma r\u00e9szv\u00e9tel\u00e9vel.<\/p><p>Debrecen kiemelked\u0151 szerepet t\u00f6lt be haz\u00e1nk tudom\u00e1nyos \u00e9let\u00e9ben, m\u00e1r a 16. sz\u00e1zadban rendelkezett k\u00f6nyvt\u00e1rral. 2025-ben \u00fcnnepelj\u00fck a Magyar Tudom\u00e1nyos Akad\u00e9mia megalakul\u00e1s\u00e1nak 200. \u00e9vfordul\u00f3j\u00e1t, ami kiv\u00e1l\u00f3 alkalmat ny\u00fajt arra, hogy t\u00f6bb n\u00e9z\u0151pontb\u00f3l bemutassuk a k\u00f6nyvt\u00e1rak tudom\u00e1nyban, ismeretterjeszt\u00e9sben \u00e9s kult\u00farak\u00f6zvet\u00edt\u00e9sben j\u00e1tszott meghat\u00e1roz\u00f3 szerep\u00e9t \u00e9s feladatait.<\/p><p>A MKE \u00fagy v\u00e1lasztotta meg 2025. \u00e9vi v\u00e1ndorgy\u0171l\u00e9s\u00e9nek a helysz\u00edn\u00e9t, hogy fejet hajtson az MTA alap\u00edt\u00e1sa, \u00fcnnepe el\u0151tt. A tudom\u00e1nyos kutat\u00e1s \u00e9s a tudom\u00e1nyos \u00e9let nem l\u00e9tezhet megfelel\u0151 k\u00f6nyvt\u00e1r n\u00e9lk\u00fcl \u2013 ahogyan a m\u00faltban sem, \u00fagy ma sem. Int\u00e9zm\u00e9nyeink szerves szimbi\u00f3zisban gyarapodtak a t\u00f6rt\u00e9nelmi korok sor\u00e1n, ill\u0151 teh\u00e1t, hogy az MKE rendezv\u00e9nyei a bicenten\u00e1rium \u00e9v\u00e9ben ezt a szerves egy\u00fctt gondolkod\u00e1st szimboliz\u00e1lj\u00e1k \u00fcnnepelve saj\u00e1t alap\u00edt\u00e1si kerek\u00e9vfordul\u00f3nkat is.<\/p><p>Debrecen imm\u00e1r 4. alkalommal l\u00e1tja vend\u00e9g\u00fcl a k\u00f6nyvt\u00e1rosok \u00e9ves tal\u00e1lkoz\u00f3j\u00e1t. A V\u00e1ndorgy\u0171l\u00e9s imm\u00e1r hagyom\u00e1nyosan lehet\u0151s\u00e9get teremt arra, hogy a szakm\u00e1nk k\u00e9pvisel\u0151i szem\u00e9lyesen tal\u00e1lkozzanak, tapasztalatot cser\u00e9ljenek, \u00e9s k\u00f6z\u00f6sen gondolkodjanak a k\u00f6nyvt\u00e1rak, k\u00f6nyvt\u00e1rosok \u00e9s a szakm\u00e1nk j\u00f6v\u0151j\u00e9r\u0151l. Az idei esem\u00e9ny k\u00fcl\u00f6n\u00f6sen fontos, hiszen nemcsak a k\u00f6z\u00f6s tud\u00e1smegoszt\u00e1s terepe, hanem egyben inspir\u00e1ci\u00f3s forr\u00e1s is: \u00faj \u00f6tletek, kapcsolatok \u00e9s egy\u00fcttm\u0171k\u00f6d\u00e9sek sz\u00fclethetnek itt, amelyek hossz\u00fa t\u00e1von is gazdag\u00edtj\u00e1k munk\u00e1nkat, k\u00f6z\u00f6s c\u00e9ljainkat \u00e9s terveinket.<\/p><p>B\u00edzom benne, hogy a rendezv\u00e9ny minden r\u00e9sztvev\u0151 sz\u00e1m\u00e1ra \u00e9rt\u00e9kes \u00e9lm\u00e9nyeket, szakmai fejl\u0151d\u00e9st \u00e9s maradand\u00f3 eml\u00e9keket tartogatnak a debreceni napok.<\/p><p>K\u00edv\u00e1nok sikeres, tartalmas \u00e9s \u00f6r\u00f6mteli napokat Debrecenben!<\/p><p style=\"text-align: right\"><strong><span style=\"color: #438d92\">Gerencs\u00e9r Judit<\/span><\/strong><br \/>a Magyar K\u00f6nyvt\u00e1rosok Egyes\u00fclete eln\u00f6ke<\/p>\t\t\t\t\t<\/div>\n\t\t\t\t\t\t<\/div>\n\t\t\t\t<\/div>\n\t\t\t\t\t\t<\/div>\n\t\t\t\t\t<\/div>\n\t\t<\/div>\n\t\t\t\t\t\t\t\t<\/div>\n\t\t\t\t\t<\/div>\n\t\t<\/section>\n\t\t\t\t<section class=\"elementor-section elementor-top-section elementor-element elementor-element-e697f0c elementor-section-boxed elementor-section-height-default elementor-section-height-default\" data-id=\"e697f0c\" data-element_type=\"section\">\n\t\t\t\t\t\t<div class=\"elementor-container elementor-column-gap-default\">\n\t\t\t\t\t\t\t<div class=\"elementor-row\">\n\t\t\t\t\t<div class=\"elementor-column elementor-col-50 elementor-top-column elementor-element elementor-element-1d998e9\" data-id=\"1d998e9\" data-element_type=\"column\">\n\t\t\t<div class=\"elementor-column-wrap elementor-element-populated\">\n\t\t\t\t\t\t\t<div class=\"elementor-widget-wrap\">\n\t\t\t\t\t\t<div class=\"elementor-element elementor-element-8b49f53 elementor-widget elementor-widget-image\" data-id=\"8b49f53\" data-element_type=\"widget\" data-widget_type=\"image.default\">\n\t\t\t\t<div class=\"elementor-widget-container\">\n\t\t\t\t\t\t\t\t<div class=\"elementor-image\">\n\t\t\t\t\t\t\t\t\t\t\t\t<img width=\"401\" height=\"600\" src=\"https:\/\/mkevandorgyules.hu\/wp-content\/uploads\/sites\/7\/2025\/05\/kgyphoto.png\" class=\"attachment-large size-large\" alt=\"\" loading=\"lazy\" srcset=\"https:\/\/mkevandorgyules.hu\/wp-content\/uploads\/sites\/7\/2025\/05\/kgyphoto.png 401w, https:\/\/mkevandorgyules.hu\/wp-content\/uploads\/sites\/7\/2025\/05\/kgyphoto-201x300.png 201w\" sizes=\"(max-width: 401px) 100vw, 401px\" \/>\t\t\t\t\t\t\t\t\t\t\t\t\t\t<\/div>\n\t\t\t\t\t\t<\/div>\n\t\t\t\t<\/div>\n\t\t\t\t\t\t<\/div>\n\t\t\t\t\t<\/div>\n\t\t<\/div>\n\t\t\t\t<div class=\"elementor-column elementor-col-50 elementor-top-column elementor-element elementor-element-95abf0d\" data-id=\"95abf0d\" data-element_type=\"column\">\n\t\t\t<div class=\"elementor-column-wrap elementor-element-populated\">\n\t\t\t\t\t\t\t<div class=\"elementor-widget-wrap\">\n\t\t\t\t\t\t<div class=\"elementor-element elementor-element-8086c41 elementor-widget elementor-widget-text-editor\" data-id=\"8086c41\" data-element_type=\"widget\" data-widget_type=\"text-editor.default\">\n\t\t\t\t<div class=\"elementor-widget-container\">\n\t\t\t\t\t\t\t\t<div class=\"elementor-text-editor elementor-clearfix\">\n\t\t\t\t\t<div data-ogsc=\"black\" data-olk-copy-source=\"MessageBody\"><span style=\"color: #438d92\"><b>Kedves Koll\u00e9g\u00e1k!<\/b><\/span><\/div>\n<div data-ogsc=\"black\" data-olk-copy-source=\"MessageBody\">&nbsp;<\/div>\n<div data-ogsc=\"black\">\n<p>Szeretettel k\u00f6sz\u00f6nt\u00f6m \u00d6n\u00f6ket a K\u00f6nyvt\u00e1rosok V\u00e1ndorgy\u0171l\u00e9s\u00e9nek helyi szervez\u0151i nev\u00e9ben! Olyan rendezv\u00e9nyre k\u00e9sz\u00fcl\u00fcnk, ahol id\u00e9n is egy\u00fctt gondolkodhatunk, tanulhatunk \u00e9s megoszthatjuk tapasztalatainkat a k\u00f6nyvt\u00e1ri szakma soksz\u00edn\u0171 vil\u00e1g\u00e1b\u00f3l. Legyen sz\u00f3 iskolai, k\u00f6zm\u0171vel\u0151d\u00e9si, fels\u0151oktat\u00e1si vagy szakk\u00f6nyvt\u00e1rr\u00f3l, mindannyiunkat k\u00f6z\u00f6s c\u00e9lok \u00e9s kih\u00edv\u00e1sok k\u00f6tnek \u00f6ssze. B\u00edzom benne, hogy ez a tal\u00e1lkoz\u00f3 inspir\u00e1l\u00f3 \u00e9lm\u00e9nyekkel, \u00faj \u00f6tletekkel \u00e9s tartalmas szakmai besz\u00e9lget\u00e9sekkel gazdag\u00edtja mindannyiunk munk\u00e1j\u00e1t. \u00c9rezz\u00e9k j\u00f3l magukat n\u00e1lunk, \u00e9s haszn\u00e1ljuk ki ezt a p\u00e1r napot a kapcsolat\u00e9p\u00edt\u00e9sre \u00e9s meg\u00fajul\u00e1sra!<\/p>\n<p><span style=\"text-align: right;font-size: 1rem\">\u00dcdv\u00f6zlettel:<\/span><\/p>\n<p style=\"text-align: right\"><span style=\"font-size: 1rem\"><span style=\"color: #438d92\"><b>Kar\u00e1csony Gy\u00f6ngyi<\/b><\/span><br><i>f\u0151igazgat\u00f3<\/i><\/span><\/p>\n<\/div>\t\t\t\t\t<\/div>\n\t\t\t\t\t\t<\/div>\n\t\t\t\t<\/div>\n\t\t\t\t\t\t<\/div>\n\t\t\t\t\t<\/div>\n\t\t<\/div>\n\t\t\t\t\t\t\t\t<\/div>\n\t\t\t\t\t<\/div>\n\t\t<\/section>\n\t\t\t\t\t\t<\/div>\n\t\t\t\t\t\t<\/div>\n\t\t\t\t\t<\/div>\n\t\t","protected":false},"excerpt":{"rendered":"<p>Tisztelettel \u00e9s szeretettel k\u00f6sz\u00f6nt\u00f6m a Magyar K\u00f6nyvt\u00e1rosok Egyes\u00fclete\u00a056. debreceni V\u00e1ndorgy\u0171l\u00e9s\u00e9nek minden r\u00e9sztvev\u0151j\u00e9t! A Magyar K\u00f6nyvt\u00e1rosok Egyes\u00fclete (MKE) K\u00f6nyvt\u00e1rak a kult\u00fara, a tudom\u00e1ny \u00e9s a k\u00f6z\u00f6ss\u00e9gek szolg\u00e1lat\u00e1ban c\u00edmmel 2025. j\u00falius 9-12. k\u00f6z\u00f6tt rendezi meg 56. V\u00e1ndorgy\u0171l\u00e9s\u00e9t Debrecenben, az MKE Hajd\u00fa-Bihar Megyei Szervezete, a DE Egyetemi \u00e9s Nemzeti K\u00f6nyvt\u00e1r \u00e9s Debrecen MJV Polg\u00e1rmesteri Hivatala partners\u00e9g\u00e9vel. A Magyar [&hellip;]<\/p>\n","protected":false},"author":325,"featured_media":0,"parent":0,"menu_order":0,"comment_status":"closed","ping_status":"closed","template":"","meta":[],"yoast_head":"<!-- This site is optimized with the Yoast SEO plugin v16.4 - https:\/\/yoast.com\/wordpress\/plugins\/seo\/ -->\n<title>K\u00f6sz\u00f6nt\u0151k | MKE 56. V\u00e1ndorgy\u0171l\u00e9s<\/title>\n<meta name=\"robots\" content=\"index, follow, max-snippet:-1, max-image-preview:large, max-video-preview:-1\" \/>\n<link rel=\"canonical\" href=\"https:\/\/mkevandorgyules.hu\/koszontok\/\" \/>\n<meta property=\"og:locale\" content=\"hu_HU\" \/>\n<meta property=\"og:type\" content=\"article\" \/>\n<meta property=\"og:title\" content=\"K\u00f6sz\u00f6nt\u0151k | MKE 56. V\u00e1ndorgy\u0171l\u00e9s\" \/>\n<meta property=\"og:description\" content=\"Tisztelettel \u00e9s szeretettel k\u00f6sz\u00f6nt\u00f6m a Magyar K\u00f6nyvt\u00e1rosok Egyes\u00fclete\u00a056. debreceni V\u00e1ndorgy\u0171l\u00e9s\u00e9nek minden r\u00e9sztvev\u0151j\u00e9t! A Magyar K\u00f6nyvt\u00e1rosok Egyes\u00fclete (MKE) K\u00f6nyvt\u00e1rak a kult\u00fara, a tudom\u00e1ny \u00e9s a k\u00f6z\u00f6ss\u00e9gek szolg\u00e1lat\u00e1ban c\u00edmmel 2025. j\u00falius 9-12. k\u00f6z\u00f6tt rendezi meg 56. V\u00e1ndorgy\u0171l\u00e9s\u00e9t Debrecenben, az MKE Hajd\u00fa-Bihar Megyei Szervezete, a DE Egyetemi \u00e9s Nemzeti K\u00f6nyvt\u00e1r \u00e9s Debrecen MJV Polg\u00e1rmesteri Hivatala partners\u00e9g\u00e9vel. A Magyar [&hellip;]\" \/>\n<meta property=\"og:url\" content=\"https:\/\/mkevandorgyules.hu\/koszontok\/\" \/>\n<meta property=\"og:site_name\" content=\"MKE 56. V\u00e1ndorgy\u0171l\u00e9s\" \/>\n<meta property=\"article:modified_time\" content=\"2025-07-07T06:03:58+00:00\" \/>\n<meta property=\"og:image\" content=\"https:\/\/mkevandorgyules.hu\/wp-content\/uploads\/sites\/7\/2025\/07\/GJ-kep-e1751868108936.jpg\" \/>\n<meta name=\"twitter:card\" content=\"summary_large_image\" \/>\n<meta name=\"twitter:label1\" content=\"Becs\u00fclt olvas\u00e1si id\u0151\" \/>\n\t<meta name=\"twitter:data1\" content=\"7 perc\" \/>\n<script type=\"application\/ld+json\" class=\"yoast-schema-graph\">{\"@context\":\"https:\/\/schema.org\",\"@graph\":[{\"@type\":\"WebSite\",\"@id\":\"https:\/\/mkevandorgyules.hu\/#website\",\"url\":\"https:\/\/mkevandorgyules.hu\/\",\"name\":\"MKE 56. V\\u00e1ndorgy\\u0171l\\u00e9s\",\"description\":\"2025. j\\u00falius 9-12., Debrecen\",\"potentialAction\":[{\"@type\":\"SearchAction\",\"target\":\"https:\/\/mkevandorgyules.hu\/?s={search_term_string}\",\"query-input\":\"required name=search_term_string\"}],\"inLanguage\":\"hu\"},{\"@type\":\"ImageObject\",\"@id\":\"https:\/\/mkevandorgyules.hu\/koszontok\/#primaryimage\",\"inLanguage\":\"hu\",\"url\":\"https:\/\/mkevandorgyules.hu\/wp-content\/uploads\/sites\/7\/2025\/07\/GJ-kep-e1751868108936.jpg\",\"contentUrl\":\"https:\/\/mkevandorgyules.hu\/wp-content\/uploads\/sites\/7\/2025\/07\/GJ-kep-e1751868108936.jpg\",\"width\":825,\"height\":997,\"caption\":\"foto_gerencser_judit\"},{\"@type\":\"WebPage\",\"@id\":\"https:\/\/mkevandorgyules.hu\/koszontok\/#webpage\",\"url\":\"https:\/\/mkevandorgyules.hu\/koszontok\/\",\"name\":\"K\\u00f6sz\\u00f6nt\\u0151k | MKE 56. V\\u00e1ndorgy\\u0171l\\u00e9s\",\"isPartOf\":{\"@id\":\"https:\/\/mkevandorgyules.hu\/#website\"},\"primaryImageOfPage\":{\"@id\":\"https:\/\/mkevandorgyules.hu\/koszontok\/#primaryimage\"},\"datePublished\":\"2023-05-09T21:36:06+00:00\",\"dateModified\":\"2025-07-07T06:03:58+00:00\",\"breadcrumb\":{\"@id\":\"https:\/\/mkevandorgyules.hu\/koszontok\/#breadcrumb\"},\"inLanguage\":\"hu\",\"potentialAction\":[{\"@type\":\"ReadAction\",\"target\":[\"https:\/\/mkevandorgyules.hu\/koszontok\/\"]}]},{\"@type\":\"BreadcrumbList\",\"@id\":\"https:\/\/mkevandorgyules.hu\/koszontok\/#breadcrumb\",\"itemListElement\":[{\"@type\":\"ListItem\",\"position\":1,\"item\":{\"@type\":\"WebPage\",\"@id\":\"https:\/\/mkevandorgyules.hu\/\",\"url\":\"https:\/\/mkevandorgyules.hu\/\",\"name\":\"Home\"}},{\"@type\":\"ListItem\",\"position\":2,\"item\":{\"@id\":\"https:\/\/mkevandorgyules.hu\/koszontok\/#webpage\"}}]}]}<\/script>\n<!-- \/ Yoast SEO plugin. -->","_links":{"self":[{"href":"https:\/\/mkevandorgyules.hu\/wp-json\/wp\/v2\/pages\/13966"}],"collection":[{"href":"https:\/\/mkevandorgyules.hu\/wp-json\/wp\/v2\/pages"}],"about":[{"href":"https:\/\/mkevandorgyules.hu\/wp-json\/wp\/v2\/types\/page"}],"author":[{"embeddable":true,"href":"https:\/\/mkevandorgyules.hu\/wp-json\/wp\/v2\/users\/325"}],"replies":[{"embeddable":true,"href":"https:\/\/mkevandorgyules.hu\/wp-json\/wp\/v2\/comments?post=13966"}],"version-history":[{"count":124,"href":"https:\/\/mkevandorgyules.hu\/wp-json\/wp\/v2\/pages\/13966\/revisions"}],"predecessor-version":[{"id":37086,"href":"https:\/\/mkevandorgyules.hu\/wp-json\/wp\/v2\/pages\/13966\/revisions\/37086"}],"wp:attachment":[{"href":"https:\/\/mkevandorgyules.hu\/wp-json\/wp\/v2\/media?parent=13966"}],"curies":[{"name":"wp","href":"https:\/\/api.w.org\/{rel}","templated":true}]}}