{"id":1416,"date":"2021-05-20T12:57:26","date_gmt":"2021-05-20T12:57:26","guid":{"rendered":"https:\/\/vandorgyules.hermeszsoft.hu\/?page_id=1416"},"modified":"2025-06-30T12:01:36","modified_gmt":"2025-06-30T10:01:36","slug":"kulturalis-programok","status":"publish","type":"page","link":"https:\/\/mkevandorgyules.hu\/kulturalis-programok\/","title":{"rendered":"Kultur\u00e1lis programok"},"content":{"rendered":"\t\t<div data-elementor-type=\"wp-page\" data-elementor-id=\"1416\" class=\"elementor elementor-1416\" data-elementor-settings=\"[]\">\n\t\t\t\t\t\t<div class=\"elementor-inner\">\n\t\t\t\t\t\t\t<div class=\"elementor-section-wrap\">\n\t\t\t\t\t\t\t<section class=\"elementor-section elementor-top-section elementor-element elementor-element-246205f elementor-section-boxed elementor-section-height-default elementor-section-height-default\" data-id=\"246205f\" data-element_type=\"section\">\n\t\t\t\t\t\t<div class=\"elementor-container elementor-column-gap-default\">\n\t\t\t\t\t\t\t<div class=\"elementor-row\">\n\t\t\t\t\t<div class=\"elementor-column elementor-col-100 elementor-top-column elementor-element elementor-element-45efbae\" data-id=\"45efbae\" data-element_type=\"column\">\n\t\t\t<div class=\"elementor-column-wrap elementor-element-populated\">\n\t\t\t\t\t\t\t<div class=\"elementor-widget-wrap\">\n\t\t\t\t\t\t<div class=\"elementor-element elementor-element-577aec6 elementor-widget elementor-widget-heading\" data-id=\"577aec6\" data-element_type=\"widget\" data-widget_type=\"heading.default\">\n\t\t\t\t<div class=\"elementor-widget-container\">\n\t\t\t<h2 class=\"elementor-heading-title elementor-size-default\">MKE 56. V\u00e1ndorgy\u0171l\u00e9s<\/h2>\t\t<\/div>\n\t\t\t\t<\/div>\n\t\t\t\t<div class=\"elementor-element elementor-element-343b584 elementor-widget elementor-widget-heading\" data-id=\"343b584\" data-element_type=\"widget\" data-widget_type=\"heading.default\">\n\t\t\t\t<div class=\"elementor-widget-container\">\n\t\t\t<h2 class=\"elementor-heading-title elementor-size-default\">kultur\u00e1lis programok<\/h2>\t\t<\/div>\n\t\t\t\t<\/div>\n\t\t\t\t<div class=\"elementor-element elementor-element-9713e9e elementor-view-default elementor-widget elementor-widget-icon\" data-id=\"9713e9e\" data-element_type=\"widget\" data-widget_type=\"icon.default\">\n\t\t\t\t<div class=\"elementor-widget-container\">\n\t\t\t\t\t<div class=\"elementor-icon-wrapper\">\n\t\t\t<div class=\"elementor-icon\">\n\t\t\t<i aria-hidden=\"true\" class=\"fas fa-angle-double-down\"><\/i>\t\t\t<\/div>\n\t\t<\/div>\n\t\t\t\t<\/div>\n\t\t\t\t<\/div>\n\t\t\t\t\t\t<\/div>\n\t\t\t\t\t<\/div>\n\t\t<\/div>\n\t\t\t\t\t\t\t\t<\/div>\n\t\t\t\t\t<\/div>\n\t\t<\/section>\n\t\t\t\t<section class=\"elementor-section elementor-top-section elementor-element elementor-element-bff238d elementor-section-boxed elementor-section-height-default elementor-section-height-default\" data-id=\"bff238d\" data-element_type=\"section\">\n\t\t\t\t\t\t<div class=\"elementor-container elementor-column-gap-default\">\n\t\t\t\t\t\t\t<div class=\"elementor-row\">\n\t\t\t\t\t<div class=\"elementor-column elementor-col-100 elementor-top-column elementor-element elementor-element-f6b86a3\" data-id=\"f6b86a3\" data-element_type=\"column\">\n\t\t\t<div class=\"elementor-column-wrap elementor-element-populated\">\n\t\t\t\t\t\t\t<div class=\"elementor-widget-wrap\">\n\t\t\t\t\t\t<div class=\"elementor-element elementor-element-545cc83 elementor-tabs-view-vertical elementor-widget elementor-widget-tabs\" data-id=\"545cc83\" data-element_type=\"widget\" data-widget_type=\"tabs.default\">\n\t\t\t\t<div class=\"elementor-widget-container\">\n\t\t\t\t\t<div class=\"elementor-tabs\">\n\t\t\t<div class=\"elementor-tabs-wrapper\" role=\"tablist\" >\n\t\t\t\t\t\t\t\t\t<div id=\"elementor-tab-title-8841\" class=\"elementor-tab-title elementor-tab-desktop-title\" aria-selected=\"true\" data-tab=\"1\" role=\"tab\" tabindex=\"0\" aria-controls=\"elementor-tab-content-8841\" aria-expanded=\"false\"><a href=\"\">Nem Pet\u0151fin\u00e9?! \u2013 Gy\u00f6rgyi Kata egy\u00e9ni el\u0151ad\u00e1sa<\/a><\/div>\n\t\t\t\t\t\t\t\t\t<div id=\"elementor-tab-title-8842\" class=\"elementor-tab-title elementor-tab-desktop-title\" aria-selected=\"false\" data-tab=\"2\" role=\"tab\" tabindex=\"-1\" aria-controls=\"elementor-tab-content-8842\" aria-expanded=\"false\"><a href=\"\">A boldog b\u00e9keid\u0151k - a Trio Consort von\u00f3stri\u00f3 koncertje<\/a><\/div>\n\t\t\t\t\t\t\t<\/div>\n\t\t\t<div class=\"elementor-tabs-content-wrapper\" role=\"tablist\" aria-orientation=\"vertical\">\n\t\t\t\t\t\t\t\t\t<div class=\"elementor-tab-title elementor-tab-mobile-title\" aria-selected=\"true\" data-tab=\"1\" role=\"tab\" tabindex=\"0\" aria-controls=\"elementor-tab-content-8841\" aria-expanded=\"false\">Nem Pet\u0151fin\u00e9?! \u2013 Gy\u00f6rgyi Kata egy\u00e9ni el\u0151ad\u00e1sa<\/div>\n\t\t\t\t\t<div id=\"elementor-tab-content-8841\" class=\"elementor-tab-content elementor-clearfix\" data-tab=\"1\" role=\"tabpanel\" aria-labelledby=\"elementor-tab-title-8841\" tabindex=\"0\" hidden=\"false\"><h5 style=\"font-family: Karla, sans-serif\"><strong>0. nap<\/strong><\/h5><h4 style=\"font-family: Karla, sans-serif\"><span style=\"font-weight: bolder\">2025. j\u00falius 09. \u2013 SZERDA<\/span><\/h4><p><strong>Id\u0151pont: <\/strong>19:00-20:30<br \/><strong>Helysz\u00edn:<\/strong> DEENK B\u00f6lcs\u00e9szettudom\u00e1nyi K\u00f6nyvt\u00e1r A Sziget k\u00f6z\u00f6ss\u00e9gi tere (DE F\u0151\u00e9p\u00fclet)<br \/><strong>Bel\u00e9p\u00e9s: <a href=\"https:\/\/unideb.libcal.com\/event\/4380605\">Regisztr\u00e1ci\u00f3hoz k\u00f6t\u00f6tt <\/a><\/strong><br \/>(Regisztr\u00e1ci\u00f3 lej\u00e1r az el\u0151ad\u00e1s el\u0151tt 1 \u00f3r\u00e1val)<br \/><strong>Az el\u0151ad\u00e1s hossza:<\/strong> 50 perc<br \/><strong>Sz\u00ednpadra alkalmazta \u00e9s rendezte:<\/strong> S\u00f3v\u00e1g\u00f3 Csaba<br \/><strong>Forgalmazza:<\/strong> Borosty\u00e1n Produkci\u00f3<\/p><p><img loading=\"lazy\" class=\"size-medium wp-image-36425 alignleft\" src=\"https:\/\/mkevandorgyules.hu\/wp-content\/uploads\/sites\/7\/2025\/06\/nemp1-300x156.jpg\" alt=\"\" width=\"300\" height=\"156\" srcset=\"https:\/\/mkevandorgyules.hu\/wp-content\/uploads\/sites\/7\/2025\/06\/nemp1-300x156.jpg 300w, https:\/\/mkevandorgyules.hu\/wp-content\/uploads\/sites\/7\/2025\/06\/nemp1-1024x532.jpg 1024w, https:\/\/mkevandorgyules.hu\/wp-content\/uploads\/sites\/7\/2025\/06\/nemp1-768x399.jpg 768w, https:\/\/mkevandorgyules.hu\/wp-content\/uploads\/sites\/7\/2025\/06\/nemp1.jpg 1041w\" sizes=\"(max-width: 300px) 100vw, 300px\" \/><\/p><p><em>\u201e[\u2026] J\u00falia csak addig \u00e9rdekel minket, m\u00edg a Pet\u0151fi\u00e9 volt.\u201d<\/em> &#8211; fogalmazta meg Ady Endre.<\/p><p>Mai napig jellemz\u0151, hogy csak Pet\u0151fi \u00f6zvegyek\u00e9nt \u00e9ltetj\u00fck a k\u00f6ztudatban, aki t\u00fal kor\u00e1n \u201eeldobta az \u00f6zvegyi f\u00e1tylat\u201d.<br \/>Pedig ett\u0151l sokkalta t\u00f6bb volt nem Pet\u0151fin\u00e9, nem Horv\u00e1t \u00c1rp\u00e1dn\u00e9, hanem \u00f6n\u00e1ll\u00f3 identit\u00e1st k\u00e9pviselve Szendrey J\u00falia.<br \/>K\u00f6lt\u0151, \u00edr\u00f3, Andersen mes\u00e9inek els\u0151 magyarra ford\u00edt\u00f3ja \u00e9s n\u00e9gy gyermek \u00e9desanyja.<br \/>Sajnos m\u00e9g negyven \u00e9v sem adatott neki, de ilyen r\u00f6vid id\u0151 alatt is jelent\u0151s \u00e9letm\u0171vet hozott l\u00e9tre olyan k\u00f6ltem\u00e9nyekkel, melyek sok\u00e1ig nem l\u00e1ttak napvil\u00e1got. Mint azok a f\u00e1jdalmak \u00e9s trag\u00e9di\u00e1k sem, melyek \u00e9let\u00e9nek m\u00e1sodik fel\u00e9t\u0151l kezdve folyamatosan m\u00e9rgezt\u00e9k \u0151t. Az \u00e1ltala annyira szeretett vir\u00e1gokkal hozhat\u00f3 p\u00e1rhuzamba az \u00e9let\u00e9nek \u00edve is. Bimb\u00f3ba borul\u00e1sa ut\u00e1n ezt a sz\u00ednes, egzotikus vir\u00e1got az \u00e9let gyorsan elvir\u00e1goztatta, ami ut\u00e1na csak sz\u00e1radt \u00e9s fonnyadt, az elm\u00fal\u00e1s ut\u00e1n v\u00e1gyakozva.<\/p><p><strong>Az el\u0151ad\u00e1st k\u00f6<\/strong><strong>vet\u0151en besz\u00e9lget\u00e9s a darab meg\u00e1lmod\u00f3ival \u00e9s Gy\u00f6rgyi Kat\u00e1val.<\/strong><\/p><\/div>\n\t\t\t\t\t\t\t\t\t<div class=\"elementor-tab-title elementor-tab-mobile-title\" aria-selected=\"false\" data-tab=\"2\" role=\"tab\" tabindex=\"-1\" aria-controls=\"elementor-tab-content-8842\" aria-expanded=\"false\">A boldog b\u00e9keid\u0151k - a Trio Consort von\u00f3stri\u00f3 koncertje<\/div>\n\t\t\t\t\t<div id=\"elementor-tab-content-8842\" class=\"elementor-tab-content elementor-clearfix\" data-tab=\"2\" role=\"tabpanel\" aria-labelledby=\"elementor-tab-title-8842\" tabindex=\"0\" hidden=\"hidden\"><h5 style=\"font-family: Karla, sans-serif\">1.<strong> nap<\/strong><\/h5><h4 style=\"font-family: Karla, sans-serif\"><span style=\"font-weight: bolder\">2025. j\u00falius 10. \u2013 CS\u00dcT\u00d6RT\u00d6K<\/span><\/h4><p><b>Id\u0151pont:<\/b>\u00a020:00-21:00<br \/><b>Helysz\u00edn:<\/b> Egyetemi templom<br \/><b>Bel\u00e9p\u00e9s:<\/b> Ingyenes<\/p><p><img loading=\"lazy\" class=\"size-medium wp-image-36387 alignleft\" src=\"https:\/\/mkevandorgyules.hu\/wp-content\/uploads\/sites\/7\/2025\/05\/306903068_534232855176279_3156445834461404932_n-300x272.jpg\" alt=\"\" width=\"300\" height=\"272\" srcset=\"https:\/\/mkevandorgyules.hu\/wp-content\/uploads\/sites\/7\/2025\/05\/306903068_534232855176279_3156445834461404932_n-300x272.jpg 300w, https:\/\/mkevandorgyules.hu\/wp-content\/uploads\/sites\/7\/2025\/05\/306903068_534232855176279_3156445834461404932_n-1024x929.jpg 1024w, https:\/\/mkevandorgyules.hu\/wp-content\/uploads\/sites\/7\/2025\/05\/306903068_534232855176279_3156445834461404932_n-768x697.jpg 768w, https:\/\/mkevandorgyules.hu\/wp-content\/uploads\/sites\/7\/2025\/05\/306903068_534232855176279_3156445834461404932_n.jpg 1440w\" sizes=\"(max-width: 300px) 100vw, 300px\" \/><\/p><p>A boldog b\u00e9keid\u0151k, a monarchia zen\u00e9j\u00e9t, a 19. sz\u00e1zadi Magyarorsz\u00e1g vir\u00e1gz\u00f3 zenei \u00e9let\u00e9nek gy\u00f6ngyszemeit hozz el a Trio Consort von\u00f3s tri\u00f3. Ez a kor gazdag \u00e9s v\u00e1ltozatos st\u00edlus- \u00e9s m\u0171fajkavalk\u00e1dot k\u00edn\u00e1lt, bele\u00e9rtve az oper\u00e1t, az operettet, a szimf\u00f3ni\u00e1t \u00e9s a kamaram\u0171veket is. Erre az id\u0151szakra a romantikus \u00e9s klasszikus elemeket kombin\u00e1l\u00f3 zenei st\u00edlusok voltak jellemz\u0151ek, a m\u00e9ly \u00e9rzelmekkel \u00e9s lelki gazdags\u00e1ggal teli alkot\u00e1sok magukban hordozt\u00e1k a szeretet, elveszt\u00e9s, szenved\u00e9ly \u00e9s hazaszeretet t\u00e9m\u00e1it, ugyanakkor t\u00fckr\u00f6zt\u00e9k a kor t\u00e1rsadalmi \u00e9s politikai esem\u00e9nyeit is.<\/p><p>A Trio Consort von\u00f3s tri\u00f3 tagjai: Simon M\u00e1ria, Vers\u00e1nszky Ildik\u00f3 (heged\u0171), Antal Botond (gordonka) k\u00e9pzett zen\u00e9szek \u00e9s pedag\u00f3gusok.<\/p><p>Zen\u00e9j\u00fckkel, amint a Consort n\u00e9v is t\u00fckr\u00f6zi, az \u00f6ssszhangot, harm\u00f3ni\u00e1t, \u00e9s egyet\u00e9rt\u00e9st igyekeznek k\u00f6zvet\u00edteni. Az egy\u00fcttes nagyon sz\u00e9lesk\u00f6r\u0171 \u00e9s v\u00e1ltozatos reperto\u00e1rj\u00e1ban a klasszikus zene legismertebb \u00e9s kev\u00e9sb\u00e9 ismert gy\u00f6ngyszemeit\u0151l, az operett, k\u00f6nny\u0171zenei \u00e9s mesezen\u00e9s feldolgoz\u00e1sokig minden megtal\u00e1lhat\u00f3. A zenekar rendszeresen koncertezik orsz\u00e1gosan \u00e9s hat\u00e1ron t\u00fal is ki\u00e1ll\u00edt\u00e1s-megnyit\u00f3kon, k\u00f6nyvbemutat\u00f3kon, konferenci\u00e1kon, t\u00e9rzenei programsorozatokon, gyermekeknek sz\u00f3l\u00f3 rendezv\u00e9nyeken, fesztiv\u00e1lokon, zenei \u00e9lm\u00e9nyekkel gazdag\u00edtva a hallgat\u00f3s\u00e1got.<\/p><p>Koncert m\u0171sor\u00e1n az al\u00e1bbi m\u0171vek csend\u00fclnek fel:<br \/>&#8211; Mollenhauer: Nyit\u00e1ny<br \/>&#8211; Poldini Ede: Palot\u00e1s<br \/>&#8211; Bihari J\u00e1nos: Hadik \u00f3bester n\u00f3t\u00e1ja<br \/>&#8211; Leh\u00e1r Ferenc: Szerelem, te f\u00f6ldi mennyorsz\u00e1g \u2013 a Paganini c. oper\u00e1b\u00f3l<br \/>&#8211; Erkel Ferenc: Palot\u00e1s<br \/>&#8211; Leh\u00e1r Ferenc: Arany \u00e9s Ez\u00fcst kering\u0151<br \/>&#8211; Leh\u00e1r Ferenc: Magyar \u00e1br\u00e1nd \u2013 Fant\u00e1zia<br \/>&#8211; Pazeller Jakab: Herkulesf\u00fcrd\u0151i eml\u00e9k<br \/>&#8211; K\u00e9ler B\u00e9la: B\u00e1rtfai eml\u00e9k<br \/>&#8211; Johann Strauss: \u00c9ljen a magyar! Gyors Polka<\/p><\/div>\n\t\t\t\t\t\t\t<\/div>\n\t\t<\/div>\n\t\t\t\t<\/div>\n\t\t\t\t<\/div>\n\t\t\t\t\t\t<\/div>\n\t\t\t\t\t<\/div>\n\t\t<\/div>\n\t\t\t\t\t\t\t\t<\/div>\n\t\t\t\t\t<\/div>\n\t\t<\/section>\n\t\t\t\t\t\t<\/div>\n\t\t\t\t\t\t<\/div>\n\t\t\t\t\t<\/div>\n\t\t","protected":false},"excerpt":{"rendered":"<p>kultur\u00e1lis programok Nem Pet\u0151fin\u00e9?! \u2013 Gy\u00f6rgyi Kata egy\u00e9ni el\u0151ad\u00e1sa A boldog b\u00e9keid\u0151k &#8211; a Trio Consort von\u00f3stri\u00f3 koncertje Nem Pet\u0151fin\u00e9?! \u2013 Gy\u00f6rgyi Kata egy\u00e9ni el\u0151ad\u00e1sa 0. nap 2025. j\u00falius 09. \u2013 SZERDA Id\u0151pont: 19:00-20:30Helysz\u00edn: DEENK B\u00f6lcs\u00e9szettudom\u00e1nyi K\u00f6nyvt\u00e1r A Sziget k\u00f6z\u00f6ss\u00e9gi tere (DE F\u0151\u00e9p\u00fclet)Bel\u00e9p\u00e9s: Regisztr\u00e1ci\u00f3hoz k\u00f6t\u00f6tt (Regisztr\u00e1ci\u00f3 lej\u00e1r az el\u0151ad\u00e1s el\u0151tt 1 \u00f3r\u00e1val)Az el\u0151ad\u00e1s hossza: 50 [&hellip;]<\/p>\n","protected":false},"author":1,"featured_media":0,"parent":0,"menu_order":0,"comment_status":"closed","ping_status":"closed","template":"","meta":[],"yoast_head":"<!-- This site is optimized with the Yoast SEO plugin v16.4 - https:\/\/yoast.com\/wordpress\/plugins\/seo\/ -->\n<title>Kultur\u00e1lis programok | MKE 56. V\u00e1ndorgy\u0171l\u00e9s<\/title>\n<meta name=\"robots\" content=\"index, follow, max-snippet:-1, max-image-preview:large, max-video-preview:-1\" \/>\n<link rel=\"canonical\" href=\"https:\/\/mkevandorgyules.hu\/kulturalis-programok\/\" \/>\n<meta property=\"og:locale\" content=\"hu_HU\" \/>\n<meta property=\"og:type\" content=\"article\" \/>\n<meta property=\"og:title\" content=\"Kultur\u00e1lis programok | MKE 56. V\u00e1ndorgy\u0171l\u00e9s\" \/>\n<meta property=\"og:description\" content=\"kultur\u00e1lis programok Nem Pet\u0151fin\u00e9?! \u2013 Gy\u00f6rgyi Kata egy\u00e9ni el\u0151ad\u00e1sa A boldog b\u00e9keid\u0151k &#8211; a Trio Consort von\u00f3stri\u00f3 koncertje Nem Pet\u0151fin\u00e9?! \u2013 Gy\u00f6rgyi Kata egy\u00e9ni el\u0151ad\u00e1sa 0. nap 2025. j\u00falius 09. \u2013 SZERDA Id\u0151pont: 19:00-20:30Helysz\u00edn: DEENK B\u00f6lcs\u00e9szettudom\u00e1nyi K\u00f6nyvt\u00e1r A Sziget k\u00f6z\u00f6ss\u00e9gi tere (DE F\u0151\u00e9p\u00fclet)Bel\u00e9p\u00e9s: Regisztr\u00e1ci\u00f3hoz k\u00f6t\u00f6tt (Regisztr\u00e1ci\u00f3 lej\u00e1r az el\u0151ad\u00e1s el\u0151tt 1 \u00f3r\u00e1val)Az el\u0151ad\u00e1s hossza: 50 [&hellip;]\" \/>\n<meta property=\"og:url\" content=\"https:\/\/mkevandorgyules.hu\/kulturalis-programok\/\" \/>\n<meta property=\"og:site_name\" content=\"MKE 56. V\u00e1ndorgy\u0171l\u00e9s\" \/>\n<meta property=\"article:modified_time\" content=\"2025-06-30T10:01:36+00:00\" \/>\n<meta property=\"og:image\" content=\"https:\/\/mkevandorgyules.hu\/wp-content\/uploads\/sites\/7\/2025\/06\/nemp1-300x156.jpg\" \/>\n<meta name=\"twitter:card\" content=\"summary_large_image\" \/>\n<meta name=\"twitter:label1\" content=\"Becs\u00fclt olvas\u00e1si id\u0151\" \/>\n\t<meta name=\"twitter:data1\" content=\"4 perc\" \/>\n<script type=\"application\/ld+json\" class=\"yoast-schema-graph\">{\"@context\":\"https:\/\/schema.org\",\"@graph\":[{\"@type\":\"WebSite\",\"@id\":\"https:\/\/mkevandorgyules.hu\/#website\",\"url\":\"https:\/\/mkevandorgyules.hu\/\",\"name\":\"MKE 56. V\\u00e1ndorgy\\u0171l\\u00e9s\",\"description\":\"2025. j\\u00falius 9-12., Debrecen\",\"potentialAction\":[{\"@type\":\"SearchAction\",\"target\":\"https:\/\/mkevandorgyules.hu\/?s={search_term_string}\",\"query-input\":\"required name=search_term_string\"}],\"inLanguage\":\"hu\"},{\"@type\":\"ImageObject\",\"@id\":\"https:\/\/mkevandorgyules.hu\/kulturalis-programok\/#primaryimage\",\"inLanguage\":\"hu\",\"url\":\"https:\/\/mkevandorgyules.hu\/wp-content\/uploads\/sites\/7\/2025\/06\/nemp1.jpg\",\"contentUrl\":\"https:\/\/mkevandorgyules.hu\/wp-content\/uploads\/sites\/7\/2025\/06\/nemp1.jpg\",\"width\":1041,\"height\":541},{\"@type\":\"WebPage\",\"@id\":\"https:\/\/mkevandorgyules.hu\/kulturalis-programok\/#webpage\",\"url\":\"https:\/\/mkevandorgyules.hu\/kulturalis-programok\/\",\"name\":\"Kultur\\u00e1lis programok | MKE 56. V\\u00e1ndorgy\\u0171l\\u00e9s\",\"isPartOf\":{\"@id\":\"https:\/\/mkevandorgyules.hu\/#website\"},\"primaryImageOfPage\":{\"@id\":\"https:\/\/mkevandorgyules.hu\/kulturalis-programok\/#primaryimage\"},\"datePublished\":\"2021-05-20T12:57:26+00:00\",\"dateModified\":\"2025-06-30T10:01:36+00:00\",\"breadcrumb\":{\"@id\":\"https:\/\/mkevandorgyules.hu\/kulturalis-programok\/#breadcrumb\"},\"inLanguage\":\"hu\",\"potentialAction\":[{\"@type\":\"ReadAction\",\"target\":[\"https:\/\/mkevandorgyules.hu\/kulturalis-programok\/\"]}]},{\"@type\":\"BreadcrumbList\",\"@id\":\"https:\/\/mkevandorgyules.hu\/kulturalis-programok\/#breadcrumb\",\"itemListElement\":[{\"@type\":\"ListItem\",\"position\":1,\"item\":{\"@type\":\"WebPage\",\"@id\":\"https:\/\/mkevandorgyules.hu\/\",\"url\":\"https:\/\/mkevandorgyules.hu\/\",\"name\":\"Home\"}},{\"@type\":\"ListItem\",\"position\":2,\"item\":{\"@id\":\"https:\/\/mkevandorgyules.hu\/kulturalis-programok\/#webpage\"}}]}]}<\/script>\n<!-- \/ Yoast SEO plugin. -->","_links":{"self":[{"href":"https:\/\/mkevandorgyules.hu\/wp-json\/wp\/v2\/pages\/1416"}],"collection":[{"href":"https:\/\/mkevandorgyules.hu\/wp-json\/wp\/v2\/pages"}],"about":[{"href":"https:\/\/mkevandorgyules.hu\/wp-json\/wp\/v2\/types\/page"}],"author":[{"embeddable":true,"href":"https:\/\/mkevandorgyules.hu\/wp-json\/wp\/v2\/users\/1"}],"replies":[{"embeddable":true,"href":"https:\/\/mkevandorgyules.hu\/wp-json\/wp\/v2\/comments?post=1416"}],"version-history":[{"count":282,"href":"https:\/\/mkevandorgyules.hu\/wp-json\/wp\/v2\/pages\/1416\/revisions"}],"predecessor-version":[{"id":36859,"href":"https:\/\/mkevandorgyules.hu\/wp-json\/wp\/v2\/pages\/1416\/revisions\/36859"}],"wp:attachment":[{"href":"https:\/\/mkevandorgyules.hu\/wp-json\/wp\/v2\/media?parent=1416"}],"curies":[{"name":"wp","href":"https:\/\/api.w.org\/{rel}","templated":true}]}}