{"id":1420,"date":"2021-05-20T12:57:56","date_gmt":"2021-05-20T10:57:56","guid":{"rendered":"https:\/\/vandorgyules.hermeszsoft.hu\/?page_id=1420"},"modified":"2025-07-10T12:16:26","modified_gmt":"2025-07-10T10:16:26","slug":"kiegeszito-programok","status":"publish","type":"page","link":"https:\/\/mkevandorgyules.hu\/kiegeszito-programok\/","title":{"rendered":"Kieg\u00e9sz\u00edt\u0151 programok"},"content":{"rendered":"\t\t<div data-elementor-type=\"wp-page\" data-elementor-id=\"1420\" class=\"elementor elementor-1420\" data-elementor-settings=\"[]\">\n\t\t\t\t\t\t<div class=\"elementor-inner\">\n\t\t\t\t\t\t\t<div class=\"elementor-section-wrap\">\n\t\t\t\t\t\t\t<section class=\"elementor-section elementor-top-section elementor-element elementor-element-ac5fdfe elementor-section-boxed elementor-section-height-default elementor-section-height-default\" data-id=\"ac5fdfe\" data-element_type=\"section\">\n\t\t\t\t\t\t<div class=\"elementor-container elementor-column-gap-default\">\n\t\t\t\t\t\t\t<div class=\"elementor-row\">\n\t\t\t\t\t<div class=\"elementor-column elementor-col-100 elementor-top-column elementor-element elementor-element-23e47e7\" data-id=\"23e47e7\" data-element_type=\"column\">\n\t\t\t<div class=\"elementor-column-wrap elementor-element-populated\">\n\t\t\t\t\t\t\t<div class=\"elementor-widget-wrap\">\n\t\t\t\t\t\t<div class=\"elementor-element elementor-element-5831a1a elementor-widget elementor-widget-heading\" data-id=\"5831a1a\" data-element_type=\"widget\" data-widget_type=\"heading.default\">\n\t\t\t\t<div class=\"elementor-widget-container\">\n\t\t\t<h2 class=\"elementor-heading-title elementor-size-default\">MKE 56. V\u00e1ndorgy\u0171l\u00e9s<\/h2>\t\t<\/div>\n\t\t\t\t<\/div>\n\t\t\t\t<div class=\"elementor-element elementor-element-89fba7e elementor-widget elementor-widget-heading\" data-id=\"89fba7e\" data-element_type=\"widget\" data-widget_type=\"heading.default\">\n\t\t\t\t<div class=\"elementor-widget-container\">\n\t\t\t<h2 class=\"elementor-heading-title elementor-size-default\">kieg\u00e9sz\u00edt\u0151 programok<\/h2>\t\t<\/div>\n\t\t\t\t<\/div>\n\t\t\t\t<div class=\"elementor-element elementor-element-7ed4fb5 elementor-view-default elementor-widget elementor-widget-icon\" data-id=\"7ed4fb5\" data-element_type=\"widget\" data-widget_type=\"icon.default\">\n\t\t\t\t<div class=\"elementor-widget-container\">\n\t\t\t\t\t<div class=\"elementor-icon-wrapper\">\n\t\t\t<div class=\"elementor-icon\">\n\t\t\t<i aria-hidden=\"true\" class=\"fas fa-angle-double-down\"><\/i>\t\t\t<\/div>\n\t\t<\/div>\n\t\t\t\t<\/div>\n\t\t\t\t<\/div>\n\t\t\t\t\t\t<\/div>\n\t\t\t\t\t<\/div>\n\t\t<\/div>\n\t\t\t\t\t\t\t\t<\/div>\n\t\t\t\t\t<\/div>\n\t\t<\/section>\n\t\t\t\t<section class=\"elementor-section elementor-top-section elementor-element elementor-element-a8c19c3 elementor-section-boxed elementor-section-height-default elementor-section-height-default\" data-id=\"a8c19c3\" data-element_type=\"section\">\n\t\t\t\t\t\t<div class=\"elementor-container elementor-column-gap-default\">\n\t\t\t\t\t\t\t<div class=\"elementor-row\">\n\t\t\t\t\t<div class=\"elementor-column elementor-col-100 elementor-top-column elementor-element elementor-element-2c8b15d\" data-id=\"2c8b15d\" data-element_type=\"column\">\n\t\t\t<div class=\"elementor-column-wrap elementor-element-populated\">\n\t\t\t\t\t\t\t<div class=\"elementor-widget-wrap\">\n\t\t\t\t\t\t<div class=\"elementor-element elementor-element-d5891a9 elementor-widget elementor-widget-spacer\" data-id=\"d5891a9\" data-element_type=\"widget\" data-widget_type=\"spacer.default\">\n\t\t\t\t<div class=\"elementor-widget-container\">\n\t\t\t\t\t<div class=\"elementor-spacer\">\n\t\t\t<div class=\"elementor-spacer-inner\"><\/div>\n\t\t<\/div>\n\t\t\t\t<\/div>\n\t\t\t\t<\/div>\n\t\t\t\t<div class=\"elementor-element elementor-element-f6699cb elementor-tabs-view-vertical elementor-widget elementor-widget-tabs\" data-id=\"f6699cb\" data-element_type=\"widget\" data-widget_type=\"tabs.default\">\n\t\t\t\t<div class=\"elementor-widget-container\">\n\t\t\t\t\t<div class=\"elementor-tabs\">\n\t\t\t<div class=\"elementor-tabs-wrapper\" role=\"tablist\" >\n\t\t\t\t\t\t\t\t\t<div id=\"elementor-tab-title-2581\" class=\"elementor-tab-title elementor-tab-desktop-title\" aria-selected=\"true\" data-tab=\"1\" role=\"tab\" tabindex=\"0\" aria-controls=\"elementor-tab-content-2581\" aria-expanded=\"false\"><a href=\"\">K\u00f6nyvt\u00e1ri k\u00f6rbevezet\u00e9sek<\/a><\/div>\n\t\t\t\t\t\t\t\t\t<div id=\"elementor-tab-title-2582\" class=\"elementor-tab-title elementor-tab-desktop-title\" aria-selected=\"false\" data-tab=\"2\" role=\"tab\" tabindex=\"-1\" aria-controls=\"elementor-tab-content-2582\" aria-expanded=\"false\"><a href=\"\">V\u00e1rosi s\u00e9ta<\/a><\/div>\n\t\t\t\t\t\t\t\t\t<div id=\"elementor-tab-title-2583\" class=\"elementor-tab-title elementor-tab-desktop-title\" aria-selected=\"false\" data-tab=\"3\" role=\"tab\" tabindex=\"-1\" aria-controls=\"elementor-tab-content-2583\" aria-expanded=\"false\"><a href=\"\">S\u00e9ta a  botanikus kertben<\/a><\/div>\n\t\t\t\t\t\t\t\t\t<div id=\"elementor-tab-title-2584\" class=\"elementor-tab-title elementor-tab-desktop-title\" aria-selected=\"false\" data-tab=\"4\" role=\"tab\" tabindex=\"-1\" aria-controls=\"elementor-tab-content-2584\" aria-expanded=\"false\"><a href=\"\">Tai chi<\/a><\/div>\n\t\t\t\t\t\t\t<\/div>\n\t\t\t<div class=\"elementor-tabs-content-wrapper\" role=\"tablist\" aria-orientation=\"vertical\">\n\t\t\t\t\t\t\t\t\t<div class=\"elementor-tab-title elementor-tab-mobile-title\" aria-selected=\"true\" data-tab=\"1\" role=\"tab\" tabindex=\"0\" aria-controls=\"elementor-tab-content-2581\" aria-expanded=\"false\">K\u00f6nyvt\u00e1ri k\u00f6rbevezet\u00e9sek<\/div>\n\t\t\t\t\t<div id=\"elementor-tab-content-2581\" class=\"elementor-tab-content elementor-clearfix\" data-tab=\"1\" role=\"tabpanel\" aria-labelledby=\"elementor-tab-title-2581\" tabindex=\"0\" hidden=\"false\"><h3 style=\"text-align: center\" data-start=\"216\" data-end=\"602\"><strong>K\u00f6nyvt\u00e1rl\u00e1togat\u00e1sok<\/strong><\/h3>\n<p data-start=\"216\" data-end=\"602\"><span style=\"font-size: 1rem\">A V\u00e1ndorgy\u0171l\u00e9s alkalm\u00e1b\u00f3l lehet\u0151s\u00e9g ny\u00edlik arra, hogy a r\u00e9sztvev\u0151k k\u00f6zelebbr\u0151l is megismerkedjenek a Debreceni Egyetem Egyetemi \u00e9s Nemzeti K\u00f6nyvt\u00e1r egyes egys\u00e9geivel.\u00a0<\/span><\/p>\n<p data-start=\"604\" data-end=\"996\">A l\u00e1togat\u00e1sok alkalm\u00e1val bemutat\u00e1sra ker\u00fclnek a k\u00f6nyvt\u00e1rak szolg\u00e1ltat\u00e1sai, tereinek kialak\u00edt\u00e1sa, a dokumentum\u00e1llom\u00e1ny elrendez\u00e9se, valamint \u2013 a lehet\u0151s\u00e9gekhez m\u00e9rten \u2013 a h\u00e1tt\u00e9rfolyamatok egy-egy r\u00e9szlete is.<\/p>\n<p data-start=\"604\" data-end=\"996\">A s\u00e9ta sor\u00e1n lehet\u0151s\u00e9g ny\u00edlik k\u00e9rd\u00e9sekre, szakmai eszmecser\u00e9re, tapasztalatcser\u00e9re is, a h\u00e1zigazda k\u00f6nyvt\u00e1rosok pedig sz\u00edvesen osztanak meg gyakorlati inform\u00e1ci\u00f3kat \u00e9s j\u00f3gyakorlatokat.<\/p>\n<p data-start=\"998\" data-end=\"1098\">A k\u00f6rbevezet\u00e9sek nem ig\u00e9nyelnek k\u00fcl\u00f6n regisztr\u00e1ci\u00f3t, szabadon l\u00e1togathat\u00f3k a megjel\u00f6lt id\u0151pontokban.<\/p>\n<p data-start=\"998\" data-end=\"1098\"><strong>Tal\u00e1lkoz\u00f3 helysz\u00edne: <\/strong>F\u0151\u00e9p\u00fclet, k\u00f6nyvt\u00e1r el\u0151csarnoka<\/p>\n\n<table border=\"1\" cellspacing=\"0\" cellpadding=\"8\">\n<thead>\n<tr>\n<th>Helysz\u00edn<\/th>\n<th>Szerda (j\u00falius 9.)<\/th>\n<th>Cs\u00fct\u00f6rt\u00f6k (j\u00falius 10.)<\/th>\n<th>P\u00e9ntek (j\u00falius 11.)<\/th>\n<\/tr>\n<\/thead>\n<tbody>\n<tr>\n<td><b>B\u00f6lcs\u00e9szettudom\u00e1nyi \u00e9s \u00c9let- \u00e9s Term\u00e9szettudom\u00e1nyi K\u00f6nyvt\u00e1r<\/b><\/td>\n<td>14.00-15.00<\/td>\n<td>14.00-15.00<\/td>\n<td>12.00-13.00<\/td>\n<\/tr>\n<tr>\n<td><b>B\u00f6sz\u00f6rm\u00e9nyi \u00fati Campus K\u00f6nyvt\u00e1ra<\/b><\/td>\n<td><span style=\"font-size: 14.4px;background-color: #ffffff\">15.00-16.00<\/span><\/td>\n<td>\u2013<\/td>\n<td>\u2013<\/td>\n<\/tr>\n<\/tbody>\n<\/table><\/div>\n\t\t\t\t\t\t\t\t\t<div class=\"elementor-tab-title elementor-tab-mobile-title\" aria-selected=\"false\" data-tab=\"2\" role=\"tab\" tabindex=\"-1\" aria-controls=\"elementor-tab-content-2582\" aria-expanded=\"false\">V\u00e1rosi s\u00e9ta<\/div>\n\t\t\t\t\t<div id=\"elementor-tab-content-2582\" class=\"elementor-tab-content elementor-clearfix\" data-tab=\"2\" role=\"tabpanel\" aria-labelledby=\"elementor-tab-title-2582\" tabindex=\"0\" hidden=\"hidden\"><h3 style=\"text-align: center\" data-start=\"170\" data-end=\"218\"><strong data-start=\"170\" data-end=\"218\">V\u00e1rosi s\u00e9ta Debrecenben<\/strong><\/h3><p data-start=\"220\" data-end=\"603\"><span style=\"font-weight: bolder\" data-start=\"849\" data-end=\"861\">Id\u0151pont:<\/span>\u00a02025. j\u00falius 9 (szerda), 16.00\u00a0<br data-start=\"897\" data-end=\"900\" \/><span style=\"font-weight: bolder\" data-start=\"988\" data-end=\"1002\">Id\u0151tartam:<\/span>\u00a0kb. 60 perc<br \/><strong>Tal\u00e1lkoz\u00f3 helye \u00e9s ideje: <\/strong>F\u0151\u00e9p\u00fclet porta 15:45<\/p><p data-start=\"220\" data-end=\"603\"><span style=\"font-size: 1rem\">A V\u00e1ndorgy\u0171l\u00e9s r\u00e9sztvev\u0151inek lehet\u0151s\u00e9g\u00fck ny\u00edlik arra is, hogy egy k\u00f6tetlen v\u00e1rosi s\u00e9ta keret\u00e9ben fedezz\u00e9k fel Debrecent \u2013 nemcsak \u00e9p\u00fcleteit \u00e9s tereit, hanem t\u00f6rt\u00e9neteit is. A s\u00e9ta sor\u00e1n helyi k\u00f6nyvt\u00e1ros koll\u00e9g\u00e1k kalauzolj\u00e1k az \u00e9rdekl\u0151d\u0151ket a v\u00e1ros fontosabb pontjain kereszt\u00fcl, mik\u00f6zben sz\u00f3 esik kultur\u00e1lis \u00f6r\u00f6ks\u00e9gr\u0151l, k\u00f6nyvt\u00e1rt\u00f6rt\u00e9netr\u0151l, \u00e9rdekess\u00e9gekr\u0151l \u00e9s rejtett r\u00e9szletekr\u0151l is.<\/span><\/p><p data-start=\"605\" data-end=\"768\">A program c\u00e9lja nem a klasszikus idegenvezet\u00e9s, hanem egy k\u00f6nnyed, besz\u00e9lget\u0151s, \u00e9lm\u00e9nyalap\u00fa s\u00e9ta, amely lehet\u0151s\u00e9get ad a tal\u00e1lkoz\u00e1sra a v\u00e1rossal \u2013 \u00e9s egym\u00e1ssal is.<\/p><p data-start=\"770\" data-end=\"847\">A s\u00e9ta nem ig\u00e9nyel k\u00fcl\u00f6n regisztr\u00e1ci\u00f3t, minden \u00e9rdekl\u0151d\u0151t szeretettel v\u00e1runk!<\/p><p data-start=\"849\" data-end=\"1017\">\u00a0<\/p><\/div>\n\t\t\t\t\t\t\t\t\t<div class=\"elementor-tab-title elementor-tab-mobile-title\" aria-selected=\"false\" data-tab=\"3\" role=\"tab\" tabindex=\"-1\" aria-controls=\"elementor-tab-content-2583\" aria-expanded=\"false\">S\u00e9ta a  botanikus kertben<\/div>\n\t\t\t\t\t<div id=\"elementor-tab-content-2583\" class=\"elementor-tab-content elementor-clearfix\" data-tab=\"3\" role=\"tabpanel\" aria-labelledby=\"elementor-tab-title-2583\" tabindex=\"0\" hidden=\"hidden\"><h3 style=\"text-align: center\" data-ogsc=\"black\"><strong>Vezetett s\u00e9ta a Debreceni Egyetem Botanikus Kertj\u00e9ben<\/strong><\/h3><div data-ogsc=\"black\">\u00a0<\/div><div data-ogsc=\"black\"><span style=\"font-size: 1rem\"><strong>Id\u0151tartam:<\/strong>\u00a0kb. 60 perc<\/span><\/div><div><p><strong>Helysz\u00edn:\u00a0<\/strong>Debreceni Egyetem Botanikus Kertje<\/p><p>K\u00eds\u00e9r\u0151programk\u00e9nt aj\u00e1nljuk mindazoknak,\u00a0akik \u00e9rdekl\u0151dnek a term\u00e9szettudom\u00e1nyok, a botanikai \u00f6r\u00f6ks\u00e9g, illetve a k\u00f6nyvt\u00e1ri gy\u0171jtem\u00e9nyek tudom\u00e1nyt\u00f6rt\u00e9neti kincsei ir\u00e1nt.<\/p><\/div><div data-ogsc=\"black\">\u00a0<\/div><div data-ogsc=\"black\">A V\u00e1ndorgy\u0171l\u00e9s r\u00e9sztvev\u0151i sz\u00e1m\u00e1ra lehet\u0151s\u00e9g ny\u00edlik 1 \u00f3r\u00e1s vezetett s\u00e9ta keret\u00e9ben megismerni a Debreceni Egyetem Botanikus Kertj\u00e9nek \u00e9rt\u00e9keit. A t\u00far\u00e1t A. Babits Melinda, biol\u00f3gus, a DEENK biol\u00f3gia-k\u00e9mia szakt\u00e1j\u00e9koztat\u00f3 k\u00f6nyvt\u00e1rosa vezeti, aki szakmai betekint\u00e9st ny\u00fajt a kert term\u00e9szeti \u00e9s tudom\u00e1nyt\u00f6rt\u00e9neti \u00e9rdekess\u00e9geibe.<\/div><div data-ogsc=\"black\">A s\u00e9ta sor\u00e1n a l\u00e1togat\u00f3k betekint\u00e9st nyerhetnek a p\u00e1lmah\u00e1z \u00e9s a pozsg\u00e1s n\u00f6v\u00e9nyh\u00e1z k\u00fcl\u00f6nleges n\u00f6v\u00e9nygy\u0171jtem\u00e9nyeibe, megtekinthetik a t\u00f3 partj\u00e1n \u00e1ll\u00f3 Di\u00f3szegi S\u00e1muel \u00e9s Fazekas Mih\u00e1ly szoborp\u00e1rt \u2013 a \u201eMagyar F\u00fcv\u00e9sz K\u00f6nyv\u201d szerz\u0151inek eml\u00e9k\u00e9t \u2013 , valamint So\u00f3 Rezs\u0151nek, a kert alap\u00edt\u00f3 professzor\u00e1nak eml\u00e9kt\u00e1bl\u00e1j\u00e1t is. A t\u00fara sor\u00e1n sz\u00f3 esik az arbor\u00e9tum gazdag \u00e9l\u0151vil\u00e1g\u00e1r\u00f3l, a kert oktat\u00e1si-kutat\u00e1si szerep\u00e9r\u0151l, \u00e9s \u00e9rintj\u00fck a botanikus kert t\u00f6rt\u00e9neti \u00e9p\u00fcleteit is.<\/div><div data-ogsc=\"black\">A program szorosan kapcsol\u00f3dik a V\u00e1ndorgy\u0171l\u00e9s alatt megtekinthet\u0151 ki\u00e1ll\u00edt\u00e1shoz, amely a n\u00f6v\u00e9ny- \u00e9s \u00e1llat\u00e1br\u00e1zol\u00e1s tudom\u00e1nyos \u00e9s m\u0171v\u00e9szeti hagyom\u00e1ny\u00e1t mutatja be a 17. sz\u00e1zadt\u00f3l a 20. sz\u00e1zad elej\u00e9ig. A ki\u00e1ll\u00edt\u00e1s k\u00fcl\u00f6nlegess\u00e9gei k\u00f6z\u00e9 tartozik t\u00f6bbek k\u00f6z\u00f6tt a Di\u00f3szegi \u00e9s Fazekas \u00e1ltal \u00edrt Magyar F\u00fcv\u00e9sz K\u00f6nyv 1807-es p\u00e9ld\u00e1nya is.<br \/><br \/><\/div><table border=\"1\" cellspacing=\"0\" cellpadding=\"8\"><tbody><tr><td>2025. j\u00falius 10. (cs\u00fct\u00f6rt\u00f6k)<\/td><td>9:00-10.00<\/td><td><strong><a href=\"https:\/\/unideb.libcal.com\/event\/4380674\">Regisztr\u00e1ci\u00f3<\/a><\/strong><\/td><\/tr><tr><td>2025. j\u00falius 11. (p\u00e9ntek)<\/td><td>8:00-9.00<\/td><td><strong><a href=\"https:\/\/unideb.libcal.com\/event\/4380675\">Regisztr\u00e1ci\u00f3<\/a><\/strong><\/td><\/tr><\/tbody><\/table><\/div>\n\t\t\t\t\t\t\t\t\t<div class=\"elementor-tab-title elementor-tab-mobile-title\" aria-selected=\"false\" data-tab=\"4\" role=\"tab\" tabindex=\"-1\" aria-controls=\"elementor-tab-content-2584\" aria-expanded=\"false\">Tai chi<\/div>\n\t\t\t\t\t<div id=\"elementor-tab-content-2584\" class=\"elementor-tab-content elementor-clearfix\" data-tab=\"4\" role=\"tabpanel\" aria-labelledby=\"elementor-tab-title-2584\" tabindex=\"0\" hidden=\"hidden\"><h3 style=\"text-align: center\"><strong>Tai chi<\/strong><\/h3><p><strong>Id\u0151pont:<\/strong> 2025. j\u00falius 10. (cs\u00fct\u00f6rt\u00f6k) 8.00-9.00<br \/><!--StartFragment--><strong>Helysz\u00edn:<\/strong>\u00a0F\u0151\u00e9p\u00fclet, B\u00f6lcs\u00e9szettudom\u00e1nyi K\u00f6nyvt\u00e1r Olvas\u00f3terem<\/p><p><span style=\"font-size: 1rem\">A V\u00e1ndorgy\u0171l\u00e9s ideje alatt lehet\u0151s\u00e9g ny\u00edlik r\u00e9szt venni egy k\u00f6z\u00f6s gyakorl\u00e1son, melyet Lakfalvin\u00e9 Sz\u00f6gedi Gabriella vezet.<\/span><\/p><p>A foglalkoz\u00e1son a Yang Tai Chi Chuan m\u0171vel\u00e9s\u00e9re felk\u00e9sz\u00edt\u0151, bels\u0151 munk\u00e1ra ir\u00e1nyul\u00f3 Nei Gong gyakorlatokat v\u00e9gezz\u00fck. Reggeli felfriss\u00fcl\u00e9sk\u00e9nt ny\u00fajt\u00e1ssal \u00e9s laz\u00edt\u00e1ssal, csavar\u00e1sokkal mozg\u00e1sba hozzuk a testet \u00e9s az energiarendszert. Megismerked\u00fcnk n\u00e9h\u00e1ny, az eg\u00e9szs\u00e9g karbantart\u00e1s\u00e1ra is alkalmas gyakorlattal.<\/p><p>A gyakorlatok laza \u00f6lt\u00f6z\u00e9kben k\u00f6nnyebben v\u00e9gezhet\u0151ek, de a mozg\u00e1s semmilyen speci\u00e1lis viseletet nem ig\u00e9nyel.<\/p><p><br data-start=\"594\" data-end=\"597\" \/>Minden r\u00e9sztvev\u0151nek \u00f6r\u00f6mteli gyakorl\u00e1st k\u00edv\u00e1nunk!<\/p><\/div>\n\t\t\t\t\t\t\t<\/div>\n\t\t<\/div>\n\t\t\t\t<\/div>\n\t\t\t\t<\/div>\n\t\t\t\t<div class=\"elementor-element elementor-element-2341439 elementor-widget elementor-widget-spacer\" data-id=\"2341439\" data-element_type=\"widget\" data-widget_type=\"spacer.default\">\n\t\t\t\t<div class=\"elementor-widget-container\">\n\t\t\t\t\t<div class=\"elementor-spacer\">\n\t\t\t<div class=\"elementor-spacer-inner\"><\/div>\n\t\t<\/div>\n\t\t\t\t<\/div>\n\t\t\t\t<\/div>\n\t\t\t\t<div class=\"elementor-element elementor-element-7e58ec9 elementor-widget elementor-widget-text-editor\" data-id=\"7e58ec9\" data-element_type=\"widget\" data-widget_type=\"text-editor.default\">\n\t\t\t\t<div class=\"elementor-widget-container\">\n\t\t\t\t\t\t\t\t<div class=\"elementor-text-editor elementor-clearfix\">\n\t\t\t\t\t\t\t\t\t\t<\/div>\n\t\t\t\t\t\t<\/div>\n\t\t\t\t<\/div>\n\t\t\t\t\t\t<\/div>\n\t\t\t\t\t<\/div>\n\t\t<\/div>\n\t\t\t\t\t\t\t\t<\/div>\n\t\t\t\t\t<\/div>\n\t\t<\/section>\n\t\t\t\t\t\t<\/div>\n\t\t\t\t\t\t<\/div>\n\t\t\t\t\t<\/div>\n\t\t","protected":false},"excerpt":{"rendered":"<p>kieg\u00e9sz\u00edt\u0151 programok K\u00f6nyvt\u00e1ri k\u00f6rbevezet\u00e9sek V\u00e1rosi s\u00e9ta S\u00e9ta a botanikus kertben Tai chi K\u00f6nyvt\u00e1ri k\u00f6rbevezet\u00e9sek K\u00f6nyvt\u00e1rl\u00e1togat\u00e1sok A V\u00e1ndorgy\u0171l\u00e9s alkalm\u00e1b\u00f3l lehet\u0151s\u00e9g ny\u00edlik arra, hogy a r\u00e9sztvev\u0151k k\u00f6zelebbr\u0151l is megismerkedjenek a Debreceni Egyetem Egyetemi \u00e9s Nemzeti K\u00f6nyvt\u00e1r egyes egys\u00e9geivel.\u00a0 A l\u00e1togat\u00e1sok alkalm\u00e1val bemutat\u00e1sra ker\u00fclnek a k\u00f6nyvt\u00e1rak szolg\u00e1ltat\u00e1sai, tereinek kialak\u00edt\u00e1sa, a dokumentum\u00e1llom\u00e1ny elrendez\u00e9se, valamint \u2013 a lehet\u0151s\u00e9gekhez m\u00e9rten \u2013 [&hellip;]<\/p>\n","protected":false},"author":1,"featured_media":0,"parent":0,"menu_order":0,"comment_status":"closed","ping_status":"closed","template":"","meta":[],"yoast_head":"<!-- This site is optimized with the Yoast SEO plugin v16.4 - https:\/\/yoast.com\/wordpress\/plugins\/seo\/ -->\n<title>Kieg\u00e9sz\u00edt\u0151 programok | MKE 56. V\u00e1ndorgy\u0171l\u00e9s<\/title>\n<meta name=\"robots\" content=\"index, follow, max-snippet:-1, max-image-preview:large, max-video-preview:-1\" \/>\n<link rel=\"canonical\" href=\"https:\/\/mkevandorgyules.hu\/kiegeszito-programok\/\" \/>\n<meta property=\"og:locale\" content=\"hu_HU\" \/>\n<meta property=\"og:type\" content=\"article\" \/>\n<meta property=\"og:title\" content=\"Kieg\u00e9sz\u00edt\u0151 programok | MKE 56. V\u00e1ndorgy\u0171l\u00e9s\" \/>\n<meta property=\"og:description\" content=\"kieg\u00e9sz\u00edt\u0151 programok K\u00f6nyvt\u00e1ri k\u00f6rbevezet\u00e9sek V\u00e1rosi s\u00e9ta S\u00e9ta a botanikus kertben Tai chi K\u00f6nyvt\u00e1ri k\u00f6rbevezet\u00e9sek K\u00f6nyvt\u00e1rl\u00e1togat\u00e1sok A V\u00e1ndorgy\u0171l\u00e9s alkalm\u00e1b\u00f3l lehet\u0151s\u00e9g ny\u00edlik arra, hogy a r\u00e9sztvev\u0151k k\u00f6zelebbr\u0151l is megismerkedjenek a Debreceni Egyetem Egyetemi \u00e9s Nemzeti K\u00f6nyvt\u00e1r egyes egys\u00e9geivel.\u00a0 A l\u00e1togat\u00e1sok alkalm\u00e1val bemutat\u00e1sra ker\u00fclnek a k\u00f6nyvt\u00e1rak szolg\u00e1ltat\u00e1sai, tereinek kialak\u00edt\u00e1sa, a dokumentum\u00e1llom\u00e1ny elrendez\u00e9se, valamint \u2013 a lehet\u0151s\u00e9gekhez m\u00e9rten \u2013 [&hellip;]\" \/>\n<meta property=\"og:url\" content=\"https:\/\/mkevandorgyules.hu\/kiegeszito-programok\/\" \/>\n<meta property=\"og:site_name\" content=\"MKE 56. V\u00e1ndorgy\u0171l\u00e9s\" \/>\n<meta property=\"article:modified_time\" content=\"2025-07-10T10:16:26+00:00\" \/>\n<meta property=\"og:image\" content=\"https:\/\/mkevandorgyules.hu\/wp-content\/uploads\/sites\/7\/2025\/03\/Debrecen_vandorgyules_logo2.jpg\" \/>\n\t<meta property=\"og:image:width\" content=\"2115\" \/>\n\t<meta property=\"og:image:height\" content=\"1838\" \/>\n<meta name=\"twitter:card\" content=\"summary_large_image\" \/>\n<meta name=\"twitter:label1\" content=\"Becs\u00fclt olvas\u00e1si id\u0151\" \/>\n\t<meta name=\"twitter:data1\" content=\"1 perc\" \/>\n<script type=\"application\/ld+json\" class=\"yoast-schema-graph\">{\"@context\":\"https:\/\/schema.org\",\"@graph\":[{\"@type\":\"WebSite\",\"@id\":\"https:\/\/mkevandorgyules.hu\/#website\",\"url\":\"https:\/\/mkevandorgyules.hu\/\",\"name\":\"MKE 56. V\\u00e1ndorgy\\u0171l\\u00e9s\",\"description\":\"2025. j\\u00falius 9-12., Debrecen\",\"potentialAction\":[{\"@type\":\"SearchAction\",\"target\":\"https:\/\/mkevandorgyules.hu\/?s={search_term_string}\",\"query-input\":\"required name=search_term_string\"}],\"inLanguage\":\"hu\"},{\"@type\":\"WebPage\",\"@id\":\"https:\/\/mkevandorgyules.hu\/kiegeszito-programok\/#webpage\",\"url\":\"https:\/\/mkevandorgyules.hu\/kiegeszito-programok\/\",\"name\":\"Kieg\\u00e9sz\\u00edt\\u0151 programok | MKE 56. V\\u00e1ndorgy\\u0171l\\u00e9s\",\"isPartOf\":{\"@id\":\"https:\/\/mkevandorgyules.hu\/#website\"},\"datePublished\":\"2021-05-20T10:57:56+00:00\",\"dateModified\":\"2025-07-10T10:16:26+00:00\",\"breadcrumb\":{\"@id\":\"https:\/\/mkevandorgyules.hu\/kiegeszito-programok\/#breadcrumb\"},\"inLanguage\":\"hu\",\"potentialAction\":[{\"@type\":\"ReadAction\",\"target\":[\"https:\/\/mkevandorgyules.hu\/kiegeszito-programok\/\"]}]},{\"@type\":\"BreadcrumbList\",\"@id\":\"https:\/\/mkevandorgyules.hu\/kiegeszito-programok\/#breadcrumb\",\"itemListElement\":[{\"@type\":\"ListItem\",\"position\":1,\"item\":{\"@type\":\"WebPage\",\"@id\":\"https:\/\/mkevandorgyules.hu\/\",\"url\":\"https:\/\/mkevandorgyules.hu\/\",\"name\":\"Home\"}},{\"@type\":\"ListItem\",\"position\":2,\"item\":{\"@id\":\"https:\/\/mkevandorgyules.hu\/kiegeszito-programok\/#webpage\"}}]}]}<\/script>\n<!-- \/ Yoast SEO plugin. -->","_links":{"self":[{"href":"https:\/\/mkevandorgyules.hu\/wp-json\/wp\/v2\/pages\/1420"}],"collection":[{"href":"https:\/\/mkevandorgyules.hu\/wp-json\/wp\/v2\/pages"}],"about":[{"href":"https:\/\/mkevandorgyules.hu\/wp-json\/wp\/v2\/types\/page"}],"author":[{"embeddable":true,"href":"https:\/\/mkevandorgyules.hu\/wp-json\/wp\/v2\/users\/1"}],"replies":[{"embeddable":true,"href":"https:\/\/mkevandorgyules.hu\/wp-json\/wp\/v2\/comments?post=1420"}],"version-history":[{"count":360,"href":"https:\/\/mkevandorgyules.hu\/wp-json\/wp\/v2\/pages\/1420\/revisions"}],"predecessor-version":[{"id":37218,"href":"https:\/\/mkevandorgyules.hu\/wp-json\/wp\/v2\/pages\/1420\/revisions\/37218"}],"wp:attachment":[{"href":"https:\/\/mkevandorgyules.hu\/wp-json\/wp\/v2\/media?parent=1420"}],"curies":[{"name":"wp","href":"https:\/\/api.w.org\/{rel}","templated":true}]}}