{"id":1441,"date":"2021-05-20T13:05:26","date_gmt":"2021-05-20T13:05:26","guid":{"rendered":"https:\/\/vandorgyules.hermeszsoft.hu\/?page_id=1441"},"modified":"2025-04-29T15:15:43","modified_gmt":"2025-04-29T13:15:43","slug":"hasznos-linkek","status":"publish","type":"page","link":"https:\/\/mkevandorgyules.hu\/hasznos-linkek\/","title":{"rendered":"Hasznos linkek"},"content":{"rendered":"\t\t<div data-elementor-type=\"wp-page\" data-elementor-id=\"1441\" class=\"elementor elementor-1441\" data-elementor-settings=\"[]\">\n\t\t\t\t\t\t<div class=\"elementor-inner\">\n\t\t\t\t\t\t\t<div class=\"elementor-section-wrap\">\n\t\t\t\t\t\t\t<section class=\"elementor-section elementor-top-section elementor-element elementor-element-e94f30e elementor-section-boxed elementor-section-height-default elementor-section-height-default\" data-id=\"e94f30e\" data-element_type=\"section\">\n\t\t\t\t\t\t<div class=\"elementor-container elementor-column-gap-default\">\n\t\t\t\t\t\t\t<div class=\"elementor-row\">\n\t\t\t\t\t<div class=\"elementor-column elementor-col-100 elementor-top-column elementor-element elementor-element-bd015e9\" data-id=\"bd015e9\" data-element_type=\"column\">\n\t\t\t<div class=\"elementor-column-wrap elementor-element-populated\">\n\t\t\t\t\t\t\t<div class=\"elementor-widget-wrap\">\n\t\t\t\t\t\t<div class=\"elementor-element elementor-element-13dad48 elementor-widget elementor-widget-heading\" data-id=\"13dad48\" data-element_type=\"widget\" data-widget_type=\"heading.default\">\n\t\t\t\t<div class=\"elementor-widget-container\">\n\t\t\t<h2 class=\"elementor-heading-title elementor-size-default\">MKE 56. V\u00e1ndorgy\u0171l\u00e9s<\/h2>\t\t<\/div>\n\t\t\t\t<\/div>\n\t\t\t\t<div class=\"elementor-element elementor-element-af00b00 elementor-widget elementor-widget-heading\" data-id=\"af00b00\" data-element_type=\"widget\" data-widget_type=\"heading.default\">\n\t\t\t\t<div class=\"elementor-widget-container\">\n\t\t\t<h2 class=\"elementor-heading-title elementor-size-default\">hasznos linkek<\/h2>\t\t<\/div>\n\t\t\t\t<\/div>\n\t\t\t\t<div class=\"elementor-element elementor-element-57ef63d elementor-view-default elementor-widget elementor-widget-icon\" data-id=\"57ef63d\" data-element_type=\"widget\" data-widget_type=\"icon.default\">\n\t\t\t\t<div class=\"elementor-widget-container\">\n\t\t\t\t\t<div class=\"elementor-icon-wrapper\">\n\t\t\t<div class=\"elementor-icon\">\n\t\t\t<i aria-hidden=\"true\" class=\"fas fa-angle-double-down\"><\/i>\t\t\t<\/div>\n\t\t<\/div>\n\t\t\t\t<\/div>\n\t\t\t\t<\/div>\n\t\t\t\t\t\t<\/div>\n\t\t\t\t\t<\/div>\n\t\t<\/div>\n\t\t\t\t\t\t\t\t<\/div>\n\t\t\t\t\t<\/div>\n\t\t<\/section>\n\t\t\t\t<section class=\"elementor-section elementor-top-section elementor-element elementor-element-bdbc96a elementor-section-boxed elementor-section-height-default elementor-section-height-default\" data-id=\"bdbc96a\" data-element_type=\"section\">\n\t\t\t\t\t\t<div class=\"elementor-container elementor-column-gap-default\">\n\t\t\t\t\t\t\t<div class=\"elementor-row\">\n\t\t\t\t\t<div class=\"elementor-column elementor-col-100 elementor-top-column elementor-element elementor-element-ff59df0\" data-id=\"ff59df0\" data-element_type=\"column\">\n\t\t\t<div class=\"elementor-column-wrap elementor-element-populated\">\n\t\t\t\t\t\t\t<div class=\"elementor-widget-wrap\">\n\t\t\t\t\t\t<div class=\"elementor-element elementor-element-eb73e49 elementor-widget elementor-widget-heading\" data-id=\"eb73e49\" data-element_type=\"widget\" data-widget_type=\"heading.default\">\n\t\t\t\t<div class=\"elementor-widget-container\">\n\t\t\t<h4 class=\"elementor-heading-title elementor-size-default\">MKE V\u00e1ndorgy\u0171l\u00e9sek <\/h4>\t\t<\/div>\n\t\t\t\t<\/div>\n\t\t\t\t\t\t<\/div>\n\t\t\t\t\t<\/div>\n\t\t<\/div>\n\t\t\t\t\t\t\t\t<\/div>\n\t\t\t\t\t<\/div>\n\t\t<\/section>\n\t\t\t\t<section class=\"elementor-section elementor-top-section elementor-element elementor-element-01a0c53 elementor-section-boxed elementor-section-height-default elementor-section-height-default\" data-id=\"01a0c53\" data-element_type=\"section\">\n\t\t\t\t\t\t<div class=\"elementor-container elementor-column-gap-default\">\n\t\t\t\t\t\t\t<div class=\"elementor-row\">\n\t\t\t\t\t<div class=\"elementor-column elementor-col-100 elementor-top-column elementor-element elementor-element-8052401\" data-id=\"8052401\" data-element_type=\"column\">\n\t\t\t<div class=\"elementor-column-wrap elementor-element-populated\">\n\t\t\t\t\t\t\t<div class=\"elementor-widget-wrap\">\n\t\t\t\t\t\t<div class=\"elementor-element elementor-element-e90c7a3 elementor-widget elementor-widget-text-editor\" data-id=\"e90c7a3\" data-element_type=\"widget\" data-widget_type=\"text-editor.default\">\n\t\t\t\t<div class=\"elementor-widget-container\">\n\t\t\t\t\t\t\t\t<div class=\"elementor-text-editor elementor-clearfix\">\n\t\t\t\t\t<p>A Magyar K\u00f6nyvt\u00e1rosok Egyes\u00fclet\u00e9nek kiemelt rendezv\u00e9nye a v\u00e1ltozatos helysz\u00edneken \u00e9vr\u0151l-\u00e9vre megrendez\u00e9sre ker\u00fcl\u0151 V\u00e1ndorgy\u0171l\u00e9s, amelynek f\u0151bb programjai (<em>plen\u00e1ris \u00fcl\u00e9sek, szekci\u00f3\u00fcl\u00e9sek, kultur\u00e1lis programok, szabadid\u0151s programok stb.<\/em>) mindig egy k\u00f6zponti t\u00e9ma k\u00f6r\u00e9 szervez\u0151dnek.<\/p><p>A v\u00e1ltoz\u00e1s r\u00e9szei vagyunk: MI \u00e9s mi. Az esem\u00e9ny k\u00f6z\u00e9ppontba k\u00edv\u00e1nja \u00e1ll\u00edtani azon k\u00e9rd\u00e9sk\u00f6r\u00f6ket, amelyek bemutatj\u00e1k, hogy az MKE \u00e9s a magyar k\u00f6nyvt\u00e1ri rendszer int\u00e9zm\u00e9nyei megfelelnek a 21. sz\u00e1zadi v\u00e1ltoz\u00e1soknak \u00e9s kih\u00edv\u00e1soknak, illetve a k\u00f6nyvt\u00e1ri rendszer int\u00e9zm\u00e9nyei \u00e9s k\u00f6nyvt\u00e1rosai kiv\u00e1l\u00f3 p\u00e9ld\u00e1i \u00e9s nagyk\u00f6vetei az innov\u00e1ci\u00f3nak, a kreativit\u00e1snak \u00e9s a v\u00e1ltoz\u00e1sra val\u00f3 reag\u00e1l\u00e1snak.<\/p><p>A kor\u00e1bbi V\u00e1ndorgy\u0171l\u00e9sekr\u0151l \u00e9s az Egyes\u00fcletr\u0151l az al\u00e1bbi linken kereszt\u00fcl t\u00e1j\u00e9koz\u00f3dhat:<\/p><ul><li><a href=\"http:\/\/mke.info.hu\/\" target=\"_blank\" rel=\"noopener\">Magyar K\u00f6nyvt\u00e1rosok Egyes\u00fclete<\/a><\/li><li><a href=\"https:\/\/mke.info.hu\/tevekenysege\/rendezvenyek\/vandorgyulesek\/\" target=\"_blank\" rel=\"noopener\">Magyar K\u00f6nyvt\u00e1rosok Egyes\u00fclete V\u00e1ndorgy\u0171l\u00e9sek<\/a><\/li><\/ul>\t\t\t\t\t<\/div>\n\t\t\t\t\t\t<\/div>\n\t\t\t\t<\/div>\n\t\t\t\t\t\t<\/div>\n\t\t\t\t\t<\/div>\n\t\t<\/div>\n\t\t\t\t\t\t\t\t<\/div>\n\t\t\t\t\t<\/div>\n\t\t<\/section>\n\t\t\t\t<section class=\"elementor-section elementor-top-section elementor-element elementor-element-6e936ba elementor-section-boxed elementor-section-height-default elementor-section-height-default\" data-id=\"6e936ba\" data-element_type=\"section\">\n\t\t\t\t\t\t<div class=\"elementor-container elementor-column-gap-default\">\n\t\t\t\t\t\t\t<div class=\"elementor-row\">\n\t\t\t\t\t<div class=\"elementor-column elementor-col-100 elementor-top-column elementor-element elementor-element-a610c63\" data-id=\"a610c63\" data-element_type=\"column\">\n\t\t\t<div class=\"elementor-column-wrap elementor-element-populated\">\n\t\t\t\t\t\t\t<div class=\"elementor-widget-wrap\">\n\t\t\t\t\t\t<div class=\"elementor-element elementor-element-a923e97 elementor-widget elementor-widget-heading\" data-id=\"a923e97\" data-element_type=\"widget\" data-widget_type=\"heading.default\">\n\t\t\t\t<div class=\"elementor-widget-container\">\n\t\t\t<h4 class=\"elementor-heading-title elementor-size-default\">56. V\u00e1ndorgy\u0171l\u00e9s szervez\u0151i <\/h4>\t\t<\/div>\n\t\t\t\t<\/div>\n\t\t\t\t\t\t<\/div>\n\t\t\t\t\t<\/div>\n\t\t<\/div>\n\t\t\t\t\t\t\t\t<\/div>\n\t\t\t\t\t<\/div>\n\t\t<\/section>\n\t\t\t\t<section class=\"elementor-section elementor-top-section elementor-element elementor-element-6ac141d elementor-section-boxed elementor-section-height-default elementor-section-height-default\" data-id=\"6ac141d\" data-element_type=\"section\">\n\t\t\t\t\t\t<div class=\"elementor-container elementor-column-gap-default\">\n\t\t\t\t\t\t\t<div class=\"elementor-row\">\n\t\t\t\t\t<div class=\"elementor-column elementor-col-100 elementor-top-column elementor-element elementor-element-28a8826\" data-id=\"28a8826\" data-element_type=\"column\">\n\t\t\t<div class=\"elementor-column-wrap elementor-element-populated\">\n\t\t\t\t\t\t\t<div class=\"elementor-widget-wrap\">\n\t\t\t\t\t\t<div class=\"elementor-element elementor-element-c193049 elementor-widget elementor-widget-text-editor\" data-id=\"c193049\" data-element_type=\"widget\" data-widget_type=\"text-editor.default\">\n\t\t\t\t<div class=\"elementor-widget-container\">\n\t\t\t\t\t\t\t\t<div class=\"elementor-text-editor elementor-clearfix\">\n\t\t\t\t\t<ul><li><a href=\"http:\/\/mke.info.hu\/\" target=\"_blank\" rel=\"noopener\">Magyar K\u00f6nyvt\u00e1rosok Egyes\u00fclete<\/a><\/li><li><a href=\"https:\/\/mke.info.hu\/konyvtarvilag\/2017\/01\/az-mke-hajdu-bihar-megyei-szervezetenek-bemutatkozasa\/3692\/\">MKE Hajd\u00fa-Bihar Megyei Szervezete<\/a><\/li><li><a href=\"https:\/\/lib.unideb.hu\/\">Debreceni Egyetem Egyetemi \u00e9s Nemzeti K\u00f6nyvt\u00e1r<\/a><\/li><\/ul>\t\t\t\t\t<\/div>\n\t\t\t\t\t\t<\/div>\n\t\t\t\t<\/div>\n\t\t\t\t\t\t<\/div>\n\t\t\t\t\t<\/div>\n\t\t<\/div>\n\t\t\t\t\t\t\t\t<\/div>\n\t\t\t\t\t<\/div>\n\t\t<\/section>\n\t\t\t\t<section class=\"elementor-section elementor-top-section elementor-element elementor-element-da760b3 elementor-hidden-desktop elementor-hidden-tablet elementor-hidden-phone elementor-section-boxed elementor-section-height-default elementor-section-height-default\" data-id=\"da760b3\" data-element_type=\"section\">\n\t\t\t\t\t\t<div class=\"elementor-container elementor-column-gap-default\">\n\t\t\t\t\t\t\t<div class=\"elementor-row\">\n\t\t\t\t\t<div class=\"elementor-column elementor-col-100 elementor-top-column elementor-element elementor-element-6477213\" data-id=\"6477213\" data-element_type=\"column\">\n\t\t\t<div class=\"elementor-column-wrap elementor-element-populated\">\n\t\t\t\t\t\t\t<div class=\"elementor-widget-wrap\">\n\t\t\t\t\t\t<div class=\"elementor-element elementor-element-33c7c6b elementor-widget elementor-widget-heading\" data-id=\"33c7c6b\" data-element_type=\"widget\" data-widget_type=\"heading.default\">\n\t\t\t\t<div class=\"elementor-widget-container\">\n\t\t\t<h4 class=\"elementor-heading-title elementor-size-default\">53. V\u00e1ndorgy\u0171l\u00e9s lebonyol\u00edt\u00e1s\u00e1ban alkalmazott eszk\u00f6z\u00f6k<\/h4>\t\t<\/div>\n\t\t\t\t<\/div>\n\t\t\t\t\t\t<\/div>\n\t\t\t\t\t<\/div>\n\t\t<\/div>\n\t\t\t\t\t\t\t\t<\/div>\n\t\t\t\t\t<\/div>\n\t\t<\/section>\n\t\t\t\t<section class=\"elementor-section elementor-top-section elementor-element elementor-element-4a80576 elementor-hidden-desktop elementor-hidden-tablet elementor-hidden-phone elementor-section-boxed elementor-section-height-default elementor-section-height-default\" data-id=\"4a80576\" data-element_type=\"section\">\n\t\t\t\t\t\t<div class=\"elementor-container elementor-column-gap-default\">\n\t\t\t\t\t\t\t<div class=\"elementor-row\">\n\t\t\t\t\t<div class=\"elementor-column elementor-col-100 elementor-top-column elementor-element elementor-element-abb1b90\" data-id=\"abb1b90\" data-element_type=\"column\">\n\t\t\t<div class=\"elementor-column-wrap elementor-element-populated\">\n\t\t\t\t\t\t\t<div class=\"elementor-widget-wrap\">\n\t\t\t\t\t\t<div class=\"elementor-element elementor-element-0457ab6 elementor-widget elementor-widget-text-editor\" data-id=\"0457ab6\" data-element_type=\"widget\" data-widget_type=\"text-editor.default\">\n\t\t\t\t<div class=\"elementor-widget-container\">\n\t\t\t\t\t\t\t\t<div class=\"elementor-text-editor elementor-clearfix\">\n\t\t\t\t\t<ul><li>1. <a href=\"https:\/\/www.youtube.com\/channel\/UCJ81GBo0wptHVgpHz2BFbTQ\" target=\"_blank\" rel=\"noopener\">MKE Youtube csatorna<\/a><\/li><li>2. <a href=\"https:\/\/support.microsoft.com\/hu-hu\/teams?ui=hu-hu&amp;rs=hu-hu&amp;ad=hu\" target=\"_blank\" rel=\"noopener\">Microsoft TEAMS<\/a><\/li><li>3. <a href=\"https:\/\/support.microsoft.com\/hu-hu\/office\/microsoft-teams-%E2%80%93-vide%C3%B3s-k%C3%A9pz%C3%A9s-4f108e54-240b-4351-8084-b1089f0d21d7\" target=\"_blank\" rel=\"noopener\">Microsoft Teams \u2013 vide\u00f3s k\u00e9pz\u00e9s<\/a><\/li><li>4. Virtu\u00e1lis esem\u00e9nyek a <a href=\"https:\/\/www.microsoft.com\/hu-hu\/microsoft-teams\/virtual-events\" target=\"_blank\" rel=\"noopener\">Microsoft Teams appal<\/a><\/li><\/ul>\t\t\t\t\t<\/div>\n\t\t\t\t\t\t<\/div>\n\t\t\t\t<\/div>\n\t\t\t\t\t\t<\/div>\n\t\t\t\t\t<\/div>\n\t\t<\/div>\n\t\t\t\t\t\t\t\t<\/div>\n\t\t\t\t\t<\/div>\n\t\t<\/section>\n\t\t\t\t<section class=\"elementor-section elementor-top-section elementor-element elementor-element-db6ba7b elementor-hidden-desktop elementor-hidden-tablet elementor-hidden-phone elementor-section-boxed elementor-section-height-default elementor-section-height-default\" data-id=\"db6ba7b\" data-element_type=\"section\">\n\t\t\t\t\t\t<div class=\"elementor-container elementor-column-gap-default\">\n\t\t\t\t\t\t\t<div class=\"elementor-row\">\n\t\t\t\t\t<div class=\"elementor-column elementor-col-100 elementor-top-column elementor-element elementor-element-9c66d22\" data-id=\"9c66d22\" data-element_type=\"column\">\n\t\t\t<div class=\"elementor-column-wrap elementor-element-populated\">\n\t\t\t\t\t\t\t<div class=\"elementor-widget-wrap\">\n\t\t\t\t\t\t<div class=\"elementor-element elementor-element-28826d7 elementor-widget elementor-widget-heading\" data-id=\"28826d7\" data-element_type=\"widget\" data-widget_type=\"heading.default\">\n\t\t\t\t<div class=\"elementor-widget-container\">\n\t\t\t<h4 class=\"elementor-heading-title elementor-size-default\">53. V\u00e1ndorgy\u0171l\u00e9s informatikai haszn\u00e1lat\u00e1nak \u00fatmutat\u00f3i \u00e9s adatkezel\u00e9si t\u00e1j\u00e9koztat\u00f3<\/h4>\t\t<\/div>\n\t\t\t\t<\/div>\n\t\t\t\t\t\t<\/div>\n\t\t\t\t\t<\/div>\n\t\t<\/div>\n\t\t\t\t\t\t\t\t<\/div>\n\t\t\t\t\t<\/div>\n\t\t<\/section>\n\t\t\t\t<section class=\"elementor-section elementor-top-section elementor-element elementor-element-98e355b elementor-hidden-desktop elementor-hidden-tablet elementor-hidden-phone elementor-section-boxed elementor-section-height-default elementor-section-height-default\" data-id=\"98e355b\" data-element_type=\"section\">\n\t\t\t\t\t\t<div class=\"elementor-container elementor-column-gap-default\">\n\t\t\t\t\t\t\t<div class=\"elementor-row\">\n\t\t\t\t\t<div class=\"elementor-column elementor-col-100 elementor-top-column elementor-element elementor-element-b26f92a\" data-id=\"b26f92a\" data-element_type=\"column\">\n\t\t\t<div class=\"elementor-column-wrap elementor-element-populated\">\n\t\t\t\t\t\t\t<div class=\"elementor-widget-wrap\">\n\t\t\t\t\t\t<div class=\"elementor-element elementor-element-3dce970 elementor-widget elementor-widget-text-editor\" data-id=\"3dce970\" data-element_type=\"widget\" data-widget_type=\"text-editor.default\">\n\t\t\t\t<div class=\"elementor-widget-container\">\n\t\t\t\t\t\t\t\t<div class=\"elementor-text-editor elementor-clearfix\">\n\t\t\t\t\t<ul><li>\u00a01. R\u00e9sztvev\u0151k r\u00e9sz\u00e9re:<\/li><\/ul><p>Microsoft TEAMS el\u0151ad\u00f3knak<\/p><ul><li>2. El\u0151ad\u00f3k r\u00e9sz\u00e9re:<\/li><\/ul><p>Microsoft TEAMS r\u00e9sztvev\u0151knek<\/p><p><a href=\"https:\/\/mkevandorgyules.hermeszsoft.hu\/wp-content\/uploads\/sites\/7\/2021\/06\/AV-tajekoztato_OSZK.pdf\">Adatkezel\u00e9si t\u00e1j\u00e9koztat\u00f3<\/a><\/p>\t\t\t\t\t<\/div>\n\t\t\t\t\t\t<\/div>\n\t\t\t\t<\/div>\n\t\t\t\t\t\t<\/div>\n\t\t\t\t\t<\/div>\n\t\t<\/div>\n\t\t\t\t\t\t\t\t<\/div>\n\t\t\t\t\t<\/div>\n\t\t<\/section>\n\t\t\t\t<section class=\"elementor-section elementor-top-section elementor-element elementor-element-537f447 elementor-hidden-desktop elementor-hidden-tablet elementor-hidden-phone elementor-section-boxed elementor-section-height-default elementor-section-height-default\" data-id=\"537f447\" data-element_type=\"section\">\n\t\t\t\t\t\t<div class=\"elementor-container elementor-column-gap-default\">\n\t\t\t\t\t\t\t<div class=\"elementor-row\">\n\t\t\t\t\t<div class=\"elementor-column elementor-col-100 elementor-top-column elementor-element elementor-element-bab269d\" data-id=\"bab269d\" data-element_type=\"column\">\n\t\t\t<div class=\"elementor-column-wrap elementor-element-populated\">\n\t\t\t\t\t\t\t<div class=\"elementor-widget-wrap\">\n\t\t\t\t\t\t<div class=\"elementor-element elementor-element-a64dd24 elementor-widget elementor-widget-heading\" data-id=\"a64dd24\" data-element_type=\"widget\" data-widget_type=\"heading.default\">\n\t\t\t\t<div class=\"elementor-widget-container\">\n\t\t\t<h4 class=\"elementor-heading-title elementor-size-default\">Orsz\u00e1gos Sz\u00e9ch\u00e9nyi K\u00f6nyvt\u00e1r (OSZK) <\/h4>\t\t<\/div>\n\t\t\t\t<\/div>\n\t\t\t\t\t\t<\/div>\n\t\t\t\t\t<\/div>\n\t\t<\/div>\n\t\t\t\t\t\t\t\t<\/div>\n\t\t\t\t\t<\/div>\n\t\t<\/section>\n\t\t\t\t<section class=\"elementor-section elementor-top-section elementor-element elementor-element-d9da7a7 elementor-hidden-desktop elementor-hidden-tablet elementor-hidden-phone elementor-section-boxed elementor-section-height-default elementor-section-height-default\" data-id=\"d9da7a7\" data-element_type=\"section\">\n\t\t\t\t\t\t<div class=\"elementor-container elementor-column-gap-default\">\n\t\t\t\t\t\t\t<div class=\"elementor-row\">\n\t\t\t\t\t<div class=\"elementor-column elementor-col-100 elementor-top-column elementor-element elementor-element-c8bad1c\" data-id=\"c8bad1c\" data-element_type=\"column\">\n\t\t\t<div class=\"elementor-column-wrap elementor-element-populated\">\n\t\t\t\t\t\t\t<div class=\"elementor-widget-wrap\">\n\t\t\t\t\t\t<div class=\"elementor-element elementor-element-a9fcda2 elementor-widget elementor-widget-text-editor\" data-id=\"a9fcda2\" data-element_type=\"widget\" data-widget_type=\"text-editor.default\">\n\t\t\t\t<div class=\"elementor-widget-container\">\n\t\t\t\t\t\t\t\t<div class=\"elementor-text-editor elementor-clearfix\">\n\t\t\t\t\t<p>Az 52. V\u00e1ndorgy\u0171l\u00e9s 2021. j\u00falius 8-9. k\u00f6z\u00f6tt az <a href=\"http:\/\/www.oszk.hu\/\">Orsz\u00e1gos Sz\u00e9ch\u00e9nyi K\u00f6nyvt\u00e1rba<\/a> k\u00f6lt\u00f6zik. Ha b\u0151vebben szeretne olvasni az OSZK t\u00f6rzsgy\u0171jtem\u00e9nyeivel \u00e9s k\u00fcl\u00f6ngy\u0171jtem\u00e9nyeivel kapcsolatban, akkor az al\u00e1bbi linkekre kattintva megteheti:<\/p><ul><li><a href=\"http:\/\/www.oszk.hu\/torzsgyujtemenyek\" target=\"_blank\" rel=\"noopener\">OSZK t\u00f6rzsgy\u0171jtem\u00e9nyek<\/a><\/li><li><a href=\"http:\/\/www.oszk.hu\/kulongyujtemenyek\" target=\"_blank\" rel=\"noopener\">OSZK k\u00fcl\u00f6ngy\u0171jtem\u00e9nyek<\/a><\/li><\/ul><p>Az Orsz\u00e1gos Sz\u00e9ch\u00e9nyi K\u00f6nyvt\u00e1r igyekszik gy\u0171jtem\u00e9ny\u00e9t az \u00e9rdekl\u0151d\u0151k sz\u00e1m\u00e1ra folyamatosan b\u0151v\u00fcl\u0151 adatb\u00e1zisok form\u00e1j\u00e1ban el\u00e9rhet\u0151v\u00e9 tenni. A tartalomszolg\u00e1ltat\u00e1sokb\u00f3l mindenk\u00e9pp \u00e9rdemes kiemelni a mintegy hatsz\u00e1zezer digitaliz\u00e1lt f\u00e9nyk\u00e9pet tartalmaz\u00f3 Fot\u00f3t\u00e9r szolg\u00e1ltat\u00e1st, a hazai \u00e9s k\u00fclf\u00f6ldi t\u00e9rk\u00e9peket bemutat\u00f3 F\u00f6ldabroszt, valamint a Sz\u00ednh\u00e1zt\u00f6rt\u00e9neti \u00e9s Zenem\u0171t\u00e1r egy-egy hanganyag\u00e1nak meghallgat\u00e1s\u00e1t szolg\u00e1l\u00f3 Hangt\u00e1rt.<br \/>A k\u00fcl\u00f6nb\u00f6z\u0151 adatb\u00e1zisokr\u00f3l b\u0151vebben az al\u00e1bbi linkeken tal\u00e1l inform\u00e1ci\u00f3t:<\/p><ul><li><a href=\"http:\/\/www.oszk.hu\/oszk_katalogusok\" target=\"_blank\" rel=\"noopener\">OSZK katal\u00f3gusok<\/a><\/li><li><a href=\"https:\/\/foldabrosz.oszk.hu\/\" target=\"_blank\" rel=\"noopener\">F\u00f6ldabrosz<\/a><\/li><li><a href=\"https:\/\/fototer.oszk.hu\/\" target=\"_blank\" rel=\"noopener\">Fot\u00f3t\u00e9r<\/a><\/li><li><a href=\"https:\/\/hangtar.oszk.hu\/rolunk\/\" target=\"_blank\" rel=\"noopener\">Hangt\u00e1r<\/a><\/li><li><a href=\"https:\/\/regiritka.oszk.hu\/\">R\u00e9gi Ritka<\/a><\/li><\/ul>\t\t\t\t\t<\/div>\n\t\t\t\t\t\t<\/div>\n\t\t\t\t<\/div>\n\t\t\t\t\t\t<\/div>\n\t\t\t\t\t<\/div>\n\t\t<\/div>\n\t\t\t\t\t\t\t\t<\/div>\n\t\t\t\t\t<\/div>\n\t\t<\/section>\n\t\t\t\t\t\t<\/div>\n\t\t\t\t\t\t<\/div>\n\t\t\t\t\t<\/div>\n\t\t","protected":false},"excerpt":{"rendered":"<p>hasznos linkek MKE V\u00e1ndorgy\u0171l\u00e9sek A Magyar K\u00f6nyvt\u00e1rosok Egyes\u00fclet\u00e9nek kiemelt rendezv\u00e9nye a v\u00e1ltozatos helysz\u00edneken \u00e9vr\u0151l-\u00e9vre megrendez\u00e9sre ker\u00fcl\u0151 V\u00e1ndorgy\u0171l\u00e9s, amelynek f\u0151bb programjai (plen\u00e1ris \u00fcl\u00e9sek, szekci\u00f3\u00fcl\u00e9sek, kultur\u00e1lis programok, szabadid\u0151s programok stb.) mindig egy k\u00f6zponti t\u00e9ma k\u00f6r\u00e9 szervez\u0151dnek. A v\u00e1ltoz\u00e1s r\u00e9szei vagyunk: MI \u00e9s mi. Az esem\u00e9ny k\u00f6z\u00e9ppontba k\u00edv\u00e1nja \u00e1ll\u00edtani azon k\u00e9rd\u00e9sk\u00f6r\u00f6ket, amelyek bemutatj\u00e1k, hogy az MKE \u00e9s a [&hellip;]<\/p>\n","protected":false},"author":1,"featured_media":0,"parent":0,"menu_order":0,"comment_status":"closed","ping_status":"closed","template":"","meta":[],"yoast_head":"<!-- This site is optimized with the Yoast SEO plugin v16.4 - https:\/\/yoast.com\/wordpress\/plugins\/seo\/ -->\n<title>Hasznos linkek | MKE 56. V\u00e1ndorgy\u0171l\u00e9s<\/title>\n<meta name=\"robots\" content=\"index, follow, max-snippet:-1, max-image-preview:large, max-video-preview:-1\" \/>\n<link rel=\"canonical\" href=\"https:\/\/mkevandorgyules.hu\/hasznos-linkek\/\" \/>\n<meta property=\"og:locale\" content=\"hu_HU\" \/>\n<meta property=\"og:type\" content=\"article\" \/>\n<meta property=\"og:title\" content=\"Hasznos linkek | MKE 56. V\u00e1ndorgy\u0171l\u00e9s\" \/>\n<meta property=\"og:description\" content=\"hasznos linkek MKE V\u00e1ndorgy\u0171l\u00e9sek A Magyar K\u00f6nyvt\u00e1rosok Egyes\u00fclet\u00e9nek kiemelt rendezv\u00e9nye a v\u00e1ltozatos helysz\u00edneken \u00e9vr\u0151l-\u00e9vre megrendez\u00e9sre ker\u00fcl\u0151 V\u00e1ndorgy\u0171l\u00e9s, amelynek f\u0151bb programjai (plen\u00e1ris \u00fcl\u00e9sek, szekci\u00f3\u00fcl\u00e9sek, kultur\u00e1lis programok, szabadid\u0151s programok stb.) mindig egy k\u00f6zponti t\u00e9ma k\u00f6r\u00e9 szervez\u0151dnek. A v\u00e1ltoz\u00e1s r\u00e9szei vagyunk: MI \u00e9s mi. Az esem\u00e9ny k\u00f6z\u00e9ppontba k\u00edv\u00e1nja \u00e1ll\u00edtani azon k\u00e9rd\u00e9sk\u00f6r\u00f6ket, amelyek bemutatj\u00e1k, hogy az MKE \u00e9s a [&hellip;]\" \/>\n<meta property=\"og:url\" content=\"https:\/\/mkevandorgyules.hu\/hasznos-linkek\/\" \/>\n<meta property=\"og:site_name\" content=\"MKE 56. V\u00e1ndorgy\u0171l\u00e9s\" \/>\n<meta property=\"article:modified_time\" content=\"2025-04-29T13:15:43+00:00\" \/>\n<meta property=\"og:image\" content=\"https:\/\/mkevandorgyules.hu\/wp-content\/uploads\/sites\/7\/2025\/03\/Debrecen_vandorgyules_logo2.jpg\" \/>\n\t<meta property=\"og:image:width\" content=\"2115\" \/>\n\t<meta property=\"og:image:height\" content=\"1838\" \/>\n<meta name=\"twitter:card\" content=\"summary_large_image\" \/>\n<meta name=\"twitter:label1\" content=\"Becs\u00fclt olvas\u00e1si id\u0151\" \/>\n\t<meta name=\"twitter:data1\" content=\"2 perc\" \/>\n<script type=\"application\/ld+json\" class=\"yoast-schema-graph\">{\"@context\":\"https:\/\/schema.org\",\"@graph\":[{\"@type\":\"WebSite\",\"@id\":\"https:\/\/mkevandorgyules.hu\/#website\",\"url\":\"https:\/\/mkevandorgyules.hu\/\",\"name\":\"MKE 56. V\\u00e1ndorgy\\u0171l\\u00e9s\",\"description\":\"2025. j\\u00falius 9-12., Debrecen\",\"potentialAction\":[{\"@type\":\"SearchAction\",\"target\":\"https:\/\/mkevandorgyules.hu\/?s={search_term_string}\",\"query-input\":\"required name=search_term_string\"}],\"inLanguage\":\"hu\"},{\"@type\":\"WebPage\",\"@id\":\"https:\/\/mkevandorgyules.hu\/hasznos-linkek\/#webpage\",\"url\":\"https:\/\/mkevandorgyules.hu\/hasznos-linkek\/\",\"name\":\"Hasznos linkek | MKE 56. V\\u00e1ndorgy\\u0171l\\u00e9s\",\"isPartOf\":{\"@id\":\"https:\/\/mkevandorgyules.hu\/#website\"},\"datePublished\":\"2021-05-20T13:05:26+00:00\",\"dateModified\":\"2025-04-29T13:15:43+00:00\",\"breadcrumb\":{\"@id\":\"https:\/\/mkevandorgyules.hu\/hasznos-linkek\/#breadcrumb\"},\"inLanguage\":\"hu\",\"potentialAction\":[{\"@type\":\"ReadAction\",\"target\":[\"https:\/\/mkevandorgyules.hu\/hasznos-linkek\/\"]}]},{\"@type\":\"BreadcrumbList\",\"@id\":\"https:\/\/mkevandorgyules.hu\/hasznos-linkek\/#breadcrumb\",\"itemListElement\":[{\"@type\":\"ListItem\",\"position\":1,\"item\":{\"@type\":\"WebPage\",\"@id\":\"https:\/\/mkevandorgyules.hu\/\",\"url\":\"https:\/\/mkevandorgyules.hu\/\",\"name\":\"Home\"}},{\"@type\":\"ListItem\",\"position\":2,\"item\":{\"@id\":\"https:\/\/mkevandorgyules.hu\/hasznos-linkek\/#webpage\"}}]}]}<\/script>\n<!-- \/ Yoast SEO plugin. -->","_links":{"self":[{"href":"https:\/\/mkevandorgyules.hu\/wp-json\/wp\/v2\/pages\/1441"}],"collection":[{"href":"https:\/\/mkevandorgyules.hu\/wp-json\/wp\/v2\/pages"}],"about":[{"href":"https:\/\/mkevandorgyules.hu\/wp-json\/wp\/v2\/types\/page"}],"author":[{"embeddable":true,"href":"https:\/\/mkevandorgyules.hu\/wp-json\/wp\/v2\/users\/1"}],"replies":[{"embeddable":true,"href":"https:\/\/mkevandorgyules.hu\/wp-json\/wp\/v2\/comments?post=1441"}],"version-history":[{"count":91,"href":"https:\/\/mkevandorgyules.hu\/wp-json\/wp\/v2\/pages\/1441\/revisions"}],"predecessor-version":[{"id":34865,"href":"https:\/\/mkevandorgyules.hu\/wp-json\/wp\/v2\/pages\/1441\/revisions\/34865"}],"wp:attachment":[{"href":"https:\/\/mkevandorgyules.hu\/wp-json\/wp\/v2\/media?parent=1441"}],"curies":[{"name":"wp","href":"https:\/\/api.w.org\/{rel}","templated":true}]}}