{"id":1444,"date":"2021-05-20T13:05:40","date_gmt":"2021-05-20T13:05:40","guid":{"rendered":"https:\/\/vandorgyules.hermeszsoft.hu\/?page_id=1444"},"modified":"2025-05-16T10:12:51","modified_gmt":"2025-05-16T08:12:51","slug":"gyik","status":"publish","type":"page","link":"https:\/\/mkevandorgyules.hu\/gyik\/","title":{"rendered":"GYIK"},"content":{"rendered":"\t\t<div data-elementor-type=\"wp-page\" data-elementor-id=\"1444\" class=\"elementor elementor-1444\" data-elementor-settings=\"[]\">\n\t\t\t\t\t\t<div class=\"elementor-inner\">\n\t\t\t\t\t\t\t<div class=\"elementor-section-wrap\">\n\t\t\t\t\t\t\t<section class=\"elementor-section elementor-top-section elementor-element elementor-element-fee72cc elementor-section-boxed elementor-section-height-default elementor-section-height-default\" data-id=\"fee72cc\" data-element_type=\"section\">\n\t\t\t\t\t\t<div class=\"elementor-container elementor-column-gap-default\">\n\t\t\t\t\t\t\t<div class=\"elementor-row\">\n\t\t\t\t\t<div class=\"elementor-column elementor-col-100 elementor-top-column elementor-element elementor-element-417f1a5\" data-id=\"417f1a5\" data-element_type=\"column\">\n\t\t\t<div class=\"elementor-column-wrap elementor-element-populated\">\n\t\t\t\t\t\t\t<div class=\"elementor-widget-wrap\">\n\t\t\t\t\t\t<div class=\"elementor-element elementor-element-ae76fe2 elementor-widget elementor-widget-heading\" data-id=\"ae76fe2\" data-element_type=\"widget\" data-widget_type=\"heading.default\">\n\t\t\t\t<div class=\"elementor-widget-container\">\n\t\t\t<h2 class=\"elementor-heading-title elementor-size-default\">MKE 56. V\u00e1ndorgy\u0171l\u00e9s<\/h2>\t\t<\/div>\n\t\t\t\t<\/div>\n\t\t\t\t<div class=\"elementor-element elementor-element-68eefb0 elementor-widget elementor-widget-heading\" data-id=\"68eefb0\" data-element_type=\"widget\" data-widget_type=\"heading.default\">\n\t\t\t\t<div class=\"elementor-widget-container\">\n\t\t\t<h2 class=\"elementor-heading-title elementor-size-default\">gyik<\/h2>\t\t<\/div>\n\t\t\t\t<\/div>\n\t\t\t\t<div class=\"elementor-element elementor-element-d5fc582 elementor-view-default elementor-widget elementor-widget-icon\" data-id=\"d5fc582\" data-element_type=\"widget\" data-widget_type=\"icon.default\">\n\t\t\t\t<div class=\"elementor-widget-container\">\n\t\t\t\t\t<div class=\"elementor-icon-wrapper\">\n\t\t\t<div class=\"elementor-icon\">\n\t\t\t<i aria-hidden=\"true\" class=\"fas fa-angle-double-down\"><\/i>\t\t\t<\/div>\n\t\t<\/div>\n\t\t\t\t<\/div>\n\t\t\t\t<\/div>\n\t\t\t\t\t\t<\/div>\n\t\t\t\t\t<\/div>\n\t\t<\/div>\n\t\t\t\t\t\t\t\t<\/div>\n\t\t\t\t\t<\/div>\n\t\t<\/section>\n\t\t\t\t<section class=\"elementor-section elementor-top-section elementor-element elementor-element-cc4dcd5 elementor-section-boxed elementor-section-height-default elementor-section-height-default\" data-id=\"cc4dcd5\" data-element_type=\"section\">\n\t\t\t\t\t\t<div class=\"elementor-container elementor-column-gap-default\">\n\t\t\t\t\t\t\t<div class=\"elementor-row\">\n\t\t\t\t\t<div class=\"elementor-column elementor-col-100 elementor-top-column elementor-element elementor-element-9c2d19e\" data-id=\"9c2d19e\" data-element_type=\"column\">\n\t\t\t<div class=\"elementor-column-wrap elementor-element-populated\">\n\t\t\t\t\t\t\t<div class=\"elementor-widget-wrap\">\n\t\t\t\t\t\t<div class=\"elementor-element elementor-element-ee70977 elementor-widget elementor-widget-text-editor\" data-id=\"ee70977\" data-element_type=\"widget\" data-widget_type=\"text-editor.default\">\n\t\t\t\t<div class=\"elementor-widget-container\">\n\t\t\t\t\t\t\t\t<div class=\"elementor-text-editor elementor-clearfix\">\n\t\t\t\t\t<h3><strong><span style=\"color: inherit;font-family: inherit;font-size: 1.25rem\">Mikor lesz az idei \u00e9vi V\u00e1ndorgy\u0171l\u00e9s?<\/span><\/strong><\/h3><p>A Magyar K\u00f6nyvt\u00e1rosok Egyes\u00fclete <b>K\u00f6nyvt\u00e1rak a kult\u00fara, a tudom\u00e1ny \u00e9s a k\u00f6z\u00f6ss\u00e9gek szolg\u00e1lat\u00e1ban<\/b> c\u00edmmel\u00a0<strong style=\"font-size: 1rem\">2025. j\u00falius 9-12.<\/strong><span style=\"font-size: 1rem\">\u00a0k\u00f6z\u00f6tt rendezi meg 56. V\u00e1ndorgy\u0171l\u00e9s\u00e9t Debrecenben az MKE Hajd\u00fa-Bihar Megyei Szervezete, a DE Egyetemi \u00e9s Nemzeti K\u00f6nyvt\u00e1r, valamint Debrecen MJV Polg\u00e1rmesteri Hivatal\u00e1nak partners\u00e9g\u00e9vel.<\/span><\/p><p><span style=\"font-size: 1rem;color: #e89922\"><b><a style=\"color: #e89922\" href=\"https:\/\/mkevandorgyules.hu\/helyszinek_debrecen\/\">Helysz\u00ednek<\/a>:<\/b><\/span><\/p><p style=\"padding-left: 40px\"><!--StartFragment--><!--EndFragment--><\/p><ul><li><span style=\"font-size: 1rem\">Debreceni Egyetem t\u00e9ri campus,<\/span><\/li><li><span style=\"font-size: 1rem\">Learning Center,<\/span><\/li><li><span style=\"font-size: 1rem\">B\u00f6lcs\u00e9szettudom\u00e1nyi K\u00f6nyvt\u00e1r,<\/span><\/li><li><span style=\"font-size: 1rem\">\u00c9let- \u00e9s Term\u00e9szettudom\u00e1nyi K\u00f6nyvt\u00e1r,<\/span><\/li><li><span style=\"font-size: 1rem\">M\u00e9liusz Juh\u00e1sz P\u00e9ter <\/span><span style=\"font-size: 1rem\">K\u00f6nyvt\u00e1r<\/span><\/li><\/ul>\t\t\t\t\t<\/div>\n\t\t\t\t\t\t<\/div>\n\t\t\t\t<\/div>\n\t\t\t\t\t\t<\/div>\n\t\t\t\t\t<\/div>\n\t\t<\/div>\n\t\t\t\t\t\t\t\t<\/div>\n\t\t\t\t\t<\/div>\n\t\t<\/section>\n\t\t\t\t<section class=\"elementor-section elementor-top-section elementor-element elementor-element-39c91ea elementor-section-boxed elementor-section-height-default elementor-section-height-default\" data-id=\"39c91ea\" data-element_type=\"section\">\n\t\t\t\t\t\t<div class=\"elementor-container elementor-column-gap-default\">\n\t\t\t\t\t\t\t<div class=\"elementor-row\">\n\t\t\t\t\t<div class=\"elementor-column elementor-col-100 elementor-top-column elementor-element elementor-element-f2f670e\" data-id=\"f2f670e\" data-element_type=\"column\">\n\t\t\t<div class=\"elementor-column-wrap elementor-element-populated\">\n\t\t\t\t\t\t\t<div class=\"elementor-widget-wrap\">\n\t\t\t\t\t\t<div class=\"elementor-element elementor-element-686a0d4 elementor-widget elementor-widget-text-editor\" data-id=\"686a0d4\" data-element_type=\"widget\" data-widget_type=\"text-editor.default\">\n\t\t\t\t<div class=\"elementor-widget-container\">\n\t\t\t\t\t\t\t\t<div class=\"elementor-text-editor elementor-clearfix\">\n\t\t\t\t\t<h3><strong><span style=\"color: inherit;font-family: inherit;font-size: 1.25rem\">Hogyan \u00e9s mikort\u00f3l lehet regisztr\u00e1lni az esem\u00e9nyre?<\/span><\/strong><\/h3><p><span style=\"font-size: 1rem;text-align: justify\">A regisztr\u00e1ci\u00f3 2025. m\u00e1jus 6-t\u00f3l kezd\u0151d\u0151en a V\u00e1ndorgy\u0171l\u00e9s honlapj\u00e1n tal\u00e1lhat\u00f3 <\/span><a style=\"font-size: 1rem;background-color: #ffffff;text-align: justify\" href=\"https:\/\/mkevandorgyules.hu\/regisztracio2025\/\"><span style=\"color: #438d92\"><strong><span style=\"color: #e89922\">Regisztr\u00e1ci\u00f3<\/span><\/strong><\/span><\/a><span style=\"font-size: 1rem;text-align: justify\">\u00a0men\u00fcpontra kattintva \u00e9rhet\u0151 el.<\/span><\/p><p>A kedvezm\u00e9nyes regisztr\u00e1ci\u00f3ra 2025. j\u00fanius 5-ig van lehet\u0151s\u00e9g<\/p>\t\t\t\t\t<\/div>\n\t\t\t\t\t\t<\/div>\n\t\t\t\t<\/div>\n\t\t\t\t\t\t<\/div>\n\t\t\t\t\t<\/div>\n\t\t<\/div>\n\t\t\t\t\t\t\t\t<\/div>\n\t\t\t\t\t<\/div>\n\t\t<\/section>\n\t\t\t\t<section class=\"elementor-section elementor-top-section elementor-element elementor-element-03a8194 elementor-section-boxed elementor-section-height-default elementor-section-height-default\" data-id=\"03a8194\" data-element_type=\"section\">\n\t\t\t\t\t\t<div class=\"elementor-container elementor-column-gap-default\">\n\t\t\t\t\t\t\t<div class=\"elementor-row\">\n\t\t\t\t\t<div class=\"elementor-column elementor-col-100 elementor-top-column elementor-element elementor-element-89ef8d7\" data-id=\"89ef8d7\" data-element_type=\"column\">\n\t\t\t<div class=\"elementor-column-wrap elementor-element-populated\">\n\t\t\t\t\t\t\t<div class=\"elementor-widget-wrap\">\n\t\t\t\t\t\t<div class=\"elementor-element elementor-element-d30136b elementor-widget elementor-widget-text-editor\" data-id=\"d30136b\" data-element_type=\"widget\" data-widget_type=\"text-editor.default\">\n\t\t\t\t<div class=\"elementor-widget-container\">\n\t\t\t\t\t\t\t\t<div class=\"elementor-text-editor elementor-clearfix\">\n\t\t\t\t\t<h3><span style=\"color: inherit;font-family: inherit;font-size: 1.25rem\">Regisztr\u00e1ci\u00f3s<\/span><strong><span style=\"color: inherit;font-family: inherit;font-size: 1.25rem\"> d\u00edjak<\/span><\/strong><\/h3><p>Minden regisztr\u00e1ci\u00f3s d\u00edjakkal kapcsolatos inform\u00e1ci\u00f3 a\u00a0<strong><span style=\"color: #e89922\"><a style=\"font-size: 1rem;background-color: #ffffff;text-align: justify;color: #e89922\" href=\"https:\/\/mkevandorgyules.hu\/regisztracio2025\/\">Regisztr\u00e1ci\u00f3<\/a><\/span><\/strong><span style=\"font-size: 1rem;text-align: justify\"><strong><span style=\"color: #e89922\">\u00a0<\/span><\/strong>men\u00fcpontban tal\u00e1lhat\u00f3.<\/span><\/p>\t\t\t\t\t<\/div>\n\t\t\t\t\t\t<\/div>\n\t\t\t\t<\/div>\n\t\t\t\t\t\t<\/div>\n\t\t\t\t\t<\/div>\n\t\t<\/div>\n\t\t\t\t\t\t\t\t<\/div>\n\t\t\t\t\t<\/div>\n\t\t<\/section>\n\t\t\t\t<section class=\"elementor-section elementor-top-section elementor-element elementor-element-8ebd777 elementor-section-boxed elementor-section-height-default elementor-section-height-default\" data-id=\"8ebd777\" data-element_type=\"section\">\n\t\t\t\t\t\t<div class=\"elementor-container elementor-column-gap-default\">\n\t\t\t\t\t\t\t<div class=\"elementor-row\">\n\t\t\t\t\t<div class=\"elementor-column elementor-col-100 elementor-top-column elementor-element elementor-element-e520dcc\" data-id=\"e520dcc\" data-element_type=\"column\">\n\t\t\t<div class=\"elementor-column-wrap elementor-element-populated\">\n\t\t\t\t\t\t\t<div class=\"elementor-widget-wrap\">\n\t\t\t\t\t\t<div class=\"elementor-element elementor-element-6f98a60 elementor-widget elementor-widget-text-editor\" data-id=\"6f98a60\" data-element_type=\"widget\" data-widget_type=\"text-editor.default\">\n\t\t\t\t<div class=\"elementor-widget-container\">\n\t\t\t\t\t\t\t\t<div class=\"elementor-text-editor elementor-clearfix\">\n\t\t\t\t\t<h3><strong><span style=\"color: inherit;font-family: inherit;font-size: 1.25rem\">Mi alapj\u00e1n ker\u00fcl kiv\u00e1laszt\u00e1sra, hogy ki szervezi h\u00e1zigazda int\u00e9zm\u00e9nyk\u00e9nt a V\u00e1ndorgy\u0171l\u00e9st?<\/span><\/strong><\/h3><p>A V\u00e1ndorgy\u0171l\u00e9s &#8216;v\u00e1ndorl\u00f3 helysz\u00ednekkel&#8217; t\u00f6rt\u00e9n\u0151 \u00e9venk\u00e9nti megszervez\u00e9se nem k\u00f6vet f\u00f6ldrajzi rot\u00e1ci\u00f3s elvet, de a helysz\u00ednek v\u00e1ltozatos felvonultat\u00e1sa tudatos. Az MKE igyekszik minden \u00e9vben olyan partnerint\u00e9zm\u00e9nyt tal\u00e1lni t\u00e1rsszervez\u0151k\u00e9nt, aki \u00e9len j\u00e1r az innov\u00e1ci\u00f3ban, \u00faj szolg\u00e1ltat\u00e1sok \u00e9s \u00faj kreat\u00edv terek jellemzik, megfelel\u0151 infrastrukt\u00far\u00e1val \u00e9s konferenciaszervez\u00e9s ter\u00fclet\u00e9n j\u00e1rtas szem\u00e9lyzettel rendelkezik.<\/p>\t\t\t\t\t<\/div>\n\t\t\t\t\t\t<\/div>\n\t\t\t\t<\/div>\n\t\t\t\t\t\t<\/div>\n\t\t\t\t\t<\/div>\n\t\t<\/div>\n\t\t\t\t\t\t\t\t<\/div>\n\t\t\t\t\t<\/div>\n\t\t<\/section>\n\t\t\t\t\t\t<\/div>\n\t\t\t\t\t\t<\/div>\n\t\t\t\t\t<\/div>\n\t\t","protected":false},"excerpt":{"rendered":"<p>gyik Mikor lesz az idei \u00e9vi V\u00e1ndorgy\u0171l\u00e9s? A Magyar K\u00f6nyvt\u00e1rosok Egyes\u00fclete K\u00f6nyvt\u00e1rak a kult\u00fara, a tudom\u00e1ny \u00e9s a k\u00f6z\u00f6ss\u00e9gek szolg\u00e1lat\u00e1ban c\u00edmmel\u00a02025. j\u00falius 9-12.\u00a0k\u00f6z\u00f6tt rendezi meg 56. V\u00e1ndorgy\u0171l\u00e9s\u00e9t Debrecenben az MKE Hajd\u00fa-Bihar Megyei Szervezete, a DE Egyetemi \u00e9s Nemzeti K\u00f6nyvt\u00e1r, valamint Debrecen MJV Polg\u00e1rmesteri Hivatal\u00e1nak partners\u00e9g\u00e9vel. Helysz\u00ednek: Debreceni Egyetem t\u00e9ri campus, Learning Center, B\u00f6lcs\u00e9szettudom\u00e1nyi K\u00f6nyvt\u00e1r, \u00c9let- [&hellip;]<\/p>\n","protected":false},"author":1,"featured_media":0,"parent":0,"menu_order":0,"comment_status":"closed","ping_status":"closed","template":"","meta":[],"yoast_head":"<!-- This site is optimized with the Yoast SEO plugin v16.4 - https:\/\/yoast.com\/wordpress\/plugins\/seo\/ -->\n<title>GYIK | MKE 56. V\u00e1ndorgy\u0171l\u00e9s<\/title>\n<meta name=\"robots\" content=\"index, follow, max-snippet:-1, max-image-preview:large, max-video-preview:-1\" \/>\n<link rel=\"canonical\" href=\"https:\/\/mkevandorgyules.hu\/gyik\/\" \/>\n<meta property=\"og:locale\" content=\"hu_HU\" \/>\n<meta property=\"og:type\" content=\"article\" \/>\n<meta property=\"og:title\" content=\"GYIK | MKE 56. V\u00e1ndorgy\u0171l\u00e9s\" \/>\n<meta property=\"og:description\" content=\"gyik Mikor lesz az idei \u00e9vi V\u00e1ndorgy\u0171l\u00e9s? A Magyar K\u00f6nyvt\u00e1rosok Egyes\u00fclete K\u00f6nyvt\u00e1rak a kult\u00fara, a tudom\u00e1ny \u00e9s a k\u00f6z\u00f6ss\u00e9gek szolg\u00e1lat\u00e1ban c\u00edmmel\u00a02025. j\u00falius 9-12.\u00a0k\u00f6z\u00f6tt rendezi meg 56. V\u00e1ndorgy\u0171l\u00e9s\u00e9t Debrecenben az MKE Hajd\u00fa-Bihar Megyei Szervezete, a DE Egyetemi \u00e9s Nemzeti K\u00f6nyvt\u00e1r, valamint Debrecen MJV Polg\u00e1rmesteri Hivatal\u00e1nak partners\u00e9g\u00e9vel. Helysz\u00ednek: Debreceni Egyetem t\u00e9ri campus, Learning Center, B\u00f6lcs\u00e9szettudom\u00e1nyi K\u00f6nyvt\u00e1r, \u00c9let- [&hellip;]\" \/>\n<meta property=\"og:url\" content=\"https:\/\/mkevandorgyules.hu\/gyik\/\" \/>\n<meta property=\"og:site_name\" content=\"MKE 56. V\u00e1ndorgy\u0171l\u00e9s\" \/>\n<meta property=\"article:modified_time\" content=\"2025-05-16T08:12:51+00:00\" \/>\n<meta property=\"og:image\" content=\"https:\/\/mkevandorgyules.hu\/wp-content\/uploads\/sites\/7\/2025\/03\/Debrecen_vandorgyules_logo2.jpg\" \/>\n\t<meta property=\"og:image:width\" content=\"2115\" \/>\n\t<meta property=\"og:image:height\" content=\"1838\" \/>\n<meta name=\"twitter:card\" content=\"summary_large_image\" \/>\n<meta name=\"twitter:label1\" content=\"Becs\u00fclt olvas\u00e1si id\u0151\" \/>\n\t<meta name=\"twitter:data1\" content=\"6 perc\" \/>\n<script type=\"application\/ld+json\" class=\"yoast-schema-graph\">{\"@context\":\"https:\/\/schema.org\",\"@graph\":[{\"@type\":\"WebSite\",\"@id\":\"https:\/\/mkevandorgyules.hu\/#website\",\"url\":\"https:\/\/mkevandorgyules.hu\/\",\"name\":\"MKE 56. V\\u00e1ndorgy\\u0171l\\u00e9s\",\"description\":\"2025. j\\u00falius 9-12., Debrecen\",\"potentialAction\":[{\"@type\":\"SearchAction\",\"target\":\"https:\/\/mkevandorgyules.hu\/?s={search_term_string}\",\"query-input\":\"required name=search_term_string\"}],\"inLanguage\":\"hu\"},{\"@type\":\"WebPage\",\"@id\":\"https:\/\/mkevandorgyules.hu\/gyik\/#webpage\",\"url\":\"https:\/\/mkevandorgyules.hu\/gyik\/\",\"name\":\"GYIK | MKE 56. V\\u00e1ndorgy\\u0171l\\u00e9s\",\"isPartOf\":{\"@id\":\"https:\/\/mkevandorgyules.hu\/#website\"},\"datePublished\":\"2021-05-20T13:05:40+00:00\",\"dateModified\":\"2025-05-16T08:12:51+00:00\",\"breadcrumb\":{\"@id\":\"https:\/\/mkevandorgyules.hu\/gyik\/#breadcrumb\"},\"inLanguage\":\"hu\",\"potentialAction\":[{\"@type\":\"ReadAction\",\"target\":[\"https:\/\/mkevandorgyules.hu\/gyik\/\"]}]},{\"@type\":\"BreadcrumbList\",\"@id\":\"https:\/\/mkevandorgyules.hu\/gyik\/#breadcrumb\",\"itemListElement\":[{\"@type\":\"ListItem\",\"position\":1,\"item\":{\"@type\":\"WebPage\",\"@id\":\"https:\/\/mkevandorgyules.hu\/\",\"url\":\"https:\/\/mkevandorgyules.hu\/\",\"name\":\"Home\"}},{\"@type\":\"ListItem\",\"position\":2,\"item\":{\"@id\":\"https:\/\/mkevandorgyules.hu\/gyik\/#webpage\"}}]}]}<\/script>\n<!-- \/ Yoast SEO plugin. -->","_links":{"self":[{"href":"https:\/\/mkevandorgyules.hu\/wp-json\/wp\/v2\/pages\/1444"}],"collection":[{"href":"https:\/\/mkevandorgyules.hu\/wp-json\/wp\/v2\/pages"}],"about":[{"href":"https:\/\/mkevandorgyules.hu\/wp-json\/wp\/v2\/types\/page"}],"author":[{"embeddable":true,"href":"https:\/\/mkevandorgyules.hu\/wp-json\/wp\/v2\/users\/1"}],"replies":[{"embeddable":true,"href":"https:\/\/mkevandorgyules.hu\/wp-json\/wp\/v2\/comments?post=1444"}],"version-history":[{"count":184,"href":"https:\/\/mkevandorgyules.hu\/wp-json\/wp\/v2\/pages\/1444\/revisions"}],"predecessor-version":[{"id":35868,"href":"https:\/\/mkevandorgyules.hu\/wp-json\/wp\/v2\/pages\/1444\/revisions\/35868"}],"wp:attachment":[{"href":"https:\/\/mkevandorgyules.hu\/wp-json\/wp\/v2\/media?parent=1444"}],"curies":[{"name":"wp","href":"https:\/\/api.w.org\/{rel}","templated":true}]}}