{"id":27325,"date":"2024-04-29T07:51:26","date_gmt":"2024-04-29T05:51:26","guid":{"rendered":"https:\/\/mkevandorgyules.hu\/?page_id=27325"},"modified":"2025-06-18T14:51:47","modified_gmt":"2025-06-18T12:51:47","slug":"szamlazasi-informaciok","status":"publish","type":"page","link":"https:\/\/mkevandorgyules.hu\/szamlazasi-informaciok\/","title":{"rendered":"Sz\u00e1ml\u00e1z\u00e1si inform\u00e1ci\u00f3k"},"content":{"rendered":"\t\t<div data-elementor-type=\"wp-page\" data-elementor-id=\"27325\" class=\"elementor elementor-27325\" data-elementor-settings=\"[]\">\n\t\t\t\t\t\t<div class=\"elementor-inner\">\n\t\t\t\t\t\t\t<div class=\"elementor-section-wrap\">\n\t\t\t\t\t\t\t<section class=\"elementor-section elementor-top-section elementor-element elementor-element-e94f30e elementor-section-boxed elementor-section-height-default elementor-section-height-default\" data-id=\"e94f30e\" data-element_type=\"section\">\n\t\t\t\t\t\t<div class=\"elementor-container elementor-column-gap-default\">\n\t\t\t\t\t\t\t<div class=\"elementor-row\">\n\t\t\t\t\t<div class=\"elementor-column elementor-col-100 elementor-top-column elementor-element elementor-element-bd015e9\" data-id=\"bd015e9\" data-element_type=\"column\">\n\t\t\t<div class=\"elementor-column-wrap elementor-element-populated\">\n\t\t\t\t\t\t\t<div class=\"elementor-widget-wrap\">\n\t\t\t\t\t\t<div class=\"elementor-element elementor-element-13dad48 elementor-widget elementor-widget-heading\" data-id=\"13dad48\" data-element_type=\"widget\" data-widget_type=\"heading.default\">\n\t\t\t\t<div class=\"elementor-widget-container\">\n\t\t\t<h2 class=\"elementor-heading-title elementor-size-default\">MKE 56. V\u00e1ndorgy\u0171l\u00e9s<\/h2>\t\t<\/div>\n\t\t\t\t<\/div>\n\t\t\t\t<div class=\"elementor-element elementor-element-af00b00 elementor-widget elementor-widget-heading\" data-id=\"af00b00\" data-element_type=\"widget\" data-widget_type=\"heading.default\">\n\t\t\t\t<div class=\"elementor-widget-container\">\n\t\t\t<h2 class=\"elementor-heading-title elementor-size-default\">Sz\u00e1ml\u00e1z\u00e1si inform\u00e1ci\u00f3k 2025<\/h2>\t\t<\/div>\n\t\t\t\t<\/div>\n\t\t\t\t<div class=\"elementor-element elementor-element-57ef63d elementor-view-default elementor-widget elementor-widget-icon\" data-id=\"57ef63d\" data-element_type=\"widget\" data-widget_type=\"icon.default\">\n\t\t\t\t<div class=\"elementor-widget-container\">\n\t\t\t\t\t<div class=\"elementor-icon-wrapper\">\n\t\t\t<div class=\"elementor-icon\">\n\t\t\t<i aria-hidden=\"true\" class=\"fas fa-angle-double-down\"><\/i>\t\t\t<\/div>\n\t\t<\/div>\n\t\t\t\t<\/div>\n\t\t\t\t<\/div>\n\t\t\t\t\t\t<\/div>\n\t\t\t\t\t<\/div>\n\t\t<\/div>\n\t\t\t\t\t\t\t\t<\/div>\n\t\t\t\t\t<\/div>\n\t\t<\/section>\n\t\t\t\t<section class=\"elementor-section elementor-top-section elementor-element elementor-element-964ead3 elementor-section-boxed elementor-section-height-default elementor-section-height-default\" data-id=\"964ead3\" data-element_type=\"section\">\n\t\t\t\t\t\t<div class=\"elementor-container elementor-column-gap-default\">\n\t\t\t\t\t\t\t<div class=\"elementor-row\">\n\t\t\t\t\t<div class=\"elementor-column elementor-col-100 elementor-top-column elementor-element elementor-element-e1b9294\" data-id=\"e1b9294\" data-element_type=\"column\">\n\t\t\t<div class=\"elementor-column-wrap elementor-element-populated\">\n\t\t\t\t\t\t\t<div class=\"elementor-widget-wrap\">\n\t\t\t\t\t\t<div class=\"elementor-element elementor-element-721ac20 elementor-widget elementor-widget-text-editor\" data-id=\"721ac20\" data-element_type=\"widget\" data-widget_type=\"text-editor.default\">\n\t\t\t\t<div class=\"elementor-widget-container\">\n\t\t\t\t\t\t\t\t<div class=\"elementor-text-editor elementor-clearfix\">\n\t\t\t\t\t<ul>\n<li><span style=\"font-size: 1rem\">A Magyar K\u00f6nyvt\u00e1rosok Egyes\u00fclete 56. V\u00e1ndorgy\u0171l\u00e9s\u00e9nek p\u00e9nz\u00fcgyi lebonyol\u00edt\u00e1s\u00e1t a <strong>Debreceni Campus Nonprofit K\u00f6zhaszn\u00fa Kft.<\/strong> (tov\u00e1bbiakban: Campus Kft.) v\u00e9gzi.<\/span><\/li>\n<\/ul>\n<p>A sz\u00e1mlakibocs\u00e1t\u00f3 adatai:<\/p>\n<ul>\n<li>C\u00e9gn\u00e9v: Debreceni Campus Nonprofit K\u00f6zhaszn\u00fa Kft.<\/li>\n<li>Banksz\u00e1mlasz\u00e1m: 11738008-21510559-00000000 (OTP Bank Nyrt)<\/li>\n<li>IBAN: HU66117380082151055900000000<\/li>\n<li>SWIFT: OTPVHUHB<\/li>\n<\/ul>\n<div>&nbsp;<\/div>\n<div>\n<p>A sz\u00e1ll\u00e1shoz kapcsol\u00f3d\u00f3 kibocs\u00e1t\u00f3:<\/p>\n<ul>\n<li data-ogsc=\"black\" data-ogsb=\"rgb(255, 255, 255)\" data-olk-copy-source=\"MessageBody\">C\u00e9gn\u00e9v: UD HOTELS Nonprofit K\u00f6zhaszn\u00fa Kft.<\/li>\n<li>Banksz\u00e1mlasz\u00e1m: 11738008-21485330-00000000<\/li>\n<li>\n<div data-ogsc=\"black\" data-olk-copy-source=\"MessageBody\">IBAN: HU58 1173 8008 2148 5330 0000 0000<\/div>\n<\/li>\n<li>\n<div data-ogsc=\"black\" data-olk-copy-source=\"MessageBody\">SWIFT: OTPVHUHB<\/div>\n<\/li>\n<\/ul>\n<div data-ogsc=\"black\" data-olk-copy-source=\"MessageBody\">&nbsp;<\/div>\n<\/div>\n<h2>Tudnival\u00f3k a k\u00f6lts\u00e9gvisel\u0151k megjel\u00f6l\u00e9s\u00e9r\u0151l<\/h2>\n<p>A regisztr\u00e1ci\u00f3 sor\u00e1n meg kell adnia a sz\u00e1ml\u00e1z\u00e1si adatokat, ahol t\u00f6bb k\u00f6lts\u00e9gvisel\u0151 c\u00edm\u00e9t is be\u00edrhatja. Ezek lehetnek: <em>mag\u00e1nszem\u00e9ly<\/em>, <em>c\u00e9g<\/em>, valamint az <em>MKE \u00e9s szervezetei (Egyes\u00fclet)<\/em>.<\/p>\n<p>A felmer\u00fcl\u0151 k\u00f6lts\u00e9gek mindegyik\u00e9n\u00e9l jelezheti, hogy azok mik\u00e9nt oszlanak meg az egyes k\u00f6lts\u00e9gvisel\u0151k k\u00f6z\u00f6tt.<\/p>\n<h4>Sz\u00e1mla c\u00e9geknek<\/h4>\n<p><u>A munkahely\/c\u00e9g<\/u> \u00e1ltal viselt k\u00f6lts\u00e9gekhez <strong>d\u00edjbek\u00e9r\u0151ket<\/strong> \u00e1ll\u00edt ki a p\u00e9nz\u00fcgyi lebonyol\u00edt\u00f3.<\/p>\n<ul>\n<li>A d\u00edjbek\u00e9r\u0151k ki\u00e1ll\u00edt\u00e1sa \u00e9s kik\u00fcld\u00e9se <strong>j\u00fanius 10-\u00e9n kezd\u0151dik<\/strong>.<\/li>\n<li>C\u00e9g\/munkahely <strong>j\u00fanius 25-ig jel\u00f6lhet\u0151 meg k\u00f6lts\u00e9gvisel\u0151k\u00e9nt<\/strong> a regisztr\u00e1ci\u00f3ban. Ezt k\u00f6vet\u0151en ez az opci\u00f3 nem lesz el\u00e9rhet\u0151!<\/li>\n<li>A d\u00edjbek\u00e9r\u0151ket \u00e9s a sz\u00e1ml\u00e1kat <strong>elektronikus form\u00e1ban <\/strong>a regisztr\u00e1ci\u00f3 sor\u00e1n megadott <strong>c\u00e9ges e-mail c\u00edmre<\/strong> k\u00fcldi a Campus Kft.<\/li>\n<li>Az ugyanatt\u00f3l a c\u00e9gt\u0151l \u00e9rkez\u0151 r\u00e9sztvev\u0151k k\u00f6lts\u00e9geir\u0151l <strong>egy sz\u00e1ml\u00e1t \u00e1ll\u00edtunk ki<\/strong>, melyen az egyes k\u00f6lts\u00e9gelemek (regisztr\u00e1ci\u00f3s d\u00edj, sz\u00e1ll\u00e1s, \u00e9tkez\u00e9s stb.) k\u00fcl\u00f6n, de <em>jelentkez\u0151k\u00e9nt nem r\u00e9szletezett m\u00f3don<\/em> lesznek felt\u00fcntetve. (Az egy jelentkez\u0151re vonatkoz\u00f3 k\u00f6lts\u00e9gelemek azonos\u00edt\u00e1s\u00e1hoz a visszaigazol\u00f3 e-mailben k\u00fcld\u00f6tt r\u00e9szletes adatok haszn\u00e1lhat\u00f3k.)<\/li>\n<li>A d\u00edjbek\u00e9r\u0151 \u00e9s a sz\u00e1mla befizet\u00e9si <strong>hat\u00e1rideje 15 nap<\/strong>. Utal\u00e1sn\u00e1l k\u00e9rj\u00fck a megjegyz\u00e9sbe mindenk\u00e9pp \u00edrj\u00e1k be a <strong>r\u00e9sztvev\u0151k nev\u00e9t \u00e9s a d\u00edjbek\u00e9r\u0151 sorsz\u00e1m\u00e1t<\/strong>, hogy egy\u00e9rtelm\u0171en beazonos\u00edthat\u00f3 legyen a be\u00e9rkezett \u00f6sszeg!<\/li>\n<li>Amennyiben az <strong>\u00d6n c\u00e9ge\/munkahelye nem k\u00e9ri a d\u00edjbek\u00e9r\u0151 ki\u00e1ll\u00edt\u00e1s\u00e1t<\/strong>, k\u00e9rj\u00fck jelezze ezt Moln\u00e1rn\u00e9 Varga Katalinnak a <a style=\"font-family: -apple-system, BlinkMacSystemFont, 'Segoe UI', Roboto, 'Helvetica Neue', Arial, 'Noto Sans', sans-serif, 'Apple Color Emoji', 'Segoe UI Emoji', 'Segoe UI Symbol', 'Noto Color Emoji';font-size: 1rem\" title=\"mailto:varga.katalin@meliusz.hu\" href=\"mailto:varga.katalin@meliusz.hu\" data-linkindex=\"2\" data-ogsc=\"\" data-olk-copy-source=\"MessageBody\">varga.katalin@meliusz.hu <\/a>email c\u00edmen.<\/li>\n<\/ul>\n<h4>Sz\u00e1mla mag\u00e1nszem\u00e9lyeknek \u00e9s az Egyes\u00fclet r\u00e9sz\u00e9re<\/h4>\n<p><u>A mag\u00e1nszem\u00e9lyhez \u00e9s a Magyar K\u00f6nyvt\u00e1rosok Egyes\u00fclet\u00e9hez, illetve szervezeteihez <\/u>sorolt k\u00f6lts\u00e9gekr\u0151l <strong>nem k\u00e9sz\u00fcl d\u00edjbek\u00e9r\u0151<\/strong>, azokr\u00f3l a p\u00e9nz\u00fcgyi lebonyol\u00edt\u00f3 sz\u00e1ml\u00e1t \u00e1ll\u00edt ki, melynek <strong>befizet\u00e9si hat\u00e1rideje 8 nap<\/strong>.<\/p>\n<p><strong>A r\u00e9szv\u00e9teli k\u00f6lts\u00e9gek a fenti sz\u00e1mlasz\u00e1mokra a regisztr\u00e1ci\u00f3t k\u00f6vet\u0151en k\u00f6zvetlen\u00fcl is utalhat\u00f3k.<\/strong><\/p>\n<h3>Hat\u00e1rid\u0151k \u00e9s lemond\u00e1s<\/h3>\n<p>A V\u00e1ndorgy\u0171l\u00e9sre <strong>2025. j\u00falius 7-ig<\/strong> lehet regisztr\u00e1lni.<\/p>\n<p>Az esem\u00e9nyen val\u00f3 <strong>r\u00e9szv\u00e9tel felt\u00e9tele<\/strong> a regisztr\u00e1ci\u00f3s d\u00edj, valamint a jelentkez\u00e9s sor\u00e1n megadott k\u00f6lts\u00e9gek id\u0151ben t\u00f6rt\u00e9n\u0151 befizet\u00e9se. Az egyes k\u00f6lts\u00e9gek vonatkoz\u00e1s\u00e1ban elt\u00e9r\u0151 hat\u00e1rid\u0151ket szabtunk meg, melyek ut\u00e1n az \u00e9rintett lehet\u0151s\u00e9g elt\u0171nik a regisztr\u00e1ci\u00f3s \u0171rlapr\u00f3l.<\/p>\n<ul>\n<li>A <strong>sz\u00e1ll\u00e1s<\/strong> \u0171rlapon val\u00f3 lefoglal\u00e1s\u00e1nak hat\u00e1rideje: <strong>j\u00fanius 5<\/strong>.<\/li>\n<li>A <strong>c\u00e9gek k\u00f6lts\u00e9gvisel\u0151k\u00e9nt <\/strong>val\u00f3 megjel\u00f6l\u00e9se: <strong>j\u00fanius 25<\/strong>.<\/li>\n<li>A <b>Bar\u00e1ti tal\u00e1lkoz\u00f3ra, a szombati kir\u00e1ndul\u00e1sokra <\/b><span data-start=\"276\" data-end=\"312\">\u00e9s az <b>\u00e9tkez\u00e9si ig\u00e9nyek lead\u00e1s\u00e1ra<\/b><\/span> a megadott l\u00e9tsz\u00e1mkeret erej\u00e9ig, de legk\u00e9s\u0151bb <strong data-start=\"359\" data-end=\"374\">j\u00falius 3-ig<\/strong> van lehet\u0151s\u00e9g.<\/li>\n<li>A r\u00e9szv\u00e9tel \u00edr\u00e1sos <strong>lemond\u00e1sa<\/strong><strong> j\u00fanius 25-ig<\/strong>&nbsp;lehets\u00e9ges. Az eddig befizetett \u00f6sszeget, a regisztr\u00e1ci\u00f3s d\u00edj kiv\u00e9tel\u00e9vel visszat\u00e9r\u00edtj\u00fck. K\u00e9rj\u00fck vegye figyelembe, hogy a j\u00fanius 25. ut\u00e1n \u00e9rkez\u0151 lemond\u00e1sok eset\u00e9n a befizetett \u00f6sszeget nem \u00e1ll m\u00f3dunkban visszat\u00e9r\u00edteni!<\/li>\n<\/ul>\n<p>A regisztr\u00e1ci\u00f3 lemond\u00e1s\u00e1ra vonatkoz\u00f3 ig\u00e9ny\u00e9t a<a href=\"mailto:vandorgyules.debrecen@lib.unideb.hu\"><strong>&nbsp;vandorgyules.debrecen@lib.unideb.hu<\/strong><\/a>&nbsp;e-mail c\u00edmre k\u00fcldheti el.<\/p>\t\t\t\t\t<\/div>\n\t\t\t\t\t\t<\/div>\n\t\t\t\t<\/div>\n\t\t\t\t\t\t<\/div>\n\t\t\t\t\t<\/div>\n\t\t<\/div>\n\t\t\t\t\t\t\t\t<\/div>\n\t\t\t\t\t<\/div>\n\t\t<\/section>\n\t\t\t\t\t\t<\/div>\n\t\t\t\t\t\t<\/div>\n\t\t\t\t\t<\/div>\n\t\t","protected":false},"excerpt":{"rendered":"<p>Sz\u00e1ml\u00e1z\u00e1si inform\u00e1ci\u00f3k 2025 A Magyar K\u00f6nyvt\u00e1rosok Egyes\u00fclete 56. V\u00e1ndorgy\u0171l\u00e9s\u00e9nek p\u00e9nz\u00fcgyi lebonyol\u00edt\u00e1s\u00e1t a Debreceni Campus Nonprofit K\u00f6zhaszn\u00fa Kft. (tov\u00e1bbiakban: Campus Kft.) v\u00e9gzi. A sz\u00e1mlakibocs\u00e1t\u00f3 adatai: C\u00e9gn\u00e9v: Debreceni Campus Nonprofit K\u00f6zhaszn\u00fa Kft. Banksz\u00e1mlasz\u00e1m: 11738008-21510559-00000000 (OTP Bank Nyrt) IBAN: HU66117380082151055900000000 SWIFT: OTPVHUHB &nbsp; A sz\u00e1ll\u00e1shoz kapcsol\u00f3d\u00f3 kibocs\u00e1t\u00f3: C\u00e9gn\u00e9v: UD HOTELS Nonprofit K\u00f6zhaszn\u00fa Kft. Banksz\u00e1mlasz\u00e1m: 11738008-21485330-00000000 IBAN: HU58 1173 [&hellip;]<\/p>\n","protected":false},"author":27,"featured_media":0,"parent":0,"menu_order":0,"comment_status":"closed","ping_status":"closed","template":"","meta":[],"yoast_head":"<!-- This site is optimized with the Yoast SEO plugin v16.4 - https:\/\/yoast.com\/wordpress\/plugins\/seo\/ -->\n<title>Sz\u00e1ml\u00e1z\u00e1si inform\u00e1ci\u00f3k | MKE 56. V\u00e1ndorgy\u0171l\u00e9s<\/title>\n<meta name=\"robots\" content=\"index, follow, max-snippet:-1, max-image-preview:large, max-video-preview:-1\" \/>\n<link rel=\"canonical\" href=\"https:\/\/mkevandorgyules.hu\/szamlazasi-informaciok\/\" \/>\n<meta property=\"og:locale\" content=\"hu_HU\" \/>\n<meta property=\"og:type\" content=\"article\" \/>\n<meta property=\"og:title\" content=\"Sz\u00e1ml\u00e1z\u00e1si inform\u00e1ci\u00f3k | MKE 56. V\u00e1ndorgy\u0171l\u00e9s\" \/>\n<meta property=\"og:description\" content=\"Sz\u00e1ml\u00e1z\u00e1si inform\u00e1ci\u00f3k 2025 A Magyar K\u00f6nyvt\u00e1rosok Egyes\u00fclete 56. V\u00e1ndorgy\u0171l\u00e9s\u00e9nek p\u00e9nz\u00fcgyi lebonyol\u00edt\u00e1s\u00e1t a Debreceni Campus Nonprofit K\u00f6zhaszn\u00fa Kft. (tov\u00e1bbiakban: Campus Kft.) v\u00e9gzi. A sz\u00e1mlakibocs\u00e1t\u00f3 adatai: C\u00e9gn\u00e9v: Debreceni Campus Nonprofit K\u00f6zhaszn\u00fa Kft. Banksz\u00e1mlasz\u00e1m: 11738008-21510559-00000000 (OTP Bank Nyrt) IBAN: HU66117380082151055900000000 SWIFT: OTPVHUHB &nbsp; A sz\u00e1ll\u00e1shoz kapcsol\u00f3d\u00f3 kibocs\u00e1t\u00f3: C\u00e9gn\u00e9v: UD HOTELS Nonprofit K\u00f6zhaszn\u00fa Kft. Banksz\u00e1mlasz\u00e1m: 11738008-21485330-00000000 IBAN: HU58 1173 [&hellip;]\" \/>\n<meta property=\"og:url\" content=\"https:\/\/mkevandorgyules.hu\/szamlazasi-informaciok\/\" \/>\n<meta property=\"og:site_name\" content=\"MKE 56. V\u00e1ndorgy\u0171l\u00e9s\" \/>\n<meta property=\"article:modified_time\" content=\"2025-06-18T12:51:47+00:00\" \/>\n<meta property=\"og:image\" content=\"https:\/\/mkevandorgyules.hu\/wp-content\/uploads\/sites\/7\/2025\/03\/Debrecen_vandorgyules_logo2.jpg\" \/>\n\t<meta property=\"og:image:width\" content=\"2115\" \/>\n\t<meta property=\"og:image:height\" content=\"1838\" \/>\n<meta name=\"twitter:card\" content=\"summary_large_image\" \/>\n<meta name=\"twitter:label1\" content=\"Becs\u00fclt olvas\u00e1si id\u0151\" \/>\n\t<meta name=\"twitter:data1\" content=\"1 perc\" \/>\n<script type=\"application\/ld+json\" class=\"yoast-schema-graph\">{\"@context\":\"https:\/\/schema.org\",\"@graph\":[{\"@type\":\"WebSite\",\"@id\":\"https:\/\/mkevandorgyules.hu\/#website\",\"url\":\"https:\/\/mkevandorgyules.hu\/\",\"name\":\"MKE 56. V\\u00e1ndorgy\\u0171l\\u00e9s\",\"description\":\"2025. j\\u00falius 9-12., Debrecen\",\"potentialAction\":[{\"@type\":\"SearchAction\",\"target\":\"https:\/\/mkevandorgyules.hu\/?s={search_term_string}\",\"query-input\":\"required name=search_term_string\"}],\"inLanguage\":\"hu\"},{\"@type\":\"WebPage\",\"@id\":\"https:\/\/mkevandorgyules.hu\/szamlazasi-informaciok\/#webpage\",\"url\":\"https:\/\/mkevandorgyules.hu\/szamlazasi-informaciok\/\",\"name\":\"Sz\\u00e1ml\\u00e1z\\u00e1si inform\\u00e1ci\\u00f3k | MKE 56. V\\u00e1ndorgy\\u0171l\\u00e9s\",\"isPartOf\":{\"@id\":\"https:\/\/mkevandorgyules.hu\/#website\"},\"datePublished\":\"2024-04-29T05:51:26+00:00\",\"dateModified\":\"2025-06-18T12:51:47+00:00\",\"breadcrumb\":{\"@id\":\"https:\/\/mkevandorgyules.hu\/szamlazasi-informaciok\/#breadcrumb\"},\"inLanguage\":\"hu\",\"potentialAction\":[{\"@type\":\"ReadAction\",\"target\":[\"https:\/\/mkevandorgyules.hu\/szamlazasi-informaciok\/\"]}]},{\"@type\":\"BreadcrumbList\",\"@id\":\"https:\/\/mkevandorgyules.hu\/szamlazasi-informaciok\/#breadcrumb\",\"itemListElement\":[{\"@type\":\"ListItem\",\"position\":1,\"item\":{\"@type\":\"WebPage\",\"@id\":\"https:\/\/mkevandorgyules.hu\/\",\"url\":\"https:\/\/mkevandorgyules.hu\/\",\"name\":\"Home\"}},{\"@type\":\"ListItem\",\"position\":2,\"item\":{\"@id\":\"https:\/\/mkevandorgyules.hu\/szamlazasi-informaciok\/#webpage\"}}]}]}<\/script>\n<!-- \/ Yoast SEO plugin. -->","_links":{"self":[{"href":"https:\/\/mkevandorgyules.hu\/wp-json\/wp\/v2\/pages\/27325"}],"collection":[{"href":"https:\/\/mkevandorgyules.hu\/wp-json\/wp\/v2\/pages"}],"about":[{"href":"https:\/\/mkevandorgyules.hu\/wp-json\/wp\/v2\/types\/page"}],"author":[{"embeddable":true,"href":"https:\/\/mkevandorgyules.hu\/wp-json\/wp\/v2\/users\/27"}],"replies":[{"embeddable":true,"href":"https:\/\/mkevandorgyules.hu\/wp-json\/wp\/v2\/comments?post=27325"}],"version-history":[{"count":49,"href":"https:\/\/mkevandorgyules.hu\/wp-json\/wp\/v2\/pages\/27325\/revisions"}],"predecessor-version":[{"id":36711,"href":"https:\/\/mkevandorgyules.hu\/wp-json\/wp\/v2\/pages\/27325\/revisions\/36711"}],"wp:attachment":[{"href":"https:\/\/mkevandorgyules.hu\/wp-json\/wp\/v2\/media?parent=27325"}],"curies":[{"name":"wp","href":"https:\/\/api.w.org\/{rel}","templated":true}]}}