{"id":32131,"date":"2024-07-16T13:33:46","date_gmt":"2024-07-16T11:33:46","guid":{"rendered":"https:\/\/mkevandorgyules.hu\/?page_id=32131"},"modified":"2025-07-14T10:13:47","modified_gmt":"2025-07-14T08:13:47","slug":"elegedettsegi-kerdoiv","status":"publish","type":"page","link":"https:\/\/mkevandorgyules.hu\/elegedettsegi-kerdoiv\/","title":{"rendered":"El\u00e9gedetts\u00e9gi k\u00e9rd\u0151\u00edv"},"content":{"rendered":"\t\t<div data-elementor-type=\"wp-page\" data-elementor-id=\"32131\" class=\"elementor elementor-32131\" data-elementor-settings=\"[]\">\n\t\t\t\t\t\t<div class=\"elementor-inner\">\n\t\t\t\t\t\t\t<div class=\"elementor-section-wrap\">\n\t\t\t\t\t\t\t<section class=\"elementor-section elementor-top-section elementor-element elementor-element-6cf4314 elementor-section-boxed elementor-section-height-default elementor-section-height-default\" data-id=\"6cf4314\" data-element_type=\"section\">\n\t\t\t\t\t\t<div class=\"elementor-container elementor-column-gap-default\">\n\t\t\t\t\t\t\t<div class=\"elementor-row\">\n\t\t\t\t\t<div class=\"elementor-column elementor-col-100 elementor-top-column elementor-element elementor-element-49f3fc4\" data-id=\"49f3fc4\" data-element_type=\"column\">\n\t\t\t<div class=\"elementor-column-wrap elementor-element-populated\">\n\t\t\t\t\t\t\t<div class=\"elementor-widget-wrap\">\n\t\t\t\t\t\t<div class=\"elementor-element elementor-element-8055881 elementor-widget elementor-widget-heading\" data-id=\"8055881\" data-element_type=\"widget\" data-widget_type=\"heading.default\">\n\t\t\t\t<div class=\"elementor-widget-container\">\n\t\t\t<h2 class=\"elementor-heading-title elementor-size-default\">MKE 56. V\u00e1ndorgy\u0171l\u00e9s<\/h2>\t\t<\/div>\n\t\t\t\t<\/div>\n\t\t\t\t<div class=\"elementor-element elementor-element-e115c48 elementor-widget elementor-widget-heading\" data-id=\"e115c48\" data-element_type=\"widget\" data-widget_type=\"heading.default\">\n\t\t\t\t<div class=\"elementor-widget-container\">\n\t\t\t<h2 class=\"elementor-heading-title elementor-size-default\">El\u00e9gedetts\u00e9gi k\u00e9rd\u0151\u00edv<\/h2>\t\t<\/div>\n\t\t\t\t<\/div>\n\t\t\t\t<div class=\"elementor-element elementor-element-ee94c87 elementor-view-default elementor-widget elementor-widget-icon\" data-id=\"ee94c87\" data-element_type=\"widget\" data-widget_type=\"icon.default\">\n\t\t\t\t<div class=\"elementor-widget-container\">\n\t\t\t\t\t<div class=\"elementor-icon-wrapper\">\n\t\t\t<div class=\"elementor-icon\">\n\t\t\t<i aria-hidden=\"true\" class=\"fas fa-angle-double-down\"><\/i>\t\t\t<\/div>\n\t\t<\/div>\n\t\t\t\t<\/div>\n\t\t\t\t<\/div>\n\t\t\t\t\t\t<\/div>\n\t\t\t\t\t<\/div>\n\t\t<\/div>\n\t\t\t\t\t\t\t\t<\/div>\n\t\t\t\t\t<\/div>\n\t\t<\/section>\n\t\t\t\t<section class=\"elementor-section elementor-top-section elementor-element elementor-element-c9add2d elementor-section-boxed elementor-section-height-default elementor-section-height-default\" data-id=\"c9add2d\" data-element_type=\"section\">\n\t\t\t\t\t\t<div class=\"elementor-container elementor-column-gap-default\">\n\t\t\t\t\t\t\t<div class=\"elementor-row\">\n\t\t\t\t\t<div class=\"elementor-column elementor-col-100 elementor-top-column elementor-element elementor-element-ae5fae1\" data-id=\"ae5fae1\" data-element_type=\"column\">\n\t\t\t<div class=\"elementor-column-wrap elementor-element-populated\">\n\t\t\t\t\t\t\t<div class=\"elementor-widget-wrap\">\n\t\t\t\t\t\t<div class=\"elementor-element elementor-element-6f1ce3a elementor-widget elementor-widget-text-editor\" data-id=\"6f1ce3a\" data-element_type=\"widget\" data-widget_type=\"text-editor.default\">\n\t\t\t\t<div class=\"elementor-widget-container\">\n\t\t\t\t\t\t\t\t<div class=\"elementor-text-editor elementor-clearfix\">\n\t\t\t\t\t<p><strong>K\u00f6sz\u00f6nj\u00fck, hogy megtisztelte jelenl\u00e9t\u00e9vel rendezv\u00e9ny\u00fcnket.<\/strong><\/p><p>K\u00e9rj\u00fck, seg\u00edtse egyes\u00fcleti munk\u00e1nkat azzal, hogy kit\u00f6lti az al\u00e1bbi el\u00e9gedetts\u00e9gi k\u00e9rd\u0151\u00edvet. \u00cdgy a j\u00f6v\u0151ben m\u00e9g ink\u00e1bb az \u00d6n\u00f6k ig\u00e9nyeinek ment\u00e9n tudjuk alak\u00edtani a v\u00e1ndorgy\u0171l\u00e9s szakmai programjait \u00e9s technikai felt\u00e9teleit. A k\u00e9rd\u0151\u00edv kit\u00f6lt\u00e9se kb. 8 percet vesz ig\u00e9nybe.<\/p><p style=\"text-align: right\"><em>K\u00f6sz\u00f6nj\u00fck! Az MKE eln\u00f6ks\u00e9ge.<\/em><a id=\"anchor-a0e17489-3e7a-2994-ed2a-3e7435ec9dcf\" style=\"border: 0px;font: inherit;margin: 0px;padding: 0px;vertical-align: baseline\" title=\"https:\/\/forms.gle\/34J3xXQmgpNLg8vs6\" href=\"https:\/\/forms.gle\/34J3xXQmgpNLg8vs6\" target=\"_blank\" rel=\"noopener noreferrer\" data-auth=\"NotApplicable\" data-linkindex=\"1\" data-ogsc=\"\" data-olk-copy-source=\"MessageBody\"><\/a><\/p>\t\t\t\t\t<\/div>\n\t\t\t\t\t\t<\/div>\n\t\t\t\t<\/div>\n\t\t\t\t\t\t<\/div>\n\t\t\t\t\t<\/div>\n\t\t<\/div>\n\t\t\t\t\t\t\t\t<\/div>\n\t\t\t\t\t<\/div>\n\t\t<\/section>\n\t\t\t\t<section class=\"elementor-section elementor-top-section elementor-element elementor-element-3e9cf39 elementor-section-boxed elementor-section-height-default elementor-section-height-default\" data-id=\"3e9cf39\" data-element_type=\"section\">\n\t\t\t\t\t\t<div class=\"elementor-container elementor-column-gap-default\">\n\t\t\t\t\t\t\t<div class=\"elementor-row\">\n\t\t\t\t\t<div class=\"elementor-column elementor-col-100 elementor-top-column elementor-element elementor-element-5b2dcd1\" data-id=\"5b2dcd1\" data-element_type=\"column\">\n\t\t\t<div class=\"elementor-column-wrap elementor-element-populated\">\n\t\t\t\t\t\t\t<div class=\"elementor-widget-wrap\">\n\t\t\t\t\t\t<div class=\"elementor-element elementor-element-067be8c elementor-align-center elementor-widget elementor-widget-button\" data-id=\"067be8c\" data-element_type=\"widget\" data-widget_type=\"button.default\">\n\t\t\t\t<div class=\"elementor-widget-container\">\n\t\t\t\t\t<div class=\"elementor-button-wrapper\">\n\t\t\t<a href=\"https:\/\/forms.gle\/34J3xXQmgpNLg8vs6\" class=\"elementor-button-link elementor-button elementor-size-sm\" role=\"button\">\n\t\t\t\t\t\t<span class=\"elementor-button-content-wrapper\">\n\t\t\t\t\t\t<span class=\"elementor-button-text\">Kit\u00f6lt\u00f6m a k\u00e9rd\u0151\u00edvet!<\/span>\n\t\t<\/span>\n\t\t\t\t\t<\/a>\n\t\t<\/div>\n\t\t\t\t<\/div>\n\t\t\t\t<\/div>\n\t\t\t\t\t\t<\/div>\n\t\t\t\t\t<\/div>\n\t\t<\/div>\n\t\t\t\t\t\t\t\t<\/div>\n\t\t\t\t\t<\/div>\n\t\t<\/section>\n\t\t\t\t\t\t<\/div>\n\t\t\t\t\t\t<\/div>\n\t\t\t\t\t<\/div>\n\t\t","protected":false},"excerpt":{"rendered":"<p>El\u00e9gedetts\u00e9gi k\u00e9rd\u0151\u00edv K\u00f6sz\u00f6nj\u00fck, hogy megtisztelte jelenl\u00e9t\u00e9vel rendezv\u00e9ny\u00fcnket. K\u00e9rj\u00fck, seg\u00edtse egyes\u00fcleti munk\u00e1nkat azzal, hogy kit\u00f6lti az al\u00e1bbi el\u00e9gedetts\u00e9gi k\u00e9rd\u0151\u00edvet. \u00cdgy a j\u00f6v\u0151ben m\u00e9g ink\u00e1bb az \u00d6n\u00f6k ig\u00e9nyeinek ment\u00e9n tudjuk alak\u00edtani a v\u00e1ndorgy\u0171l\u00e9s szakmai programjait \u00e9s technikai felt\u00e9teleit. A k\u00e9rd\u0151\u00edv kit\u00f6lt\u00e9se kb. 8 percet vesz ig\u00e9nybe. K\u00f6sz\u00f6nj\u00fck! Az MKE eln\u00f6ks\u00e9ge. Kit\u00f6lt\u00f6m a k\u00e9rd\u0151\u00edvet!<\/p>\n","protected":false},"author":349,"featured_media":0,"parent":0,"menu_order":0,"comment_status":"closed","ping_status":"closed","template":"","meta":[],"yoast_head":"<!-- This site is optimized with the Yoast SEO plugin v16.4 - https:\/\/yoast.com\/wordpress\/plugins\/seo\/ -->\n<title>El\u00e9gedetts\u00e9gi k\u00e9rd\u0151\u00edv | MKE 56. V\u00e1ndorgy\u0171l\u00e9s<\/title>\n<meta name=\"description\" content=\"Az 55. V\u00e1ndorgy\u0171l\u00e9s el\u00e9gedetts\u00e9gi k\u00e9rd\u0151\u00edve.\" \/>\n<meta name=\"robots\" content=\"index, follow, max-snippet:-1, max-image-preview:large, max-video-preview:-1\" \/>\n<link rel=\"canonical\" href=\"https:\/\/mkevandorgyules.hu\/elegedettsegi-kerdoiv\/\" \/>\n<meta property=\"og:locale\" content=\"hu_HU\" \/>\n<meta property=\"og:type\" content=\"article\" \/>\n<meta property=\"og:title\" content=\"El\u00e9gedetts\u00e9gi k\u00e9rd\u0151\u00edv | MKE 56. V\u00e1ndorgy\u0171l\u00e9s\" \/>\n<meta property=\"og:description\" content=\"Az 55. V\u00e1ndorgy\u0171l\u00e9s el\u00e9gedetts\u00e9gi k\u00e9rd\u0151\u00edve.\" \/>\n<meta property=\"og:url\" content=\"https:\/\/mkevandorgyules.hu\/elegedettsegi-kerdoiv\/\" \/>\n<meta property=\"og:site_name\" content=\"MKE 56. V\u00e1ndorgy\u0171l\u00e9s\" \/>\n<meta property=\"article:modified_time\" content=\"2025-07-14T08:13:47+00:00\" \/>\n<meta property=\"og:image\" content=\"https:\/\/mkevandorgyules.hu\/wp-content\/uploads\/sites\/7\/2022\/05\/pla.jpg\" \/>\n\t<meta property=\"og:image:width\" content=\"1280\" \/>\n\t<meta property=\"og:image:height\" content=\"852\" \/>\n<meta name=\"twitter:card\" content=\"summary_large_image\" \/>\n<meta name=\"twitter:label1\" content=\"Becs\u00fclt olvas\u00e1si id\u0151\" \/>\n\t<meta name=\"twitter:data1\" content=\"1 perc\" \/>\n<script type=\"application\/ld+json\" class=\"yoast-schema-graph\">{\"@context\":\"https:\/\/schema.org\",\"@graph\":[{\"@type\":\"WebSite\",\"@id\":\"https:\/\/mkevandorgyules.hu\/#website\",\"url\":\"https:\/\/mkevandorgyules.hu\/\",\"name\":\"MKE 56. V\\u00e1ndorgy\\u0171l\\u00e9s\",\"description\":\"2025. j\\u00falius 9-12., Debrecen\",\"potentialAction\":[{\"@type\":\"SearchAction\",\"target\":\"https:\/\/mkevandorgyules.hu\/?s={search_term_string}\",\"query-input\":\"required name=search_term_string\"}],\"inLanguage\":\"hu\"},{\"@type\":\"ImageObject\",\"@id\":\"https:\/\/mkevandorgyules.hu\/elegedettsegi-kerdoiv\/#primaryimage\",\"inLanguage\":\"hu\",\"url\":\"https:\/\/mkevandorgyules.hu\/wp-content\/uploads\/sites\/7\/2022\/05\/pla.jpg\",\"contentUrl\":\"https:\/\/mkevandorgyules.hu\/wp-content\/uploads\/sites\/7\/2022\/05\/pla.jpg\",\"width\":1280,\"height\":852},{\"@type\":\"WebPage\",\"@id\":\"https:\/\/mkevandorgyules.hu\/elegedettsegi-kerdoiv\/#webpage\",\"url\":\"https:\/\/mkevandorgyules.hu\/elegedettsegi-kerdoiv\/\",\"name\":\"El\\u00e9gedetts\\u00e9gi k\\u00e9rd\\u0151\\u00edv | MKE 56. V\\u00e1ndorgy\\u0171l\\u00e9s\",\"isPartOf\":{\"@id\":\"https:\/\/mkevandorgyules.hu\/#website\"},\"datePublished\":\"2024-07-16T11:33:46+00:00\",\"dateModified\":\"2025-07-14T08:13:47+00:00\",\"description\":\"Az 55. V\\u00e1ndorgy\\u0171l\\u00e9s el\\u00e9gedetts\\u00e9gi k\\u00e9rd\\u0151\\u00edve.\",\"breadcrumb\":{\"@id\":\"https:\/\/mkevandorgyules.hu\/elegedettsegi-kerdoiv\/#breadcrumb\"},\"inLanguage\":\"hu\",\"potentialAction\":[{\"@type\":\"ReadAction\",\"target\":[\"https:\/\/mkevandorgyules.hu\/elegedettsegi-kerdoiv\/\"]}]},{\"@type\":\"BreadcrumbList\",\"@id\":\"https:\/\/mkevandorgyules.hu\/elegedettsegi-kerdoiv\/#breadcrumb\",\"itemListElement\":[{\"@type\":\"ListItem\",\"position\":1,\"item\":{\"@type\":\"WebPage\",\"@id\":\"https:\/\/mkevandorgyules.hu\/\",\"url\":\"https:\/\/mkevandorgyules.hu\/\",\"name\":\"Home\"}},{\"@type\":\"ListItem\",\"position\":2,\"item\":{\"@id\":\"https:\/\/mkevandorgyules.hu\/elegedettsegi-kerdoiv\/#webpage\"}}]}]}<\/script>\n<!-- \/ Yoast SEO plugin. -->","_links":{"self":[{"href":"https:\/\/mkevandorgyules.hu\/wp-json\/wp\/v2\/pages\/32131"}],"collection":[{"href":"https:\/\/mkevandorgyules.hu\/wp-json\/wp\/v2\/pages"}],"about":[{"href":"https:\/\/mkevandorgyules.hu\/wp-json\/wp\/v2\/types\/page"}],"author":[{"embeddable":true,"href":"https:\/\/mkevandorgyules.hu\/wp-json\/wp\/v2\/users\/349"}],"replies":[{"embeddable":true,"href":"https:\/\/mkevandorgyules.hu\/wp-json\/wp\/v2\/comments?post=32131"}],"version-history":[{"count":20,"href":"https:\/\/mkevandorgyules.hu\/wp-json\/wp\/v2\/pages\/32131\/revisions"}],"predecessor-version":[{"id":37414,"href":"https:\/\/mkevandorgyules.hu\/wp-json\/wp\/v2\/pages\/32131\/revisions\/37414"}],"wp:attachment":[{"href":"https:\/\/mkevandorgyules.hu\/wp-json\/wp\/v2\/media?parent=32131"}],"curies":[{"name":"wp","href":"https:\/\/api.w.org\/{rel}","templated":true}]}}