{"id":35606,"date":"2025-05-09T10:33:06","date_gmt":"2025-05-09T08:33:06","guid":{"rendered":"https:\/\/mkevandorgyules.hu\/?page_id=35606"},"modified":"2025-05-17T08:53:16","modified_gmt":"2025-05-17T06:53:16","slug":"etkezes","status":"publish","type":"page","link":"https:\/\/mkevandorgyules.hu\/etkezes\/","title":{"rendered":"\u00c9tkez\u00e9s"},"content":{"rendered":"\t\t<div data-elementor-type=\"wp-page\" data-elementor-id=\"35606\" class=\"elementor elementor-35606\" data-elementor-settings=\"[]\">\n\t\t\t\t\t\t<div class=\"elementor-inner\">\n\t\t\t\t\t\t\t<div class=\"elementor-section-wrap\">\n\t\t\t\t\t\t\t<section class=\"elementor-section elementor-top-section elementor-element elementor-element-5dd0c80 elementor-section-boxed elementor-section-height-default elementor-section-height-default\" data-id=\"5dd0c80\" data-element_type=\"section\">\n\t\t\t\t\t\t<div class=\"elementor-container elementor-column-gap-default\">\n\t\t\t\t\t\t\t<div class=\"elementor-row\">\n\t\t\t\t\t<div class=\"elementor-column elementor-col-100 elementor-top-column elementor-element elementor-element-560b6bc\" data-id=\"560b6bc\" data-element_type=\"column\">\n\t\t\t<div class=\"elementor-column-wrap elementor-element-populated\">\n\t\t\t\t\t\t\t<div class=\"elementor-widget-wrap\">\n\t\t\t\t\t\t<div class=\"elementor-element elementor-element-081f360 elementor-widget elementor-widget-heading\" data-id=\"081f360\" data-element_type=\"widget\" data-widget_type=\"heading.default\">\n\t\t\t\t<div class=\"elementor-widget-container\">\n\t\t\t<h2 class=\"elementor-heading-title elementor-size-default\">\u00c9TKEZ\u00c9SEK<\/h2>\t\t<\/div>\n\t\t\t\t<\/div>\n\t\t\t\t\t\t<\/div>\n\t\t\t\t\t<\/div>\n\t\t<\/div>\n\t\t\t\t\t\t\t\t<\/div>\n\t\t\t\t\t<\/div>\n\t\t<\/section>\n\t\t\t\t<section class=\"elementor-section elementor-top-section elementor-element elementor-element-11befad elementor-section-boxed elementor-section-height-default elementor-section-height-default\" data-id=\"11befad\" data-element_type=\"section\">\n\t\t\t\t\t\t<div class=\"elementor-container elementor-column-gap-default\">\n\t\t\t\t\t\t\t<div class=\"elementor-row\">\n\t\t\t\t\t<div class=\"elementor-column elementor-col-100 elementor-top-column elementor-element elementor-element-442fbc1\" data-id=\"442fbc1\" data-element_type=\"column\">\n\t\t\t<div class=\"elementor-column-wrap elementor-element-populated\">\n\t\t\t\t\t\t\t<div class=\"elementor-widget-wrap\">\n\t\t\t\t\t\t<div class=\"elementor-element elementor-element-5450060 elementor-view-default elementor-widget elementor-widget-icon\" data-id=\"5450060\" data-element_type=\"widget\" data-widget_type=\"icon.default\">\n\t\t\t\t<div class=\"elementor-widget-container\">\n\t\t\t\t\t<div class=\"elementor-icon-wrapper\">\n\t\t\t<div class=\"elementor-icon\">\n\t\t\t<i aria-hidden=\"true\" class=\"fas fa-angle-double-down\"><\/i>\t\t\t<\/div>\n\t\t<\/div>\n\t\t\t\t<\/div>\n\t\t\t\t<\/div>\n\t\t\t\t\t\t<\/div>\n\t\t\t\t\t<\/div>\n\t\t<\/div>\n\t\t\t\t\t\t\t\t<\/div>\n\t\t\t\t\t<\/div>\n\t\t<\/section>\n\t\t\t\t<section class=\"elementor-section elementor-top-section elementor-element elementor-element-e35332c elementor-section-boxed elementor-section-height-default elementor-section-height-default\" data-id=\"e35332c\" data-element_type=\"section\">\n\t\t\t\t\t\t<div class=\"elementor-container elementor-column-gap-default\">\n\t\t\t\t\t\t\t<div class=\"elementor-row\">\n\t\t\t\t\t<div class=\"elementor-column elementor-col-100 elementor-top-column elementor-element elementor-element-f63ab27\" data-id=\"f63ab27\" data-element_type=\"column\">\n\t\t\t<div class=\"elementor-column-wrap elementor-element-populated\">\n\t\t\t\t\t\t\t<div class=\"elementor-widget-wrap\">\n\t\t\t\t\t\t<div class=\"elementor-element elementor-element-6992380 elementor-widget-divider--view-line elementor-widget elementor-widget-divider\" data-id=\"6992380\" data-element_type=\"widget\" data-widget_type=\"divider.default\">\n\t\t\t\t<div class=\"elementor-widget-container\">\n\t\t\t\t\t<div class=\"elementor-divider\">\n\t\t\t<span class=\"elementor-divider-separator\">\n\t\t\t\t\t\t<\/span>\n\t\t<\/div>\n\t\t\t\t<\/div>\n\t\t\t\t<\/div>\n\t\t\t\t\t\t<\/div>\n\t\t\t\t\t<\/div>\n\t\t<\/div>\n\t\t\t\t\t\t\t\t<\/div>\n\t\t\t\t\t<\/div>\n\t\t<\/section>\n\t\t\t\t<section class=\"elementor-section elementor-top-section elementor-element elementor-element-89c437a elementor-section-boxed elementor-section-height-default elementor-section-height-default\" data-id=\"89c437a\" data-element_type=\"section\">\n\t\t\t\t\t\t<div class=\"elementor-container elementor-column-gap-default\">\n\t\t\t\t\t\t\t<div class=\"elementor-row\">\n\t\t\t\t\t<div class=\"elementor-column elementor-col-100 elementor-top-column elementor-element elementor-element-189a4c4\" data-id=\"189a4c4\" data-element_type=\"column\">\n\t\t\t<div class=\"elementor-column-wrap elementor-element-populated\">\n\t\t\t\t\t\t\t<div class=\"elementor-widget-wrap\">\n\t\t\t\t\t\t<div class=\"elementor-element elementor-element-e2cf4ce elementor-tabs-view-vertical elementor-widget elementor-widget-tabs\" data-id=\"e2cf4ce\" data-element_type=\"widget\" data-widget_type=\"tabs.default\">\n\t\t\t\t<div class=\"elementor-widget-container\">\n\t\t\t\t\t<div class=\"elementor-tabs\">\n\t\t\t<div class=\"elementor-tabs-wrapper\" role=\"tablist\" >\n\t\t\t\t\t\t\t\t\t<div id=\"elementor-tab-title-2371\" class=\"elementor-tab-title elementor-tab-desktop-title\" aria-selected=\"true\" data-tab=\"1\" role=\"tab\" tabindex=\"0\" aria-controls=\"elementor-tab-content-2371\" aria-expanded=\"false\"><a href=\"\">Cs\u00fct\u00f6rt\u00f6k (2025.07.10.)<\/a><\/div>\n\t\t\t\t\t\t\t\t\t<div id=\"elementor-tab-title-2372\" class=\"elementor-tab-title elementor-tab-desktop-title\" aria-selected=\"false\" data-tab=\"2\" role=\"tab\" tabindex=\"-1\" aria-controls=\"elementor-tab-content-2372\" aria-expanded=\"false\"><a href=\"\">P\u00e9ntek (2025.07.11.)<\/a><\/div>\n\t\t\t\t\t\t\t\t\t<div id=\"elementor-tab-title-2373\" class=\"elementor-tab-title elementor-tab-desktop-title\" aria-selected=\"false\" data-tab=\"3\" role=\"tab\" tabindex=\"-1\" aria-controls=\"elementor-tab-content-2373\" aria-expanded=\"false\"><a href=\"\">Szombat (2025.07.12.)<\/a><\/div>\n\t\t\t\t\t\t\t<\/div>\n\t\t\t<div class=\"elementor-tabs-content-wrapper\" role=\"tablist\" aria-orientation=\"vertical\">\n\t\t\t\t\t\t\t\t\t<div class=\"elementor-tab-title elementor-tab-mobile-title\" aria-selected=\"true\" data-tab=\"1\" role=\"tab\" tabindex=\"0\" aria-controls=\"elementor-tab-content-2371\" aria-expanded=\"false\">Cs\u00fct\u00f6rt\u00f6k (2025.07.10.)<\/div>\n\t\t\t\t\t<div id=\"elementor-tab-content-2371\" class=\"elementor-tab-content elementor-clearfix\" data-tab=\"1\" role=\"tabpanel\" aria-labelledby=\"elementor-tab-title-2371\" tabindex=\"0\" hidden=\"false\"><h3><span style=\"color: #438d92\"><strong>Reggeli<br \/><\/strong><\/span><\/h3><div><em><span style=\"color: #438d92\">(\u00c1ra: 2200 Ft)<br \/><br \/><\/span><\/em><\/div><ul><li>Csirkemell sonka, vegap\u00e1st\u00e9tom, sajt, croissant, mini margarin, paradicsom, paprika \u00e9s \u00edzes\u00edtett tea<\/li><\/ul><p>\u00a0<\/p><h3 style=\"font-family: Roboto, sans-serif;color: #7a7a7a\"><strong><span style=\"color: #438d92\">Eb\u00e9d<\/span><\/strong><\/h3><div><span style=\"color: #438d92\"><em>(\u00c1ra: 3100 Ft)<br \/><br \/><\/em><\/span><\/div><ul><li><span style=\"font-size: 1rem\">Fejtett bableves tejf\u00f6l\u00f6sen\/ s\u00e1fr\u00e1nyos halleves\/ mak\u00f3i hagymaleves <\/span><i style=\"font-size: 1rem\">(glut\u00e9n- \u00e9s lakt\u00f3zmentes, veget\u00e1ri\u00e1nus)<\/i><\/li><li>Saj\u00e1t m\u00e1j\u00e1val t\u00f6lt\u00f6tt csirkemell paprik\u00e1s m\u00e1rt\u00e1ssal \u00e9s galusk\u00e1val<\/li><li>Konfit\u00e1lt pulykacomb tormam\u00e1rt\u00e1ssal \u00e9s birsalm\u00e1s rizzsel<\/li><li>Rakott cukkini <i>(veget\u00e1ri\u00e1nus)<\/i><\/li><li>Konfit\u00e1lt pulykacomb birsalm\u00e1s rizzsel \u00e9s friss torm\u00e1val <i>(glut\u00e9n- \u00e9s lakt\u00f3zmentes)<\/i><\/li><\/ul><p>\u00a0<\/p><h3 style=\"font-family: Roboto, sans-serif;color: #7a7a7a\"><strong><span style=\"color: #438d92\">Vacsora<\/span><\/strong><\/h3><p><span style=\"color: #438d92\"><em>(\u00c1ra: 3630 Ft)<\/em><\/span><\/p><ul><li>Sajttal \u00e9s sonk\u00e1val t\u00f6lt\u00f6tt csirkemell r\u00e1ntva, burgonyap\u00fcr\u00e9vel \u00e9s savany\u00fas\u00e1ggal<\/li><li>Kantoni s\u00fclt falafelgoly\u00f3k, \u00fajhagym\u00e1s rizzsel <i>(veget\u00e1ri\u00e1nus)<\/i><\/li><li>Sonk\u00e1val s\u00fclt csirkemell \u00fajhagym\u00e1s rizzsel, bazsalikomos paradicsomsz\u00f3sszal <i>(glut\u00e9n- lakt\u00f3zmentes)<\/i><\/li><\/ul><h3 style=\"font-family: Roboto, sans-serif;color: #7a7a7a\"><span style=\"color: #438d92\"><span style=\"font-weight: bolder\"><br \/><\/span><\/span><span style=\"color: #438d92\"><span style=\"font-weight: bolder\"><br \/><\/span><\/span><\/h3><\/div>\n\t\t\t\t\t\t\t\t\t<div class=\"elementor-tab-title elementor-tab-mobile-title\" aria-selected=\"false\" data-tab=\"2\" role=\"tab\" tabindex=\"-1\" aria-controls=\"elementor-tab-content-2372\" aria-expanded=\"false\">P\u00e9ntek (2025.07.11.)<\/div>\n\t\t\t\t\t<div id=\"elementor-tab-content-2372\" class=\"elementor-tab-content elementor-clearfix\" data-tab=\"2\" role=\"tabpanel\" aria-labelledby=\"elementor-tab-title-2372\" tabindex=\"0\" hidden=\"hidden\"><h3><strong><span style=\"color: #438d92\">Reggeli<\/span><\/strong><\/h3><p><em><span style=\"color: #438d92\">(\u00c1ra: 2200 Ft)<\/span><\/em><\/p><ul><li>Kinga roppan\u00f3s virsli, must\u00e1r, ketchup, keny\u00e9r \u00e9s glut\u00e9nmentes keny\u00e9r, \u00edzes\u00edtett tea, padlizs\u00e1n \u00e9s paprika kr\u00e9m z\u00f6lds\u00e9gekkel <i>(veget\u00e1ri\u00e1nus opci\u00f3)<\/i><\/li><\/ul><p>\u00a0<\/p><h3><strong><span style=\"color: #438d92\">Eb\u00e9d<\/span><\/strong><\/h3><p><span style=\"color: #438d92;font-size: 16px\"><i>(\u00c1ra: 3100 Ft)<\/i><\/span><\/p><ul><li><span style=\"color: #808080\">Meggykr\u00e9m leves habcs\u00f3kkal<\/span><\/li><li><span style=\"color: #808080\">Csibeh\u00fasleves<\/span><\/li><li><span style=\"color: #808080\">Meggyp\u00fcr\u00e9 habcs\u00f3kkal<i> (glut\u00e9n- \u00e9s lakt\u00f3zmentes)<\/i><\/span><\/li><li>Szez\u00e1mmagos j\u00e9rcecs\u00edkok chillis cheaddar sz\u00f3sszal \u00e9s s\u00fcltburgony\u00e1val<\/li><li>Marhah\u00fasos-z\u00f6lds\u00e9ges rakott pene<\/li><li>Gomb\u00e1r-toj\u00e1sos tortilla caprese-vel <i style=\"color: #808080\">(veget\u00e1ri\u00e1nus)<\/i><\/li><li>Marhah\u00fasos rakott kukoricat\u00e9szta k\u00f3kuszjoghurtos \u00f6ntettel <i style=\"color: #808080\">(glut\u00e9n- \u00e9s lakt\u00f3zmentes)<\/i><\/li><\/ul><p>\u00a0<\/p><h3 style=\"font-family: Roboto, sans-serif;color: #7a7a7a\"><strong><span style=\"color: #438d92\">Vacsora<\/span><\/strong><\/h3><p><i>(\u00c1ra: 3630 Ft)<\/i><\/p><ul><li>Vadas marha spagettivel<\/li><li>R\u00e1ntott cukkini z\u00f6lds\u00e9ges rizzsel \u00e9s tart\u00e1rm\u00e1rt\u00e1ssal <i>(veget\u00e1ri\u00e1nus)<\/i><\/li><li>Currys csirke brokkoli p\u00fcr\u00e9vel \u00e9s t\u00f6kr\u00f6sztivel <i>(glut\u00e9n- \u00e9s lakt\u00f3zmentes)<\/i><\/li><\/ul><\/div>\n\t\t\t\t\t\t\t\t\t<div class=\"elementor-tab-title elementor-tab-mobile-title\" aria-selected=\"false\" data-tab=\"3\" role=\"tab\" tabindex=\"-1\" aria-controls=\"elementor-tab-content-2373\" aria-expanded=\"false\">Szombat (2025.07.12.)<\/div>\n\t\t\t\t\t<div id=\"elementor-tab-content-2373\" class=\"elementor-tab-content elementor-clearfix\" data-tab=\"3\" role=\"tabpanel\" aria-labelledby=\"elementor-tab-title-2373\" tabindex=\"0\" hidden=\"hidden\"><h3><strong><span style=\"color: #438d92\">Hidegcsomag<\/span><\/strong><\/h3><p><span style=\"color: #438d92\"><i>(\u00c1ra: 2900 Ft)<\/i><\/span><\/p><ul><li>1 db roston csirkemelles zsemle<\/li><li>1 db sonk\u00e1s-sajtos-z\u00f6lds\u00e9ges hot-dog kifli<\/li><li>1 db balaton szelet<\/li><li>1 db alma<\/li><li>1 db 0,5 AVE sz\u00e9nsavmentes \u00e1sv\u00e1nyv\u00edz<\/li><\/ul><p>\u00a0<\/p><p><span style=\"color: #438d92\"><b><u>Glut\u00e9n- \u00e9s lakt\u00f3zmentes verzi\u00f3:<\/u><\/b><\/span><\/p><ul><li>1 db roston csirkemelles h\u00e1zi zsemle<\/li><li>1 db sonk\u00e1s-z\u00f6lds\u00e9ges glut\u00e9n- \u00e9s lakt\u00f3zmentes bagett<\/li><li>1 db aszaltgy\u00fcm\u00f6lcs szelet<\/li><li>1 db alma<\/li><li>1 db 0,5 AVE sz\u00e9nsavmentes \u00e1sv\u00e1nyv\u00edz<\/li><\/ul><\/div>\n\t\t\t\t\t\t\t<\/div>\n\t\t<\/div>\n\t\t\t\t<\/div>\n\t\t\t\t<\/div>\n\t\t\t\t\t\t<\/div>\n\t\t\t\t\t<\/div>\n\t\t<\/div>\n\t\t\t\t\t\t\t\t<\/div>\n\t\t\t\t\t<\/div>\n\t\t<\/section>\n\t\t\t\t\t\t<\/div>\n\t\t\t\t\t\t<\/div>\n\t\t\t\t\t<\/div>\n\t\t","protected":false},"excerpt":{"rendered":"<p>\u00c9TKEZ\u00c9SEK Cs\u00fct\u00f6rt\u00f6k (2025.07.10.) P\u00e9ntek (2025.07.11.) Szombat (2025.07.12.) Cs\u00fct\u00f6rt\u00f6k (2025.07.10.) Reggeli (\u00c1ra: 2200 Ft) Csirkemell sonka, vegap\u00e1st\u00e9tom, sajt, croissant, mini margarin, paradicsom, paprika \u00e9s \u00edzes\u00edtett tea \u00a0 Eb\u00e9d (\u00c1ra: 3100 Ft) Fejtett bableves tejf\u00f6l\u00f6sen\/ s\u00e1fr\u00e1nyos halleves\/ mak\u00f3i hagymaleves (glut\u00e9n- \u00e9s lakt\u00f3zmentes, veget\u00e1ri\u00e1nus) Saj\u00e1t m\u00e1j\u00e1val t\u00f6lt\u00f6tt csirkemell paprik\u00e1s m\u00e1rt\u00e1ssal \u00e9s galusk\u00e1val Konfit\u00e1lt pulykacomb tormam\u00e1rt\u00e1ssal \u00e9s birsalm\u00e1s rizzsel [&hellip;]<\/p>\n","protected":false},"author":10914,"featured_media":0,"parent":0,"menu_order":0,"comment_status":"closed","ping_status":"closed","template":"","meta":[],"yoast_head":"<!-- This site is optimized with the Yoast SEO plugin v16.4 - https:\/\/yoast.com\/wordpress\/plugins\/seo\/ -->\n<title>\u00c9tkez\u00e9s | MKE 56. V\u00e1ndorgy\u0171l\u00e9s<\/title>\n<meta name=\"robots\" content=\"index, follow, max-snippet:-1, max-image-preview:large, max-video-preview:-1\" \/>\n<link rel=\"canonical\" href=\"https:\/\/mkevandorgyules.hu\/etkezes\/\" \/>\n<meta property=\"og:locale\" content=\"hu_HU\" \/>\n<meta property=\"og:type\" content=\"article\" \/>\n<meta property=\"og:title\" content=\"\u00c9tkez\u00e9s | MKE 56. V\u00e1ndorgy\u0171l\u00e9s\" \/>\n<meta property=\"og:description\" content=\"\u00c9TKEZ\u00c9SEK Cs\u00fct\u00f6rt\u00f6k (2025.07.10.) P\u00e9ntek (2025.07.11.) Szombat (2025.07.12.) Cs\u00fct\u00f6rt\u00f6k (2025.07.10.) Reggeli (\u00c1ra: 2200 Ft) Csirkemell sonka, vegap\u00e1st\u00e9tom, sajt, croissant, mini margarin, paradicsom, paprika \u00e9s \u00edzes\u00edtett tea \u00a0 Eb\u00e9d (\u00c1ra: 3100 Ft) Fejtett bableves tejf\u00f6l\u00f6sen\/ s\u00e1fr\u00e1nyos halleves\/ mak\u00f3i hagymaleves (glut\u00e9n- \u00e9s lakt\u00f3zmentes, veget\u00e1ri\u00e1nus) Saj\u00e1t m\u00e1j\u00e1val t\u00f6lt\u00f6tt csirkemell paprik\u00e1s m\u00e1rt\u00e1ssal \u00e9s galusk\u00e1val Konfit\u00e1lt pulykacomb tormam\u00e1rt\u00e1ssal \u00e9s birsalm\u00e1s rizzsel [&hellip;]\" \/>\n<meta property=\"og:url\" content=\"https:\/\/mkevandorgyules.hu\/etkezes\/\" \/>\n<meta property=\"og:site_name\" content=\"MKE 56. V\u00e1ndorgy\u0171l\u00e9s\" \/>\n<meta property=\"article:modified_time\" content=\"2025-05-17T06:53:16+00:00\" \/>\n<meta property=\"og:image\" content=\"https:\/\/mkevandorgyules.hu\/wp-content\/uploads\/sites\/7\/2025\/03\/Debrecen_vandorgyules_logo2.jpg\" \/>\n\t<meta property=\"og:image:width\" content=\"2115\" \/>\n\t<meta property=\"og:image:height\" content=\"1838\" \/>\n<meta name=\"twitter:card\" content=\"summary_large_image\" \/>\n<meta name=\"twitter:label1\" content=\"Becs\u00fclt olvas\u00e1si id\u0151\" \/>\n\t<meta name=\"twitter:data1\" content=\"2 perc\" \/>\n<script type=\"application\/ld+json\" class=\"yoast-schema-graph\">{\"@context\":\"https:\/\/schema.org\",\"@graph\":[{\"@type\":\"WebSite\",\"@id\":\"https:\/\/mkevandorgyules.hu\/#website\",\"url\":\"https:\/\/mkevandorgyules.hu\/\",\"name\":\"MKE 56. V\\u00e1ndorgy\\u0171l\\u00e9s\",\"description\":\"2025. j\\u00falius 9-12., Debrecen\",\"potentialAction\":[{\"@type\":\"SearchAction\",\"target\":\"https:\/\/mkevandorgyules.hu\/?s={search_term_string}\",\"query-input\":\"required name=search_term_string\"}],\"inLanguage\":\"hu\"},{\"@type\":\"WebPage\",\"@id\":\"https:\/\/mkevandorgyules.hu\/etkezes\/#webpage\",\"url\":\"https:\/\/mkevandorgyules.hu\/etkezes\/\",\"name\":\"\\u00c9tkez\\u00e9s | MKE 56. V\\u00e1ndorgy\\u0171l\\u00e9s\",\"isPartOf\":{\"@id\":\"https:\/\/mkevandorgyules.hu\/#website\"},\"datePublished\":\"2025-05-09T08:33:06+00:00\",\"dateModified\":\"2025-05-17T06:53:16+00:00\",\"breadcrumb\":{\"@id\":\"https:\/\/mkevandorgyules.hu\/etkezes\/#breadcrumb\"},\"inLanguage\":\"hu\",\"potentialAction\":[{\"@type\":\"ReadAction\",\"target\":[\"https:\/\/mkevandorgyules.hu\/etkezes\/\"]}]},{\"@type\":\"BreadcrumbList\",\"@id\":\"https:\/\/mkevandorgyules.hu\/etkezes\/#breadcrumb\",\"itemListElement\":[{\"@type\":\"ListItem\",\"position\":1,\"item\":{\"@type\":\"WebPage\",\"@id\":\"https:\/\/mkevandorgyules.hu\/\",\"url\":\"https:\/\/mkevandorgyules.hu\/\",\"name\":\"Home\"}},{\"@type\":\"ListItem\",\"position\":2,\"item\":{\"@id\":\"https:\/\/mkevandorgyules.hu\/etkezes\/#webpage\"}}]}]}<\/script>\n<!-- \/ Yoast SEO plugin. -->","_links":{"self":[{"href":"https:\/\/mkevandorgyules.hu\/wp-json\/wp\/v2\/pages\/35606"}],"collection":[{"href":"https:\/\/mkevandorgyules.hu\/wp-json\/wp\/v2\/pages"}],"about":[{"href":"https:\/\/mkevandorgyules.hu\/wp-json\/wp\/v2\/types\/page"}],"author":[{"embeddable":true,"href":"https:\/\/mkevandorgyules.hu\/wp-json\/wp\/v2\/users\/10914"}],"replies":[{"embeddable":true,"href":"https:\/\/mkevandorgyules.hu\/wp-json\/wp\/v2\/comments?post=35606"}],"version-history":[{"count":79,"href":"https:\/\/mkevandorgyules.hu\/wp-json\/wp\/v2\/pages\/35606\/revisions"}],"predecessor-version":[{"id":36006,"href":"https:\/\/mkevandorgyules.hu\/wp-json\/wp\/v2\/pages\/35606\/revisions\/36006"}],"wp:attachment":[{"href":"https:\/\/mkevandorgyules.hu\/wp-json\/wp\/v2\/media?parent=35606"}],"curies":[{"name":"wp","href":"https:\/\/api.w.org\/{rel}","templated":true}]}}