{"id":7993,"date":"2022-05-19T14:20:43","date_gmt":"2022-05-19T12:20:43","guid":{"rendered":"https:\/\/mkevandorgyules.hu\/?page_id=7993"},"modified":"2025-06-17T10:50:13","modified_gmt":"2025-06-17T08:50:13","slug":"kozlekedes","status":"publish","type":"page","link":"https:\/\/mkevandorgyules.hu\/kozlekedes\/","title":{"rendered":"K\u00f6zleked\u00e9s"},"content":{"rendered":"\t\t<div data-elementor-type=\"wp-page\" data-elementor-id=\"7993\" class=\"elementor elementor-7993\" data-elementor-settings=\"[]\">\n\t\t\t\t\t\t<div class=\"elementor-inner\">\n\t\t\t\t\t\t\t<div class=\"elementor-section-wrap\">\n\t\t\t\t\t\t\t<section class=\"elementor-section elementor-top-section elementor-element elementor-element-fee72cc elementor-section-boxed elementor-section-height-default elementor-section-height-default\" data-id=\"fee72cc\" data-element_type=\"section\">\n\t\t\t\t\t\t<div class=\"elementor-container elementor-column-gap-default\">\n\t\t\t\t\t\t\t<div class=\"elementor-row\">\n\t\t\t\t\t<div class=\"elementor-column elementor-col-100 elementor-top-column elementor-element elementor-element-417f1a5\" data-id=\"417f1a5\" data-element_type=\"column\">\n\t\t\t<div class=\"elementor-column-wrap elementor-element-populated\">\n\t\t\t\t\t\t\t<div class=\"elementor-widget-wrap\">\n\t\t\t\t\t\t<div class=\"elementor-element elementor-element-ae76fe2 elementor-widget elementor-widget-heading\" data-id=\"ae76fe2\" data-element_type=\"widget\" data-widget_type=\"heading.default\">\n\t\t\t\t<div class=\"elementor-widget-container\">\n\t\t\t<h2 class=\"elementor-heading-title elementor-size-default\">MKE 56. V\u00e1ndorgy\u0171l\u00e9s<\/h2>\t\t<\/div>\n\t\t\t\t<\/div>\n\t\t\t\t<div class=\"elementor-element elementor-element-68eefb0 elementor-widget elementor-widget-heading\" data-id=\"68eefb0\" data-element_type=\"widget\" data-widget_type=\"heading.default\">\n\t\t\t\t<div class=\"elementor-widget-container\">\n\t\t\t<h2 class=\"elementor-heading-title elementor-size-default\">K\u00f6zleked\u00e9si inform\u00e1ci\u00f3k<\/h2>\t\t<\/div>\n\t\t\t\t<\/div>\n\t\t\t\t<div class=\"elementor-element elementor-element-d5fc582 elementor-view-default elementor-widget elementor-widget-icon\" data-id=\"d5fc582\" data-element_type=\"widget\" data-widget_type=\"icon.default\">\n\t\t\t\t<div class=\"elementor-widget-container\">\n\t\t\t\t\t<div class=\"elementor-icon-wrapper\">\n\t\t\t<div class=\"elementor-icon\">\n\t\t\t<i aria-hidden=\"true\" class=\"fas fa-angle-double-down\"><\/i>\t\t\t<\/div>\n\t\t<\/div>\n\t\t\t\t<\/div>\n\t\t\t\t<\/div>\n\t\t\t\t\t\t<\/div>\n\t\t\t\t\t<\/div>\n\t\t<\/div>\n\t\t\t\t\t\t\t\t<\/div>\n\t\t\t\t\t<\/div>\n\t\t<\/section>\n\t\t\t\t<section class=\"elementor-section elementor-top-section elementor-element elementor-element-961efc3 elementor-section-boxed elementor-section-height-default elementor-section-height-default\" data-id=\"961efc3\" data-element_type=\"section\">\n\t\t\t\t\t\t<div class=\"elementor-container elementor-column-gap-default\">\n\t\t\t\t\t\t\t<div class=\"elementor-row\">\n\t\t\t\t\t<div class=\"elementor-column elementor-col-100 elementor-top-column elementor-element elementor-element-1450181\" data-id=\"1450181\" data-element_type=\"column\">\n\t\t\t<div class=\"elementor-column-wrap elementor-element-populated\">\n\t\t\t\t\t\t\t<div class=\"elementor-widget-wrap\">\n\t\t\t\t\t\t<div class=\"elementor-element elementor-element-05b4930 elementor-widget elementor-widget-text-editor\" data-id=\"05b4930\" data-element_type=\"widget\" data-widget_type=\"text-editor.default\">\n\t\t\t\t<div class=\"elementor-widget-container\">\n\t\t\t\t\t\t\t\t<div class=\"elementor-text-editor elementor-clearfix\">\n\t\t\t\t\t<h2 style=\"font-family: Spectral, sans-serif;font-weight: bold;line-height: 1em;color: #333333;font-size: 34px;letter-spacing: 4px;text-align: center\" data-elementor-setting-key=\"title\" data-pen-placeholder=\"Ide \u00edrj...\">T\u00f6megk\u00f6zleked\u00e9s<\/h2><table style=\"height: 247px\" width=\"222\"><tbody><tr><td><h6><strong>Vas\u00fat\u00e1llom\u00e1s &#8211; F\u0151\u00e9p\u00fclet<\/strong><\/h6><\/td><td><h6><strong>1-es villamos<\/strong><\/h6><\/td><\/tr><tr><td><h6><strong>F\u0151\u00e9p\u00fclet &#8211; Kassai campus<\/strong><\/h6><\/td><td><h6><strong>24-es busz a &#8216;Laktanya utca&#8217; meg\u00e1ll\u00f3b\u00f3l<\/strong><\/h6><\/td><\/tr><tr><td><h6><strong>Belv\u00e1ros &#8211; F\u0151\u00e9p\u00fclet<\/strong><\/h6><\/td><td><h6><strong>1-es villamos<\/strong><\/h6><\/td><\/tr><tr><td><h6><strong>F\u0151\u00e9p\u00fclet &#8211; M\u00e9liusz Juh\u00e1sz P\u00e9ter K\u00f6nyvt\u00e1r<\/strong><\/h6><\/td><td><h6><strong>1-es villamos<\/strong><\/h6><\/td><\/tr><\/tbody><\/table><p style=\"text-align: center\"><strong><a href=\"https:\/\/play.google.com\/store\/apps\/details?id=app.mav.menetrend&amp;hl=hu\"><span style=\"color: #e89922\">Egyszer\u0171bb t\u00e1j\u00e9koz\u00f3d\u00e1s \u00e9rdek\u00e9ben t\u00f6ltse le a menetrendek applik\u00e1ci\u00f3t<\/span><\/a><\/strong><\/p>\t\t\t\t\t<\/div>\n\t\t\t\t\t\t<\/div>\n\t\t\t\t<\/div>\n\t\t\t\t\t\t<\/div>\n\t\t\t\t\t<\/div>\n\t\t<\/div>\n\t\t\t\t\t\t\t\t<\/div>\n\t\t\t\t\t<\/div>\n\t\t<\/section>\n\t\t\t\t<section class=\"elementor-section elementor-top-section elementor-element elementor-element-44c06a3 elementor-section-boxed elementor-section-height-default elementor-section-height-default\" data-id=\"44c06a3\" data-element_type=\"section\">\n\t\t\t\t\t\t<div class=\"elementor-container elementor-column-gap-default\">\n\t\t\t\t\t\t\t<div class=\"elementor-row\">\n\t\t\t\t\t<div class=\"elementor-column elementor-col-100 elementor-top-column elementor-element elementor-element-193eaf5\" data-id=\"193eaf5\" data-element_type=\"column\">\n\t\t\t<div class=\"elementor-column-wrap elementor-element-populated\">\n\t\t\t\t\t\t\t<div class=\"elementor-widget-wrap\">\n\t\t\t\t\t\t<div class=\"elementor-element elementor-element-fabfff4 elementor-widget elementor-widget-text-editor\" data-id=\"fabfff4\" data-element_type=\"widget\" data-widget_type=\"text-editor.default\">\n\t\t\t\t<div class=\"elementor-widget-container\">\n\t\t\t\t\t\t\t\t<div class=\"elementor-text-editor elementor-clearfix\">\n\t\t\t\t\t<h2 style=\"font-family: Spectral, sans-serif;font-weight: bold;line-height: 1em;color: #333333;font-size: 34px;letter-spacing: 4px;text-align: center\" data-elementor-setting-key=\"title\" data-pen-placeholder=\"Ide \u00edrj...\">\u00a0Debreceni taxit\u00e1rsas\u00e1gok<\/h2>\n<table>\n<tbody>\n<tr>\n<td>\n<h6><strong>City taxi Debrecen<\/strong><\/h6>\n<\/td>\n<td>\n<h6>(06\u00a0 52) 555 555<\/h6>\n<\/td>\n<\/tr>\n<tr>\n<td>\n<h6><strong>F\u0151nix taxi<\/strong><\/h6>\n<\/td>\n<td>\n<h6>(06\u00a0 52) 444 444<\/h6>\n<\/td>\n<\/tr>\n<tr>\n<td>\n<h6><strong>Bolt taxi<\/strong><\/h6>\n<\/td>\n<td>\n<h6><a href=\"https:\/\/play.google.com\/store\/apps\/details?id=ee.mtakso.client&amp;hl=hu\"><span style=\"color: #e89922\">Let\u00f6lhet\u0151 alkalmaz\u00e1s<\/span><\/a><\/h6>\n<\/td>\n<\/tr>\n<\/tbody>\n<\/table>\t\t\t\t\t<\/div>\n\t\t\t\t\t\t<\/div>\n\t\t\t\t<\/div>\n\t\t\t\t\t\t<\/div>\n\t\t\t\t\t<\/div>\n\t\t<\/div>\n\t\t\t\t\t\t\t\t<\/div>\n\t\t\t\t\t<\/div>\n\t\t<\/section>\n\t\t\t\t<section class=\"elementor-section elementor-top-section elementor-element elementor-element-e8d4c56 elementor-section-boxed elementor-section-height-default elementor-section-height-default\" data-id=\"e8d4c56\" data-element_type=\"section\">\n\t\t\t\t\t\t<div class=\"elementor-container elementor-column-gap-default\">\n\t\t\t\t\t\t\t<div class=\"elementor-row\">\n\t\t\t\t\t<div class=\"elementor-column elementor-col-100 elementor-top-column elementor-element elementor-element-6e56ac2\" data-id=\"6e56ac2\" data-element_type=\"column\">\n\t\t\t<div class=\"elementor-column-wrap elementor-element-populated\">\n\t\t\t\t\t\t\t<div class=\"elementor-widget-wrap\">\n\t\t\t\t\t\t\t\t<\/div>\n\t\t\t\t\t<\/div>\n\t\t<\/div>\n\t\t\t\t\t\t\t\t<\/div>\n\t\t\t\t\t<\/div>\n\t\t<\/section>\n\t\t\t\t<section class=\"elementor-section elementor-top-section elementor-element elementor-element-e068d53 elementor-section-boxed elementor-section-height-default elementor-section-height-default\" data-id=\"e068d53\" data-element_type=\"section\">\n\t\t\t\t\t\t<div class=\"elementor-container elementor-column-gap-default\">\n\t\t\t\t\t\t\t<div class=\"elementor-row\">\n\t\t\t\t\t<div class=\"elementor-column elementor-col-100 elementor-top-column elementor-element elementor-element-c546b25\" data-id=\"c546b25\" data-element_type=\"column\">\n\t\t\t<div class=\"elementor-column-wrap elementor-element-populated\">\n\t\t\t\t\t\t\t<div class=\"elementor-widget-wrap\">\n\t\t\t\t\t\t<div class=\"elementor-element elementor-element-218c060 elementor-widget elementor-widget-text-editor\" data-id=\"218c060\" data-element_type=\"widget\" data-widget_type=\"text-editor.default\">\n\t\t\t\t<div class=\"elementor-widget-container\">\n\t\t\t\t\t\t\t\t<div class=\"elementor-text-editor elementor-clearfix\">\n\t\t\t\t\t<h2 style=\"font-family: Spectral, sans-serif;font-weight: bold;line-height: 1em;color: #333333;font-size: 34px;letter-spacing: 4px;text-align: center\" data-elementor-setting-key=\"title\" data-pen-placeholder=\"Ide \u00edrj...\">Parkol\u00e1s<\/h2><h5><b><span data-contrast=\"auto\">A <a href=\"https:\/\/mkevandorgyules.hu\/szallashelyek\/\">UDHotels <\/a>vend\u00e9gek\u00e9nt parkol: <\/span><span data-ccp-props=\"{}\">\u00a0<\/span><\/b><\/h5><p><span data-contrast=\"auto\">Az <strong><a href=\"https:\/\/mkevandorgyules.hu\/helyszinek_debrecen\/\">Egyetem t\u00e9ri campus<\/a><\/strong> ter\u00fclet\u00e9n sz\u00e1ll\u00e1st foglal\u00f3 vend\u00e9gek sz\u00e1m\u00e1ra 30 perc \u00e1ll rendelkez\u00e9sre ingyenesen a parkol\u00e1sra \u00e9s k\u00f6zleked\u00e9sre a campus ter\u00fclet\u00e9n. Ezt az id\u0151intervallumot a Kossuth Koll\u00e9gium recepci\u00f3j\u00e1n lehet meg\u00e1ll\u00edtani \u00e9s elind\u00edtani.\u00a0<\/span><span data-ccp-props=\"{}\">\u00a0<\/span><\/p><p><strong>Fontos l\u00e9p\u00e9sek:\u00a0\u00a0<\/strong><\/p><ul><li data-leveltext=\"\uf0b7\" data-font=\"Symbol\" data-listid=\"2\" data-list-defn-props=\"{\" data-aria-posinset=\"1\" data-aria-level=\"1\"><span data-contrast=\"auto\">Amennyiben parkolni szeretne, \u00e9rdemes r\u00f6gt\u00f6n a meg\u00e9rkez\u00e9s ut\u00e1n meg\u00e1ll\u00edtani az id\u0151m\u00e9r\u0151t a recepci\u00f3n. Ehhez be kell mutatni a kapun\u00e1l h\u00fazott parkol\u00f3jegyet.<\/span><span data-ccp-props=\"{}\">\u00a0<\/span><\/li><\/ul><ul><li data-leveltext=\"\uf0b7\" data-font=\"Symbol\" data-listid=\"2\" data-list-defn-props=\"{\" data-aria-posinset=\"2\" data-aria-level=\"1\"><span data-contrast=\"auto\">Amennyiben el akarja hagyni a campus ter\u00fclet\u00e9t, mutassa be a parkol\u00f3jegyet ism\u00e9t a recepci\u00f3n, ahol elind\u00edtj\u00e1k az id\u0151m\u00e9r\u0151t.\u00a0<\/span><\/li><\/ul><p>\u00a0<\/p><p><strong>Fontos tudnival\u00f3k:\u00a0<\/strong><\/p><ul><li data-leveltext=\"\uf0b7\" data-font=\"Symbol\" data-listid=\"3\" data-list-defn-props=\"{\" data-aria-posinset=\"1\" data-aria-level=\"1\"><span data-contrast=\"auto\">A sz\u00e1ll\u00e1sfoglal\u00e1s eg\u00e9sz ideje alatt t\u00f6bbsz\u00f6r ki-\u00e9s bel\u00e9phet g\u00e9pkocsij\u00e1val a campus ter\u00fclet\u00e9re a fentiekben le\u00edrt l\u00e9p\u00e9sek betart\u00e1sa mellett.\u00a0<\/span><span data-ccp-props=\"{}\">\u00a0<\/span><\/li><\/ul><ul><li data-leveltext=\"\uf0b7\" data-font=\"Symbol\" data-listid=\"3\" data-list-defn-props=\"{\" data-aria-posinset=\"2\" data-aria-level=\"1\"><span data-contrast=\"auto\">A 30 perc letelte ut\u00e1n a kapukn\u00e1l jelzett parkol\u00e1si \u00f3rad\u00edj ker\u00fcl felsz\u00e1mol\u00e1sra, amit kil\u00e9p\u00e9skor a kapun\u00e1l kell fizetni.\u00a0<\/span><span data-ccp-props=\"{}\">\u00a0<\/span><\/li><\/ul><p>\u00a0<\/p><p><span data-contrast=\"auto\">Ugyanez \u00e9rv\u00e9nyes a <a href=\"https:\/\/www.google.com\/maps\/place\/Debrecen,+Kassai+Campus,+4028\/@47.54401,21.6372497,16z\/data=!3m1!4b1!4m6!3m5!1s0x47470dc2dfd0b123:0x656d27b6e45c9d72!8m2!3d47.5432758!4d21.6403777!16s%2Fg%2F11bvtcdkfh?hl=hu&amp;entry=ttu&amp;g_ep=EgoyMDI1MDYxMC4xIKXMDSoASAFQAw%3D%3D\"><strong>Kassai \u00fati Campuson<\/strong><\/a> megsz\u00e1ll\u00f3k r\u00e9sz\u00e9re.<\/span><span data-ccp-props=\"{}\">\u00a0<\/span><\/p><hr \/><h5><strong>L\u00e1togat\u00f3k\u00e9nt parkol az <a href=\"https:\/\/mkevandorgyules.hu\/helyszinek_debrecen\/\">Egyetem t\u00e9ri Campuson<\/a>:<\/strong><\/h5><p><span data-contrast=\"auto\">Amennyiben g\u00e9pkocsival \u00e9rkezik a konferenci\u00e1ra, a r\u00e9sztvev\u0151knek kedvezm\u00e9nyes parkol\u00f3jegyet biztos\u00edtunk 1290 Ft\/nap \u00e1ron. A kapun\u00e1l h\u00fazott parkol\u00f3jegyet a konferencia regisztr\u00e1ci\u00f3s pultn\u00e1l pecs\u00e9ttel l\u00e1tjuk el, amely biztos\u00edtja a kedvezm\u00e9nyes \u00e1rat kil\u00e9p\u00e9skor a kapun\u00e1l t\u00f6rt\u00e9n\u0151 fizet\u00e9skor. <\/span><span data-ccp-props=\"{}\">\u00a0<\/span><\/p>\t\t\t\t\t<\/div>\n\t\t\t\t\t\t<\/div>\n\t\t\t\t<\/div>\n\t\t\t\t\t\t<\/div>\n\t\t\t\t\t<\/div>\n\t\t<\/div>\n\t\t\t\t\t\t\t\t<\/div>\n\t\t\t\t\t<\/div>\n\t\t<\/section>\n\t\t\t\t\t\t<\/div>\n\t\t\t\t\t\t<\/div>\n\t\t\t\t\t<\/div>\n\t\t","protected":false},"excerpt":{"rendered":"<p>K\u00f6zleked\u00e9si inform\u00e1ci\u00f3k T\u00f6megk\u00f6zleked\u00e9s Vas\u00fat\u00e1llom\u00e1s &#8211; F\u0151\u00e9p\u00fclet 1-es villamos F\u0151\u00e9p\u00fclet &#8211; Kassai campus 24-es busz a &#8216;Laktanya utca&#8217; meg\u00e1ll\u00f3b\u00f3l Belv\u00e1ros &#8211; F\u0151\u00e9p\u00fclet 1-es villamos F\u0151\u00e9p\u00fclet &#8211; M\u00e9liusz Juh\u00e1sz P\u00e9ter K\u00f6nyvt\u00e1r 1-es villamos Egyszer\u0171bb t\u00e1j\u00e9koz\u00f3d\u00e1s \u00e9rdek\u00e9ben t\u00f6ltse le a menetrendek applik\u00e1ci\u00f3t \u00a0Debreceni taxit\u00e1rsas\u00e1gok City taxi Debrecen (06\u00a0 52) 555 555 F\u0151nix taxi (06\u00a0 52) 444 444 Bolt [&hellip;]<\/p>\n","protected":false},"author":280,"featured_media":0,"parent":0,"menu_order":0,"comment_status":"closed","ping_status":"closed","template":"","meta":[],"yoast_head":"<!-- This site is optimized with the Yoast SEO plugin v16.4 - https:\/\/yoast.com\/wordpress\/plugins\/seo\/ -->\n<title>K\u00f6zleked\u00e9s | MKE 56. V\u00e1ndorgy\u0171l\u00e9s<\/title>\n<meta name=\"description\" content=\"Jelentkez\u00e9s - Visszaigazol\u00e1s - D\u00edjbek\u00e9r\u0151 - Sz\u00e1ml\u00e1z\u00e1s\" \/>\n<meta name=\"robots\" content=\"index, follow, max-snippet:-1, max-image-preview:large, max-video-preview:-1\" \/>\n<link rel=\"canonical\" href=\"https:\/\/mkevandorgyules.hu\/kozlekedes\/\" \/>\n<meta property=\"og:locale\" content=\"hu_HU\" \/>\n<meta property=\"og:type\" content=\"article\" \/>\n<meta property=\"og:title\" content=\"K\u00f6zleked\u00e9s | MKE 56. V\u00e1ndorgy\u0171l\u00e9s\" \/>\n<meta property=\"og:description\" content=\"Jelentkez\u00e9s - Visszaigazol\u00e1s - D\u00edjbek\u00e9r\u0151 - Sz\u00e1ml\u00e1z\u00e1s\" \/>\n<meta property=\"og:url\" content=\"https:\/\/mkevandorgyules.hu\/kozlekedes\/\" \/>\n<meta property=\"og:site_name\" content=\"MKE 56. V\u00e1ndorgy\u0171l\u00e9s\" \/>\n<meta property=\"article:modified_time\" content=\"2025-06-17T08:50:13+00:00\" \/>\n<meta property=\"og:image\" content=\"https:\/\/mkevandorgyules.hu\/wp-content\/uploads\/sites\/7\/2025\/03\/Debrecen_vandorgyules_logo2.jpg\" \/>\n\t<meta property=\"og:image:width\" content=\"2115\" \/>\n\t<meta property=\"og:image:height\" content=\"1838\" \/>\n<meta name=\"twitter:card\" content=\"summary_large_image\" \/>\n<meta name=\"twitter:label1\" content=\"Becs\u00fclt olvas\u00e1si id\u0151\" \/>\n\t<meta name=\"twitter:data1\" content=\"5 perc\" \/>\n<script type=\"application\/ld+json\" class=\"yoast-schema-graph\">{\"@context\":\"https:\/\/schema.org\",\"@graph\":[{\"@type\":\"WebSite\",\"@id\":\"https:\/\/mkevandorgyules.hu\/#website\",\"url\":\"https:\/\/mkevandorgyules.hu\/\",\"name\":\"MKE 56. V\\u00e1ndorgy\\u0171l\\u00e9s\",\"description\":\"2025. j\\u00falius 9-12., Debrecen\",\"potentialAction\":[{\"@type\":\"SearchAction\",\"target\":\"https:\/\/mkevandorgyules.hu\/?s={search_term_string}\",\"query-input\":\"required name=search_term_string\"}],\"inLanguage\":\"hu\"},{\"@type\":\"WebPage\",\"@id\":\"https:\/\/mkevandorgyules.hu\/kozlekedes\/#webpage\",\"url\":\"https:\/\/mkevandorgyules.hu\/kozlekedes\/\",\"name\":\"K\\u00f6zleked\\u00e9s | MKE 56. V\\u00e1ndorgy\\u0171l\\u00e9s\",\"isPartOf\":{\"@id\":\"https:\/\/mkevandorgyules.hu\/#website\"},\"datePublished\":\"2022-05-19T12:20:43+00:00\",\"dateModified\":\"2025-06-17T08:50:13+00:00\",\"description\":\"Jelentkez\\u00e9s - Visszaigazol\\u00e1s - D\\u00edjbek\\u00e9r\\u0151 - Sz\\u00e1ml\\u00e1z\\u00e1s\",\"breadcrumb\":{\"@id\":\"https:\/\/mkevandorgyules.hu\/kozlekedes\/#breadcrumb\"},\"inLanguage\":\"hu\",\"potentialAction\":[{\"@type\":\"ReadAction\",\"target\":[\"https:\/\/mkevandorgyules.hu\/kozlekedes\/\"]}]},{\"@type\":\"BreadcrumbList\",\"@id\":\"https:\/\/mkevandorgyules.hu\/kozlekedes\/#breadcrumb\",\"itemListElement\":[{\"@type\":\"ListItem\",\"position\":1,\"item\":{\"@type\":\"WebPage\",\"@id\":\"https:\/\/mkevandorgyules.hu\/\",\"url\":\"https:\/\/mkevandorgyules.hu\/\",\"name\":\"Home\"}},{\"@type\":\"ListItem\",\"position\":2,\"item\":{\"@id\":\"https:\/\/mkevandorgyules.hu\/kozlekedes\/#webpage\"}}]}]}<\/script>\n<!-- \/ Yoast SEO plugin. -->","_links":{"self":[{"href":"https:\/\/mkevandorgyules.hu\/wp-json\/wp\/v2\/pages\/7993"}],"collection":[{"href":"https:\/\/mkevandorgyules.hu\/wp-json\/wp\/v2\/pages"}],"about":[{"href":"https:\/\/mkevandorgyules.hu\/wp-json\/wp\/v2\/types\/page"}],"author":[{"embeddable":true,"href":"https:\/\/mkevandorgyules.hu\/wp-json\/wp\/v2\/users\/280"}],"replies":[{"embeddable":true,"href":"https:\/\/mkevandorgyules.hu\/wp-json\/wp\/v2\/comments?post=7993"}],"version-history":[{"count":191,"href":"https:\/\/mkevandorgyules.hu\/wp-json\/wp\/v2\/pages\/7993\/revisions"}],"predecessor-version":[{"id":36615,"href":"https:\/\/mkevandorgyules.hu\/wp-json\/wp\/v2\/pages\/7993\/revisions\/36615"}],"wp:attachment":[{"href":"https:\/\/mkevandorgyules.hu\/wp-json\/wp\/v2\/media?parent=7993"}],"curies":[{"name":"wp","href":"https:\/\/api.w.org\/{rel}","templated":true}]}}