{"id":8509,"date":"2022-05-31T19:40:38","date_gmt":"2022-05-31T17:40:38","guid":{"rendered":"https:\/\/mkevandorgyules.hu\/?page_id=8509"},"modified":"2025-07-06T17:36:24","modified_gmt":"2025-07-06T15:36:24","slug":"barati-talalkozo","status":"publish","type":"page","link":"https:\/\/mkevandorgyules.hu\/barati-talalkozo\/","title":{"rendered":"Bar\u00e1ti tal\u00e1lkoz\u00f3"},"content":{"rendered":"\t\t<div data-elementor-type=\"wp-page\" data-elementor-id=\"8509\" class=\"elementor elementor-8509\" data-elementor-settings=\"[]\">\n\t\t\t\t\t\t<div class=\"elementor-inner\">\n\t\t\t\t\t\t\t<div class=\"elementor-section-wrap\">\n\t\t\t\t\t\t\t<section class=\"elementor-section elementor-top-section elementor-element elementor-element-6cf4314 elementor-section-boxed elementor-section-height-default elementor-section-height-default\" data-id=\"6cf4314\" data-element_type=\"section\">\n\t\t\t\t\t\t<div class=\"elementor-container elementor-column-gap-default\">\n\t\t\t\t\t\t\t<div class=\"elementor-row\">\n\t\t\t\t\t<div class=\"elementor-column elementor-col-100 elementor-top-column elementor-element elementor-element-49f3fc4\" data-id=\"49f3fc4\" data-element_type=\"column\">\n\t\t\t<div class=\"elementor-column-wrap elementor-element-populated\">\n\t\t\t\t\t\t\t<div class=\"elementor-widget-wrap\">\n\t\t\t\t\t\t<div class=\"elementor-element elementor-element-8055881 elementor-widget elementor-widget-heading\" data-id=\"8055881\" data-element_type=\"widget\" data-widget_type=\"heading.default\">\n\t\t\t\t<div class=\"elementor-widget-container\">\n\t\t\t<h2 class=\"elementor-heading-title elementor-size-default\">MKE 56. V\u00e1ndorgy\u0171l\u00e9s<\/h2>\t\t<\/div>\n\t\t\t\t<\/div>\n\t\t\t\t<div class=\"elementor-element elementor-element-e115c48 elementor-widget elementor-widget-heading\" data-id=\"e115c48\" data-element_type=\"widget\" data-widget_type=\"heading.default\">\n\t\t\t\t<div class=\"elementor-widget-container\">\n\t\t\t<h2 class=\"elementor-heading-title elementor-size-default\">Bar\u00e1ti tal\u00e1lkoz\u00f3<\/h2>\t\t<\/div>\n\t\t\t\t<\/div>\n\t\t\t\t<div class=\"elementor-element elementor-element-ee94c87 elementor-view-default elementor-widget elementor-widget-icon\" data-id=\"ee94c87\" data-element_type=\"widget\" data-widget_type=\"icon.default\">\n\t\t\t\t<div class=\"elementor-widget-container\">\n\t\t\t\t\t<div class=\"elementor-icon-wrapper\">\n\t\t\t<div class=\"elementor-icon\">\n\t\t\t<i aria-hidden=\"true\" class=\"fas fa-angle-double-down\"><\/i>\t\t\t<\/div>\n\t\t<\/div>\n\t\t\t\t<\/div>\n\t\t\t\t<\/div>\n\t\t\t\t\t\t<\/div>\n\t\t\t\t\t<\/div>\n\t\t<\/div>\n\t\t\t\t\t\t\t\t<\/div>\n\t\t\t\t\t<\/div>\n\t\t<\/section>\n\t\t\t\t<section class=\"elementor-section elementor-top-section elementor-element elementor-element-c9add2d elementor-section-boxed elementor-section-height-default elementor-section-height-default\" data-id=\"c9add2d\" data-element_type=\"section\">\n\t\t\t\t\t\t<div class=\"elementor-container elementor-column-gap-default\">\n\t\t\t\t\t\t\t<div class=\"elementor-row\">\n\t\t\t\t\t<div class=\"elementor-column elementor-col-100 elementor-top-column elementor-element elementor-element-ae5fae1\" data-id=\"ae5fae1\" data-element_type=\"column\">\n\t\t\t<div class=\"elementor-column-wrap elementor-element-populated\">\n\t\t\t\t\t\t\t<div class=\"elementor-widget-wrap\">\n\t\t\t\t\t\t<section class=\"elementor-section elementor-inner-section elementor-element elementor-element-824067d elementor-section-boxed elementor-section-height-default elementor-section-height-default\" data-id=\"824067d\" data-element_type=\"section\">\n\t\t\t\t\t\t<div class=\"elementor-container elementor-column-gap-default\">\n\t\t\t\t\t\t\t<div class=\"elementor-row\">\n\t\t\t\t\t<div class=\"elementor-column elementor-col-100 elementor-inner-column elementor-element elementor-element-2638fc5\" data-id=\"2638fc5\" data-element_type=\"column\">\n\t\t\t<div class=\"elementor-column-wrap elementor-element-populated\">\n\t\t\t\t\t\t\t<div class=\"elementor-widget-wrap\">\n\t\t\t\t\t\t<div class=\"elementor-element elementor-element-8cc8a16 elementor-widget elementor-widget-text-editor\" data-id=\"8cc8a16\" data-element_type=\"widget\" data-widget_type=\"text-editor.default\">\n\t\t\t\t<div class=\"elementor-widget-container\">\n\t\t\t\t\t\t\t\t<div class=\"elementor-text-editor elementor-clearfix\">\n\t\t\t\t\t<p><strong>Helysz\u00edn: <\/strong>DE F\u0151\u00e9p\u00fclet, D\u00edszudvar<\/p>\n<p><strong>Id\u0151pont<\/strong>: 2025. j\u00falius 11. 20:00<\/p>\n<p>Jelentkez\u00e9s a bar\u00e1ti tal\u00e1lkoz\u00f3ra lez\u00e1rult.<\/p>\t\t\t\t\t<\/div>\n\t\t\t\t\t\t<\/div>\n\t\t\t\t<\/div>\n\t\t\t\t\t\t<\/div>\n\t\t\t\t\t<\/div>\n\t\t<\/div>\n\t\t\t\t\t\t\t\t<\/div>\n\t\t\t\t\t<\/div>\n\t\t<\/section>\n\t\t\t\t<div class=\"elementor-element elementor-element-8e3a662 elementor-widget-divider--view-line elementor-widget elementor-widget-divider\" data-id=\"8e3a662\" data-element_type=\"widget\" data-widget_type=\"divider.default\">\n\t\t\t\t<div class=\"elementor-widget-container\">\n\t\t\t\t\t<div class=\"elementor-divider\">\n\t\t\t<span class=\"elementor-divider-separator\">\n\t\t\t\t\t\t<\/span>\n\t\t<\/div>\n\t\t\t\t<\/div>\n\t\t\t\t<\/div>\n\t\t\t\t<div class=\"elementor-element elementor-element-3c4678c elementor-widget elementor-widget-text-editor\" data-id=\"3c4678c\" data-element_type=\"widget\" data-widget_type=\"text-editor.default\">\n\t\t\t\t<div class=\"elementor-widget-container\">\n\t\t\t\t\t\t\t\t<div class=\"elementor-text-editor elementor-clearfix\">\n\t\t\t\t\t<p>Az 56. v\u00e1ndorgy\u0171l\u00e9s\u00fcnk szakmai programjainak lez\u00e1r\u00e1sak\u00e9nt szeretettel h\u00edvjuk \u00e9s v\u00e1rjuk \u00d6nt a hagyom\u00e1nyos bar\u00e1ti tal\u00e1lkoz\u00f3ra, ahol vend\u00e9geinket sv\u00e9dasztalos men\u00fck\u00edn\u00e1lattal v\u00e1rjuk.\u00a0<\/p><p><span style=\"font-size: 1rem\">A rendezv\u00e9ny ideje alatt \u00f6nk\u00f6lts\u00e9ges italpult \u00fczemel.<\/span><\/p><p>A rendezv\u00e9ny sz\u00e1mos meglepet\u00e9st tartogat a r\u00e9sztvev\u0151knek: zen\u00e9s m\u0171sor, j\u00e1t\u00e9k, zene, t\u00e1nc \u00e9s rengeteg j\u00f3kedv.\u00a0<\/p><p>V\u00e1rjuk \u00d6n\u00f6ket sok szeretettel!<\/p>\t\t\t\t\t<\/div>\n\t\t\t\t\t\t<\/div>\n\t\t\t\t<\/div>\n\t\t\t\t<section class=\"elementor-section elementor-inner-section elementor-element elementor-element-9e2f0e2 elementor-section-boxed elementor-section-height-default elementor-section-height-default\" data-id=\"9e2f0e2\" data-element_type=\"section\">\n\t\t\t\t\t\t<div class=\"elementor-container elementor-column-gap-default\">\n\t\t\t\t\t\t\t<div class=\"elementor-row\">\n\t\t\t\t\t<div class=\"elementor-column elementor-col-100 elementor-inner-column elementor-element elementor-element-1e5e592\" data-id=\"1e5e592\" data-element_type=\"column\">\n\t\t\t<div class=\"elementor-column-wrap elementor-element-populated\">\n\t\t\t\t\t\t\t<div class=\"elementor-widget-wrap\">\n\t\t\t\t\t\t<div class=\"elementor-element elementor-element-f4af831 elementor-widget elementor-widget-text-editor\" data-id=\"f4af831\" data-element_type=\"widget\" data-widget_type=\"text-editor.default\">\n\t\t\t\t<div class=\"elementor-widget-container\">\n\t\t\t\t\t\t\t\t<div class=\"elementor-text-editor elementor-clearfix\">\n\t\t\t\t\t<h2><strong>Sv\u00e9dasztalos men\u00fc<\/strong><\/h2>\n<p><b>WELCOME DRINK<\/b><br>T\u00f6rley pezsg\u0151<br><i>(\u00e9des, sz\u00e1raz, alkoholmentes)<\/i><\/p>\n<p><strong>LEVES<\/strong><br>M\u00e1lnakr\u00e9mleves mini t\u00far\u00f3gomb\u00f3ccal <i>(lakt\u00f3z- \u00e9s glut\u00e9nmentes)<\/i><br>Guly\u00e1sleves <i>(lakt\u00f3zmentes)<\/i><\/p>\n<p><strong>F\u0150\u00c9TELEK<br><\/strong>V\u00f6r\u00f6sboros marhap\u00f6rk\u00f6lt juht\u00far\u00f3s sztrapacsk\u00e1val (<i>lakt\u00f3z- \u00e9s glut\u00e9nmentes)<\/i><br>Dijoni csirkemell k\u00fcl\u00f6n hollandi m\u00e1rt\u00e1ssal \u00e9s burgonyatort\u00e1val <i>(lakt\u00f3z- \u00e9s glut\u00e9nmentes)<\/i><br>Petrezselymes vajban s\u00fclt sert\u00e9ssz\u0171z erdei gombaraguval \u00e9s&nbsp;paprik\u00e1s rizskonfettivel <i>(glut\u00e9nmentes)<\/i><br>Grillezett camembert tepsis s\u00fclt z\u00f6lds\u00e9gekkel<i> (glut\u00e9nmentes)<\/i><\/p>\n<p><strong>DESSZERT<\/strong><br>H\u00e1zi mini r\u00e9tesek vegyesen<br><i>(alm\u00e1s, meggyes, t\u00far\u00f3s)<\/i><br>Barackos mascarpon\u00e9s szelet<\/p>\n<p><strong>ITALOK<\/strong><br>Szentkir\u00e1lyi sz\u00e9nsavmentes \u00e1sv\u00e1nyv\u00edz<\/p>\n<p><span style=\"font-weight: bolder\">P\u00c9K\u00c1RU<\/span><\/p>\n<p><span style=\"font-weight: bolder\">H\u00c1ZI SAVANY\u00daS\u00c1G<\/span><\/p>\n<p><strong>S\u00d3S S\u00dcTEM\u00c9NYEK<\/strong><br>Sajtos \u00e9s aszalt paradicsomos pog\u00e1csa<br>Virslis rol\u00f3<\/p>\t\t\t\t\t<\/div>\n\t\t\t\t\t\t<\/div>\n\t\t\t\t<\/div>\n\t\t\t\t\t\t<\/div>\n\t\t\t\t\t<\/div>\n\t\t<\/div>\n\t\t\t\t\t\t\t\t<\/div>\n\t\t\t\t\t<\/div>\n\t\t<\/section>\n\t\t\t\t\t\t<\/div>\n\t\t\t\t\t<\/div>\n\t\t<\/div>\n\t\t\t\t\t\t\t\t<\/div>\n\t\t\t\t\t<\/div>\n\t\t<\/section>\n\t\t\t\t\t\t<\/div>\n\t\t\t\t\t\t<\/div>\n\t\t\t\t\t<\/div>\n\t\t","protected":false},"excerpt":{"rendered":"<p>Bar\u00e1ti tal\u00e1lkoz\u00f3 Helysz\u00edn: DE F\u0151\u00e9p\u00fclet, D\u00edszudvar Id\u0151pont: 2025. j\u00falius 11. 20:00 Jelentkez\u00e9s a bar\u00e1ti tal\u00e1lkoz\u00f3ra lez\u00e1rult. Az 56. v\u00e1ndorgy\u0171l\u00e9s\u00fcnk szakmai programjainak lez\u00e1r\u00e1sak\u00e9nt szeretettel h\u00edvjuk \u00e9s v\u00e1rjuk \u00d6nt a hagyom\u00e1nyos bar\u00e1ti tal\u00e1lkoz\u00f3ra, ahol vend\u00e9geinket sv\u00e9dasztalos men\u00fck\u00edn\u00e1lattal v\u00e1rjuk.\u00a0 A rendezv\u00e9ny ideje alatt \u00f6nk\u00f6lts\u00e9ges italpult \u00fczemel. A rendezv\u00e9ny sz\u00e1mos meglepet\u00e9st tartogat a r\u00e9sztvev\u0151knek: zen\u00e9s m\u0171sor, j\u00e1t\u00e9k, zene, t\u00e1nc [&hellip;]<\/p>\n","protected":false},"author":280,"featured_media":0,"parent":0,"menu_order":0,"comment_status":"closed","ping_status":"closed","template":"","meta":[],"yoast_head":"<!-- This site is optimized with the Yoast SEO plugin v16.4 - https:\/\/yoast.com\/wordpress\/plugins\/seo\/ -->\n<title>Bar\u00e1ti tal\u00e1lkoz\u00f3 | MKE 56. V\u00e1ndorgy\u0171l\u00e9s<\/title>\n<meta name=\"description\" content=\"Az 53. V\u00e1ndorgy\u0171l\u00e9s bar\u00e1ti tal\u00e1lkoz\u00f3ja a Pannon Lovasakad\u00e9mi\u00e1n ker\u00fcl megrendez\u00e9sre, term\u00e9szetk\u00f6zeli, fest\u0151i k\u00f6rnyezetben, r\u00e9szben szabadt\u00e9ri programk\u00e9nt.\" \/>\n<meta name=\"robots\" content=\"index, follow, max-snippet:-1, max-image-preview:large, max-video-preview:-1\" \/>\n<link rel=\"canonical\" href=\"https:\/\/mkevandorgyules.hu\/barati-talalkozo\/\" \/>\n<meta property=\"og:locale\" content=\"hu_HU\" \/>\n<meta property=\"og:type\" content=\"article\" \/>\n<meta property=\"og:title\" content=\"Bar\u00e1ti tal\u00e1lkoz\u00f3 | MKE 56. V\u00e1ndorgy\u0171l\u00e9s\" \/>\n<meta property=\"og:description\" content=\"Az 53. V\u00e1ndorgy\u0171l\u00e9s bar\u00e1ti tal\u00e1lkoz\u00f3ja a Pannon Lovasakad\u00e9mi\u00e1n ker\u00fcl megrendez\u00e9sre, term\u00e9szetk\u00f6zeli, fest\u0151i k\u00f6rnyezetben, r\u00e9szben szabadt\u00e9ri programk\u00e9nt.\" \/>\n<meta property=\"og:url\" content=\"https:\/\/mkevandorgyules.hu\/barati-talalkozo\/\" \/>\n<meta property=\"og:site_name\" content=\"MKE 56. V\u00e1ndorgy\u0171l\u00e9s\" \/>\n<meta property=\"article:modified_time\" content=\"2025-07-06T15:36:24+00:00\" \/>\n<meta property=\"og:image\" content=\"https:\/\/mkevandorgyules.hu\/wp-content\/uploads\/sites\/7\/2022\/05\/pla.jpg\" \/>\n\t<meta property=\"og:image:width\" content=\"1280\" \/>\n\t<meta property=\"og:image:height\" content=\"852\" \/>\n<meta name=\"twitter:card\" content=\"summary_large_image\" \/>\n<meta name=\"twitter:label1\" content=\"Becs\u00fclt olvas\u00e1si id\u0151\" \/>\n\t<meta name=\"twitter:data1\" content=\"2 perc\" \/>\n<script type=\"application\/ld+json\" class=\"yoast-schema-graph\">{\"@context\":\"https:\/\/schema.org\",\"@graph\":[{\"@type\":\"WebSite\",\"@id\":\"https:\/\/mkevandorgyules.hu\/#website\",\"url\":\"https:\/\/mkevandorgyules.hu\/\",\"name\":\"MKE 56. V\\u00e1ndorgy\\u0171l\\u00e9s\",\"description\":\"2025. j\\u00falius 9-12., Debrecen\",\"potentialAction\":[{\"@type\":\"SearchAction\",\"target\":\"https:\/\/mkevandorgyules.hu\/?s={search_term_string}\",\"query-input\":\"required name=search_term_string\"}],\"inLanguage\":\"hu\"},{\"@type\":\"ImageObject\",\"@id\":\"https:\/\/mkevandorgyules.hu\/barati-talalkozo\/#primaryimage\",\"inLanguage\":\"hu\",\"url\":\"https:\/\/mkevandorgyules.hu\/wp-content\/uploads\/sites\/7\/2022\/05\/pla.jpg\",\"contentUrl\":\"https:\/\/mkevandorgyules.hu\/wp-content\/uploads\/sites\/7\/2022\/05\/pla.jpg\",\"width\":1280,\"height\":852},{\"@type\":\"WebPage\",\"@id\":\"https:\/\/mkevandorgyules.hu\/barati-talalkozo\/#webpage\",\"url\":\"https:\/\/mkevandorgyules.hu\/barati-talalkozo\/\",\"name\":\"Bar\\u00e1ti tal\\u00e1lkoz\\u00f3 | MKE 56. V\\u00e1ndorgy\\u0171l\\u00e9s\",\"isPartOf\":{\"@id\":\"https:\/\/mkevandorgyules.hu\/#website\"},\"datePublished\":\"2022-05-31T17:40:38+00:00\",\"dateModified\":\"2025-07-06T15:36:24+00:00\",\"description\":\"Az 53. V\\u00e1ndorgy\\u0171l\\u00e9s bar\\u00e1ti tal\\u00e1lkoz\\u00f3ja a Pannon Lovasakad\\u00e9mi\\u00e1n ker\\u00fcl megrendez\\u00e9sre, term\\u00e9szetk\\u00f6zeli, fest\\u0151i k\\u00f6rnyezetben, r\\u00e9szben szabadt\\u00e9ri programk\\u00e9nt.\",\"breadcrumb\":{\"@id\":\"https:\/\/mkevandorgyules.hu\/barati-talalkozo\/#breadcrumb\"},\"inLanguage\":\"hu\",\"potentialAction\":[{\"@type\":\"ReadAction\",\"target\":[\"https:\/\/mkevandorgyules.hu\/barati-talalkozo\/\"]}]},{\"@type\":\"BreadcrumbList\",\"@id\":\"https:\/\/mkevandorgyules.hu\/barati-talalkozo\/#breadcrumb\",\"itemListElement\":[{\"@type\":\"ListItem\",\"position\":1,\"item\":{\"@type\":\"WebPage\",\"@id\":\"https:\/\/mkevandorgyules.hu\/\",\"url\":\"https:\/\/mkevandorgyules.hu\/\",\"name\":\"Home\"}},{\"@type\":\"ListItem\",\"position\":2,\"item\":{\"@id\":\"https:\/\/mkevandorgyules.hu\/barati-talalkozo\/#webpage\"}}]}]}<\/script>\n<!-- \/ Yoast SEO plugin. -->","_links":{"self":[{"href":"https:\/\/mkevandorgyules.hu\/wp-json\/wp\/v2\/pages\/8509"}],"collection":[{"href":"https:\/\/mkevandorgyules.hu\/wp-json\/wp\/v2\/pages"}],"about":[{"href":"https:\/\/mkevandorgyules.hu\/wp-json\/wp\/v2\/types\/page"}],"author":[{"embeddable":true,"href":"https:\/\/mkevandorgyules.hu\/wp-json\/wp\/v2\/users\/280"}],"replies":[{"embeddable":true,"href":"https:\/\/mkevandorgyules.hu\/wp-json\/wp\/v2\/comments?post=8509"}],"version-history":[{"count":139,"href":"https:\/\/mkevandorgyules.hu\/wp-json\/wp\/v2\/pages\/8509\/revisions"}],"predecessor-version":[{"id":37039,"href":"https:\/\/mkevandorgyules.hu\/wp-json\/wp\/v2\/pages\/8509\/revisions\/37039"}],"wp:attachment":[{"href":"https:\/\/mkevandorgyules.hu\/wp-json\/wp\/v2\/media?parent=8509"}],"curies":[{"name":"wp","href":"https:\/\/api.w.org\/{rel}","templated":true}]}}