{"id":9592,"date":"2022-07-09T13:59:47","date_gmt":"2022-07-09T11:59:47","guid":{"rendered":"https:\/\/mkevandorgyules.hu\/?page_id=9592"},"modified":"2025-04-30T09:42:10","modified_gmt":"2025-04-30T07:42:10","slug":"kozerdeku-informaciok","status":"publish","type":"page","link":"https:\/\/mkevandorgyules.hu\/kozerdeku-informaciok\/","title":{"rendered":"K\u00f6z\u00e9rdek\u0171 inform\u00e1ci\u00f3k"},"content":{"rendered":"\t\t<div data-elementor-type=\"wp-page\" data-elementor-id=\"9592\" class=\"elementor elementor-9592\" data-elementor-settings=\"[]\">\n\t\t\t\t\t\t<div class=\"elementor-inner\">\n\t\t\t\t\t\t\t<div class=\"elementor-section-wrap\">\n\t\t\t\t\t\t\t<section class=\"elementor-section elementor-top-section elementor-element elementor-element-487ef89 elementor-section-boxed elementor-section-height-default elementor-section-height-default\" data-id=\"487ef89\" data-element_type=\"section\">\n\t\t\t\t\t\t<div class=\"elementor-container elementor-column-gap-default\">\n\t\t\t\t\t\t\t<div class=\"elementor-row\">\n\t\t\t\t\t<div class=\"elementor-column elementor-col-100 elementor-top-column elementor-element elementor-element-b58d207\" data-id=\"b58d207\" data-element_type=\"column\">\n\t\t\t<div class=\"elementor-column-wrap elementor-element-populated\">\n\t\t\t\t\t\t\t<div class=\"elementor-widget-wrap\">\n\t\t\t\t\t\t<div class=\"elementor-element elementor-element-9ba4604 elementor-widget elementor-widget-text-editor\" data-id=\"9ba4604\" data-element_type=\"widget\" data-widget_type=\"text-editor.default\">\n\t\t\t\t<div class=\"elementor-widget-container\">\n\t\t\t\t\t\t\t\t<div class=\"elementor-text-editor elementor-clearfix\">\n\t\t\t\t\t<p>\u00a0<\/p><p>\u00a0<\/p>\t\t\t\t\t<\/div>\n\t\t\t\t\t\t<\/div>\n\t\t\t\t<\/div>\n\t\t\t\t\t\t<\/div>\n\t\t\t\t\t<\/div>\n\t\t<\/div>\n\t\t\t\t\t\t\t\t<\/div>\n\t\t\t\t\t<\/div>\n\t\t<\/section>\n\t\t\t\t<section class=\"elementor-section elementor-top-section elementor-element elementor-element-a4b4cf0 elementor-section-boxed elementor-section-height-default elementor-section-height-default\" data-id=\"a4b4cf0\" data-element_type=\"section\">\n\t\t\t\t\t\t<div class=\"elementor-container elementor-column-gap-default\">\n\t\t\t\t\t\t\t<div class=\"elementor-row\">\n\t\t\t\t\t<div class=\"elementor-column elementor-col-100 elementor-top-column elementor-element elementor-element-cacd46c\" data-id=\"cacd46c\" data-element_type=\"column\">\n\t\t\t<div class=\"elementor-column-wrap elementor-element-populated\">\n\t\t\t\t\t\t\t<div class=\"elementor-widget-wrap\">\n\t\t\t\t\t\t<div class=\"elementor-element elementor-element-76a6e2c elementor-widget elementor-widget-heading\" data-id=\"76a6e2c\" data-element_type=\"widget\" data-widget_type=\"heading.default\">\n\t\t\t\t<div class=\"elementor-widget-container\">\n\t\t\t<h2 class=\"elementor-heading-title elementor-size-default\">MKE 56. V\u00e1ndorgy\u0171l\u00e9s<\/h2>\t\t<\/div>\n\t\t\t\t<\/div>\n\t\t\t\t<div class=\"elementor-element elementor-element-25aedbb elementor-widget elementor-widget-heading\" data-id=\"25aedbb\" data-element_type=\"widget\" data-widget_type=\"heading.default\">\n\t\t\t\t<div class=\"elementor-widget-container\">\n\t\t\t<h2 class=\"elementor-heading-title elementor-size-default\">K\u00f6z\u00e9rdek\u0171 inform\u00e1ci\u00f3k<\/h2>\t\t<\/div>\n\t\t\t\t<\/div>\n\t\t\t\t<div class=\"elementor-element elementor-element-5829e54 elementor-view-default elementor-widget elementor-widget-icon\" data-id=\"5829e54\" data-element_type=\"widget\" data-widget_type=\"icon.default\">\n\t\t\t\t<div class=\"elementor-widget-container\">\n\t\t\t\t\t<div class=\"elementor-icon-wrapper\">\n\t\t\t<div class=\"elementor-icon\">\n\t\t\t<i aria-hidden=\"true\" class=\"fas fa-angle-double-down\"><\/i>\t\t\t<\/div>\n\t\t<\/div>\n\t\t\t\t<\/div>\n\t\t\t\t<\/div>\n\t\t\t\t<div class=\"elementor-element elementor-element-b862f20 elementor-widget elementor-widget-text-editor\" data-id=\"b862f20\" data-element_type=\"widget\" data-widget_type=\"text-editor.default\">\n\t\t\t\t<div class=\"elementor-widget-container\">\n\t\t\t\t\t\t\t\t<div class=\"elementor-text-editor elementor-clearfix\">\n\t\t\t\t\t<p><b>Debreceni Egyetem Egytemi \u00e9s Nemzeti K\u00f6nyvt\u00e1r<br \/><\/b><span style=\"font-size: 1rem\">4032, Debrecen, Egyetem t\u00e9r 1.<br \/><\/span><span style=\"font-size: 1rem\">Tel.: +36 52 518-621 ; +36 52 512 900\/61921<br \/>e-mail: info@lib.unideb.hu<\/span><\/p><p><span style=\"font-size: 1rem\">\u00a0<\/span><\/p>\t\t\t\t\t<\/div>\n\t\t\t\t\t\t<\/div>\n\t\t\t\t<\/div>\n\t\t\t\t<div class=\"elementor-element elementor-element-1ba4e1c elementor-widget elementor-widget-text-editor\" data-id=\"1ba4e1c\" data-element_type=\"widget\" data-widget_type=\"text-editor.default\">\n\t\t\t\t<div class=\"elementor-widget-container\">\n\t\t\t\t\t\t\t\t<div class=\"elementor-text-editor elementor-clearfix\">\n\t\t\t\t\t<p><strong>SEG\u00c9LYH\u00cdV\u00d3 SZ\u00c1MOK<\/strong><\/p><p><strong>K\u00f6zponti sz\u00e1m<\/strong>: <a href=\"tel:112\">112<\/a><br \/><strong>Ment\u0151<\/strong>: <a href=\"tel:104\">104<\/a><br \/><strong>T\u0171zolt\u00f3s\u00e1g<\/strong>: <a href=\"tel:105\">105<\/a><br \/><strong>Rend\u0151rs\u00e9g<\/strong>: <a href=\"tel:107\">107<\/a><\/p>\t\t\t\t\t<\/div>\n\t\t\t\t\t\t<\/div>\n\t\t\t\t<\/div>\n\t\t\t\t<div class=\"elementor-element elementor-element-e1147e1 elementor-widget elementor-widget-heading\" data-id=\"e1147e1\" data-element_type=\"widget\" data-widget_type=\"heading.default\">\n\t\t\t\t<div class=\"elementor-widget-container\">\n\t\t\t<h2 class=\"elementor-heading-title elementor-size-default\">Eg\u00e9szs\u00e9g\u00fcgyi inform\u00e1ci\u00f3k<\/h2>\t\t<\/div>\n\t\t\t\t<\/div>\n\t\t\t\t\t\t<\/div>\n\t\t\t\t\t<\/div>\n\t\t<\/div>\n\t\t\t\t\t\t\t\t<\/div>\n\t\t\t\t\t<\/div>\n\t\t<\/section>\n\t\t\t\t<section class=\"elementor-section elementor-top-section elementor-element elementor-element-b47b32f elementor-section-boxed elementor-section-height-default elementor-section-height-default\" data-id=\"b47b32f\" data-element_type=\"section\">\n\t\t\t\t\t\t<div class=\"elementor-container elementor-column-gap-default\">\n\t\t\t\t\t\t\t<div class=\"elementor-row\">\n\t\t\t\t\t<div class=\"elementor-column elementor-col-50 elementor-top-column elementor-element elementor-element-471a839\" data-id=\"471a839\" data-element_type=\"column\">\n\t\t\t<div class=\"elementor-column-wrap elementor-element-populated\">\n\t\t\t\t\t\t\t<div class=\"elementor-widget-wrap\">\n\t\t\t\t\t\t<div class=\"elementor-element elementor-element-641ab75 elementor-widget elementor-widget-text-editor\" data-id=\"641ab75\" data-element_type=\"widget\" data-widget_type=\"text-editor.default\">\n\t\t\t\t<div class=\"elementor-widget-container\">\n\t\t\t\t\t\t\t\t<div class=\"elementor-text-editor elementor-clearfix\">\n\t\t\t\t\t<p><strong>ORVOSI \u00dcGYELET<\/strong><\/p><p><strong>ALAPELL\u00c1T\u00c1SI FELN\u0150TT \u00dcGYELET<\/strong><br \/>4031 Debrecen, Nagyerdei krt. 98.<br \/>Nyitva: 0-24<br \/>(H\u00e9tv\u00e9g\u00e9n \u00e9s \u00fcnnepnapokon: folyamatosan)<br \/>Tel.:\u00a0<a style=\"font-size: 1rem;background-color: #ffffff\" href=\"tel:(06 52) 506 303\">(06 52) 506 303<\/a><\/p>\t\t\t\t\t<\/div>\n\t\t\t\t\t\t<\/div>\n\t\t\t\t<\/div>\n\t\t\t\t\t\t<\/div>\n\t\t\t\t\t<\/div>\n\t\t<\/div>\n\t\t\t\t<div class=\"elementor-column elementor-col-50 elementor-top-column elementor-element elementor-element-8a2e4ef\" data-id=\"8a2e4ef\" data-element_type=\"column\">\n\t\t\t<div class=\"elementor-column-wrap elementor-element-populated\">\n\t\t\t\t\t\t\t<div class=\"elementor-widget-wrap\">\n\t\t\t\t\t\t<div class=\"elementor-element elementor-element-afb7326 elementor-widget elementor-widget-google_maps\" data-id=\"afb7326\" data-element_type=\"widget\" data-widget_type=\"google_maps.default\">\n\t\t\t\t<div class=\"elementor-widget-container\">\n\t\t\t\t\t<div class=\"elementor-custom-embed\">\n\t\t\t<iframe frameborder=\"0\" scrolling=\"no\" marginheight=\"0\" marginwidth=\"0\" src=\"https:\/\/maps.google.com\/maps?q=4031%20Debrecen%2C%20Nagyerdei%20krt.%2098.&amp;t=m&amp;z=15&amp;output=embed&amp;iwloc=near\" title=\"%3$s\" aria-label=\"%3$s\"><\/iframe>\n\t\t<\/div>\n\t\t\t\t<\/div>\n\t\t\t\t<\/div>\n\t\t\t\t\t\t<\/div>\n\t\t\t\t\t<\/div>\n\t\t<\/div>\n\t\t\t\t\t\t\t\t<\/div>\n\t\t\t\t\t<\/div>\n\t\t<\/section>\n\t\t\t\t<section class=\"elementor-section elementor-top-section elementor-element elementor-element-01c8e87 elementor-section-boxed elementor-section-height-default elementor-section-height-default\" data-id=\"01c8e87\" data-element_type=\"section\">\n\t\t\t\t\t\t<div class=\"elementor-container elementor-column-gap-default\">\n\t\t\t\t\t\t\t<div class=\"elementor-row\">\n\t\t\t\t\t<div class=\"elementor-column elementor-col-100 elementor-top-column elementor-element elementor-element-823a6e3\" data-id=\"823a6e3\" data-element_type=\"column\">\n\t\t\t<div class=\"elementor-column-wrap elementor-element-populated\">\n\t\t\t\t\t\t\t<div class=\"elementor-widget-wrap\">\n\t\t\t\t\t\t<div class=\"elementor-element elementor-element-8bef261 elementor-widget-divider--view-line elementor-widget elementor-widget-divider\" data-id=\"8bef261\" data-element_type=\"widget\" data-widget_type=\"divider.default\">\n\t\t\t\t<div class=\"elementor-widget-container\">\n\t\t\t\t\t<div class=\"elementor-divider\">\n\t\t\t<span class=\"elementor-divider-separator\">\n\t\t\t\t\t\t<\/span>\n\t\t<\/div>\n\t\t\t\t<\/div>\n\t\t\t\t<\/div>\n\t\t\t\t\t\t<\/div>\n\t\t\t\t\t<\/div>\n\t\t<\/div>\n\t\t\t\t\t\t\t\t<\/div>\n\t\t\t\t\t<\/div>\n\t\t<\/section>\n\t\t\t\t<section class=\"elementor-section elementor-top-section elementor-element elementor-element-4620218 elementor-section-boxed elementor-section-height-default elementor-section-height-default\" data-id=\"4620218\" data-element_type=\"section\">\n\t\t\t\t\t\t<div class=\"elementor-container elementor-column-gap-default\">\n\t\t\t\t\t\t\t<div class=\"elementor-row\">\n\t\t\t\t\t<div class=\"elementor-column elementor-col-50 elementor-top-column elementor-element elementor-element-49c665d\" data-id=\"49c665d\" data-element_type=\"column\">\n\t\t\t<div class=\"elementor-column-wrap elementor-element-populated\">\n\t\t\t\t\t\t\t<div class=\"elementor-widget-wrap\">\n\t\t\t\t\t\t<div class=\"elementor-element elementor-element-b8b8675 elementor-widget elementor-widget-text-editor\" data-id=\"b8b8675\" data-element_type=\"widget\" data-widget_type=\"text-editor.default\">\n\t\t\t\t<div class=\"elementor-widget-container\">\n\t\t\t\t\t\t\t\t<div class=\"elementor-text-editor elementor-clearfix\">\n\t\t\t\t\t<p><span style=\"font-size: 1rem\"><strong>S\u00dcRG\u0150SS\u00c9GI BETEGELL\u00c1T\u00c1S<\/strong><br \/>4043 Debrecen, Bart\u00f3k B\u00e9la \u00fat 2-26.<br \/><\/span><span style=\"font-size: 1rem\">A S\u00fcrg\u0151ss\u00e9gi T\u00f6mb f\u00f6ldszintj\u00e9n a ment\u0151porta mellett<br \/>Minden nap: 00.00-24.00<br \/>Tel.: <a href=\"tel:(06 52) 511 832\">(06 52) 511 832<\/a><br \/><\/span><\/p>\t\t\t\t\t<\/div>\n\t\t\t\t\t\t<\/div>\n\t\t\t\t<\/div>\n\t\t\t\t\t\t<\/div>\n\t\t\t\t\t<\/div>\n\t\t<\/div>\n\t\t\t\t<div class=\"elementor-column elementor-col-50 elementor-top-column elementor-element elementor-element-8601498\" data-id=\"8601498\" data-element_type=\"column\">\n\t\t\t<div class=\"elementor-column-wrap elementor-element-populated\">\n\t\t\t\t\t\t\t<div class=\"elementor-widget-wrap\">\n\t\t\t\t\t\t<div class=\"elementor-element elementor-element-69b268f elementor-widget elementor-widget-google_maps\" data-id=\"69b268f\" data-element_type=\"widget\" data-widget_type=\"google_maps.default\">\n\t\t\t\t<div class=\"elementor-widget-container\">\n\t\t\t\t\t<div class=\"elementor-custom-embed\">\n\t\t\t<iframe frameborder=\"0\" scrolling=\"no\" marginheight=\"0\" marginwidth=\"0\" src=\"https:\/\/maps.google.com\/maps?q=4043%20Debrecen%2C%20Bart%C3%B3k%20B%C3%A9la%20%C3%BAt%202-26.&amp;t=m&amp;z=15&amp;output=embed&amp;iwloc=near\" title=\"%3$s\" aria-label=\"%3$s\"><\/iframe>\n\t\t<\/div>\n\t\t\t\t<\/div>\n\t\t\t\t<\/div>\n\t\t\t\t\t\t<\/div>\n\t\t\t\t\t<\/div>\n\t\t<\/div>\n\t\t\t\t\t\t\t\t<\/div>\n\t\t\t\t\t<\/div>\n\t\t<\/section>\n\t\t\t\t<section class=\"elementor-section elementor-top-section elementor-element elementor-element-972f6f0 elementor-section-boxed elementor-section-height-default elementor-section-height-default\" data-id=\"972f6f0\" data-element_type=\"section\">\n\t\t\t\t\t\t<div class=\"elementor-container elementor-column-gap-default\">\n\t\t\t\t\t\t\t<div class=\"elementor-row\">\n\t\t\t\t\t<div class=\"elementor-column elementor-col-100 elementor-top-column elementor-element elementor-element-55d090a\" data-id=\"55d090a\" data-element_type=\"column\">\n\t\t\t<div class=\"elementor-column-wrap elementor-element-populated\">\n\t\t\t\t\t\t\t<div class=\"elementor-widget-wrap\">\n\t\t\t\t\t\t<div class=\"elementor-element elementor-element-1d31c3b elementor-widget-divider--view-line elementor-widget elementor-widget-divider\" data-id=\"1d31c3b\" data-element_type=\"widget\" data-widget_type=\"divider.default\">\n\t\t\t\t<div class=\"elementor-widget-container\">\n\t\t\t\t\t<div class=\"elementor-divider\">\n\t\t\t<span class=\"elementor-divider-separator\">\n\t\t\t\t\t\t<\/span>\n\t\t<\/div>\n\t\t\t\t<\/div>\n\t\t\t\t<\/div>\n\t\t\t\t\t\t<\/div>\n\t\t\t\t\t<\/div>\n\t\t<\/div>\n\t\t\t\t\t\t\t\t<\/div>\n\t\t\t\t\t<\/div>\n\t\t<\/section>\n\t\t\t\t<section class=\"elementor-section elementor-top-section elementor-element elementor-element-05ac56f elementor-section-boxed elementor-section-height-default elementor-section-height-default\" data-id=\"05ac56f\" data-element_type=\"section\">\n\t\t\t\t\t\t<div class=\"elementor-container elementor-column-gap-default\">\n\t\t\t\t\t\t\t<div class=\"elementor-row\">\n\t\t\t\t\t<div class=\"elementor-column elementor-col-50 elementor-top-column elementor-element elementor-element-0832c7e\" data-id=\"0832c7e\" data-element_type=\"column\">\n\t\t\t<div class=\"elementor-column-wrap elementor-element-populated\">\n\t\t\t\t\t\t\t<div class=\"elementor-widget-wrap\">\n\t\t\t\t\t\t<div class=\"elementor-element elementor-element-ccdffd2 elementor-widget elementor-widget-text-editor\" data-id=\"ccdffd2\" data-element_type=\"widget\" data-widget_type=\"text-editor.default\">\n\t\t\t\t<div class=\"elementor-widget-container\">\n\t\t\t\t\t\t\t\t<div class=\"elementor-text-editor elementor-clearfix\">\n\t\t\t\t\t<p><span style=\"font-size: 1rem\"><strong>FOGORVOSI \u00dcGYELET<\/strong><br \/>4031 Debrecen, P\u00f3sa utca 1.<br \/><\/span><span style=\"font-size: 1rem\">H\u00e9tv\u00e9g\u00e9n \u00e9s \u00fcnnepnapokon: 08:00-14:00 k\u00f6z\u00f6tt<br \/><\/span><span style=\"font-size: 1rem\">Tel.: <\/span><a style=\"font-size: 1rem;background-color: #ffffff\" href=\"tel:+36 30 186-68-63\">+36 30 186-68-63<\/a><\/p>\t\t\t\t\t<\/div>\n\t\t\t\t\t\t<\/div>\n\t\t\t\t<\/div>\n\t\t\t\t\t\t<\/div>\n\t\t\t\t\t<\/div>\n\t\t<\/div>\n\t\t\t\t<div class=\"elementor-column elementor-col-50 elementor-top-column elementor-element elementor-element-91d693c\" data-id=\"91d693c\" data-element_type=\"column\">\n\t\t\t<div class=\"elementor-column-wrap elementor-element-populated\">\n\t\t\t\t\t\t\t<div class=\"elementor-widget-wrap\">\n\t\t\t\t\t\t<div class=\"elementor-element elementor-element-07bb0d8 elementor-widget elementor-widget-google_maps\" data-id=\"07bb0d8\" data-element_type=\"widget\" data-widget_type=\"google_maps.default\">\n\t\t\t\t<div class=\"elementor-widget-container\">\n\t\t\t\t\t<div class=\"elementor-custom-embed\">\n\t\t\t<iframe frameborder=\"0\" scrolling=\"no\" marginheight=\"0\" marginwidth=\"0\" src=\"https:\/\/maps.google.com\/maps?q=debrecen%20p%C3%B3sa%20utca%201&amp;t=m&amp;z=15&amp;output=embed&amp;iwloc=near\" title=\"%3$s\" aria-label=\"%3$s\"><\/iframe>\n\t\t<\/div>\n\t\t\t\t<\/div>\n\t\t\t\t<\/div>\n\t\t\t\t\t\t<\/div>\n\t\t\t\t\t<\/div>\n\t\t<\/div>\n\t\t\t\t\t\t\t\t<\/div>\n\t\t\t\t\t<\/div>\n\t\t<\/section>\n\t\t\t\t<section class=\"elementor-section elementor-top-section elementor-element elementor-element-4699e00 elementor-section-boxed elementor-section-height-default elementor-section-height-default\" data-id=\"4699e00\" data-element_type=\"section\">\n\t\t\t\t\t\t<div class=\"elementor-container elementor-column-gap-default\">\n\t\t\t\t\t\t\t<div class=\"elementor-row\">\n\t\t\t\t\t<div class=\"elementor-column elementor-col-100 elementor-top-column elementor-element elementor-element-f91cb80\" data-id=\"f91cb80\" data-element_type=\"column\">\n\t\t\t<div class=\"elementor-column-wrap elementor-element-populated\">\n\t\t\t\t\t\t\t<div class=\"elementor-widget-wrap\">\n\t\t\t\t\t\t<div class=\"elementor-element elementor-element-72b8579 elementor-widget-divider--view-line elementor-widget elementor-widget-divider\" data-id=\"72b8579\" data-element_type=\"widget\" data-widget_type=\"divider.default\">\n\t\t\t\t<div class=\"elementor-widget-container\">\n\t\t\t\t\t<div class=\"elementor-divider\">\n\t\t\t<span class=\"elementor-divider-separator\">\n\t\t\t\t\t\t<\/span>\n\t\t<\/div>\n\t\t\t\t<\/div>\n\t\t\t\t<\/div>\n\t\t\t\t\t\t<\/div>\n\t\t\t\t\t<\/div>\n\t\t<\/div>\n\t\t\t\t\t\t\t\t<\/div>\n\t\t\t\t\t<\/div>\n\t\t<\/section>\n\t\t\t\t<section class=\"elementor-section elementor-top-section elementor-element elementor-element-1f438aa elementor-section-boxed elementor-section-height-default elementor-section-height-default\" data-id=\"1f438aa\" data-element_type=\"section\">\n\t\t\t\t\t\t<div class=\"elementor-container elementor-column-gap-default\">\n\t\t\t\t\t\t\t<div class=\"elementor-row\">\n\t\t\t\t\t<div class=\"elementor-column elementor-col-50 elementor-top-column elementor-element elementor-element-a6335ec\" data-id=\"a6335ec\" data-element_type=\"column\">\n\t\t\t<div class=\"elementor-column-wrap elementor-element-populated\">\n\t\t\t\t\t\t\t<div class=\"elementor-widget-wrap\">\n\t\t\t\t\t\t<div class=\"elementor-element elementor-element-922d80d elementor-widget elementor-widget-text-editor\" data-id=\"922d80d\" data-element_type=\"widget\" data-widget_type=\"text-editor.default\">\n\t\t\t\t<div class=\"elementor-widget-container\">\n\t\t\t\t\t\t\t\t<div class=\"elementor-text-editor elementor-clearfix\">\n\t\t\t\t\t<p><strong>Gy\u00f3gyszert\u00e1r<\/strong><br \/>4024 Debrecen, Csap\u00f3 u. 1<br \/>Nyitvatart\u00e1s: 0-24<br \/>Tel.: <a href=\"http:\/\/(06 52) 532 839\" data-wplink-url-error=\"true\">(06 52) 532 839\u00a0<\/a><\/p>\t\t\t\t\t<\/div>\n\t\t\t\t\t\t<\/div>\n\t\t\t\t<\/div>\n\t\t\t\t\t\t<\/div>\n\t\t\t\t\t<\/div>\n\t\t<\/div>\n\t\t\t\t<div class=\"elementor-column elementor-col-50 elementor-top-column elementor-element elementor-element-5399964\" data-id=\"5399964\" data-element_type=\"column\">\n\t\t\t<div class=\"elementor-column-wrap elementor-element-populated\">\n\t\t\t\t\t\t\t<div class=\"elementor-widget-wrap\">\n\t\t\t\t\t\t<div class=\"elementor-element elementor-element-e253f51 elementor-widget elementor-widget-google_maps\" data-id=\"e253f51\" data-element_type=\"widget\" data-widget_type=\"google_maps.default\">\n\t\t\t\t<div class=\"elementor-widget-container\">\n\t\t\t\t\t<div class=\"elementor-custom-embed\">\n\t\t\t<iframe frameborder=\"0\" scrolling=\"no\" marginheight=\"0\" marginwidth=\"0\" src=\"https:\/\/maps.google.com\/maps?q=debrecen%20csap%C3%B3%20u.%201%20benu&amp;t=m&amp;z=15&amp;output=embed&amp;iwloc=near\" title=\"%3$s\" aria-label=\"%3$s\"><\/iframe>\n\t\t<\/div>\n\t\t\t\t<\/div>\n\t\t\t\t<\/div>\n\t\t\t\t\t\t<\/div>\n\t\t\t\t\t<\/div>\n\t\t<\/div>\n\t\t\t\t\t\t\t\t<\/div>\n\t\t\t\t\t<\/div>\n\t\t<\/section>\n\t\t\t\t<section class=\"elementor-section elementor-top-section elementor-element elementor-element-b224c44 elementor-section-boxed elementor-section-height-default elementor-section-height-default\" data-id=\"b224c44\" data-element_type=\"section\">\n\t\t\t\t\t\t<div class=\"elementor-container elementor-column-gap-default\">\n\t\t\t\t\t\t\t<div class=\"elementor-row\">\n\t\t\t\t\t<div class=\"elementor-column elementor-col-100 elementor-top-column elementor-element elementor-element-dacc724\" data-id=\"dacc724\" data-element_type=\"column\">\n\t\t\t<div class=\"elementor-column-wrap elementor-element-populated\">\n\t\t\t\t\t\t\t<div class=\"elementor-widget-wrap\">\n\t\t\t\t\t\t<div class=\"elementor-element elementor-element-f58dfb3 elementor-widget-divider--view-line elementor-widget elementor-widget-divider\" data-id=\"f58dfb3\" data-element_type=\"widget\" data-widget_type=\"divider.default\">\n\t\t\t\t<div class=\"elementor-widget-container\">\n\t\t\t\t\t<div class=\"elementor-divider\">\n\t\t\t<span class=\"elementor-divider-separator\">\n\t\t\t\t\t\t<\/span>\n\t\t<\/div>\n\t\t\t\t<\/div>\n\t\t\t\t<\/div>\n\t\t\t\t\t\t<\/div>\n\t\t\t\t\t<\/div>\n\t\t<\/div>\n\t\t\t\t\t\t\t\t<\/div>\n\t\t\t\t\t<\/div>\n\t\t<\/section>\n\t\t\t\t\t\t<\/div>\n\t\t\t\t\t\t<\/div>\n\t\t\t\t\t<\/div>\n\t\t","protected":false},"excerpt":{"rendered":"<p>\u00a0 \u00a0 K\u00f6z\u00e9rdek\u0171 inform\u00e1ci\u00f3k Debreceni Egyetem Egytemi \u00e9s Nemzeti K\u00f6nyvt\u00e1r4032, Debrecen, Egyetem t\u00e9r 1.Tel.: +36 52 518-621 ; +36 52 512 900\/61921e-mail: info@lib.unideb.hu \u00a0 SEG\u00c9LYH\u00cdV\u00d3 SZ\u00c1MOK K\u00f6zponti sz\u00e1m: 112Ment\u0151: 104T\u0171zolt\u00f3s\u00e1g: 105Rend\u0151rs\u00e9g: 107 Eg\u00e9szs\u00e9g\u00fcgyi inform\u00e1ci\u00f3k ORVOSI \u00dcGYELET ALAPELL\u00c1T\u00c1SI FELN\u0150TT \u00dcGYELET4031 Debrecen, Nagyerdei krt. 98.Nyitva: 0-24(H\u00e9tv\u00e9g\u00e9n \u00e9s \u00fcnnepnapokon: folyamatosan)Tel.:\u00a0(06 52) 506 303 S\u00dcRG\u0150SS\u00c9GI BETEGELL\u00c1T\u00c1S4043 Debrecen, Bart\u00f3k B\u00e9la [&hellip;]<\/p>\n","protected":false},"author":280,"featured_media":0,"parent":0,"menu_order":0,"comment_status":"closed","ping_status":"closed","template":"","meta":[],"yoast_head":"<!-- This site is optimized with the Yoast SEO plugin v16.4 - https:\/\/yoast.com\/wordpress\/plugins\/seo\/ -->\n<title>K\u00f6z\u00e9rdek\u0171 inform\u00e1ci\u00f3k | MKE 56. V\u00e1ndorgy\u0171l\u00e9s<\/title>\n<meta name=\"robots\" content=\"index, follow, max-snippet:-1, max-image-preview:large, max-video-preview:-1\" \/>\n<link rel=\"canonical\" href=\"https:\/\/mkevandorgyules.hu\/kozerdeku-informaciok\/\" \/>\n<meta property=\"og:locale\" content=\"hu_HU\" \/>\n<meta property=\"og:type\" content=\"article\" \/>\n<meta property=\"og:title\" content=\"K\u00f6z\u00e9rdek\u0171 inform\u00e1ci\u00f3k | MKE 56. V\u00e1ndorgy\u0171l\u00e9s\" \/>\n<meta property=\"og:description\" content=\"\u00a0 \u00a0 K\u00f6z\u00e9rdek\u0171 inform\u00e1ci\u00f3k Debreceni Egyetem Egytemi \u00e9s Nemzeti K\u00f6nyvt\u00e1r4032, Debrecen, Egyetem t\u00e9r 1.Tel.: +36 52 518-621 ; +36 52 512 900\/61921e-mail: info@lib.unideb.hu \u00a0 SEG\u00c9LYH\u00cdV\u00d3 SZ\u00c1MOK K\u00f6zponti sz\u00e1m: 112Ment\u0151: 104T\u0171zolt\u00f3s\u00e1g: 105Rend\u0151rs\u00e9g: 107 Eg\u00e9szs\u00e9g\u00fcgyi inform\u00e1ci\u00f3k ORVOSI \u00dcGYELET ALAPELL\u00c1T\u00c1SI FELN\u0150TT \u00dcGYELET4031 Debrecen, Nagyerdei krt. 98.Nyitva: 0-24(H\u00e9tv\u00e9g\u00e9n \u00e9s \u00fcnnepnapokon: folyamatosan)Tel.:\u00a0(06 52) 506 303 S\u00dcRG\u0150SS\u00c9GI BETEGELL\u00c1T\u00c1S4043 Debrecen, Bart\u00f3k B\u00e9la [&hellip;]\" \/>\n<meta property=\"og:url\" content=\"https:\/\/mkevandorgyules.hu\/kozerdeku-informaciok\/\" \/>\n<meta property=\"og:site_name\" content=\"MKE 56. V\u00e1ndorgy\u0171l\u00e9s\" \/>\n<meta property=\"article:modified_time\" content=\"2025-04-30T07:42:10+00:00\" \/>\n<meta property=\"og:image\" content=\"https:\/\/mkevandorgyules.hu\/wp-content\/uploads\/sites\/7\/2025\/03\/Debrecen_vandorgyules_logo2.jpg\" \/>\n\t<meta property=\"og:image:width\" content=\"2115\" \/>\n\t<meta property=\"og:image:height\" content=\"1838\" \/>\n<meta name=\"twitter:card\" content=\"summary_large_image\" \/>\n<meta name=\"twitter:label1\" content=\"Becs\u00fclt olvas\u00e1si id\u0151\" \/>\n\t<meta name=\"twitter:data1\" content=\"1 perc\" \/>\n<script type=\"application\/ld+json\" class=\"yoast-schema-graph\">{\"@context\":\"https:\/\/schema.org\",\"@graph\":[{\"@type\":\"WebSite\",\"@id\":\"https:\/\/mkevandorgyules.hu\/#website\",\"url\":\"https:\/\/mkevandorgyules.hu\/\",\"name\":\"MKE 56. V\\u00e1ndorgy\\u0171l\\u00e9s\",\"description\":\"2025. j\\u00falius 9-12., Debrecen\",\"potentialAction\":[{\"@type\":\"SearchAction\",\"target\":\"https:\/\/mkevandorgyules.hu\/?s={search_term_string}\",\"query-input\":\"required name=search_term_string\"}],\"inLanguage\":\"hu\"},{\"@type\":\"WebPage\",\"@id\":\"https:\/\/mkevandorgyules.hu\/kozerdeku-informaciok\/#webpage\",\"url\":\"https:\/\/mkevandorgyules.hu\/kozerdeku-informaciok\/\",\"name\":\"K\\u00f6z\\u00e9rdek\\u0171 inform\\u00e1ci\\u00f3k | MKE 56. V\\u00e1ndorgy\\u0171l\\u00e9s\",\"isPartOf\":{\"@id\":\"https:\/\/mkevandorgyules.hu\/#website\"},\"datePublished\":\"2022-07-09T11:59:47+00:00\",\"dateModified\":\"2025-04-30T07:42:10+00:00\",\"breadcrumb\":{\"@id\":\"https:\/\/mkevandorgyules.hu\/kozerdeku-informaciok\/#breadcrumb\"},\"inLanguage\":\"hu\",\"potentialAction\":[{\"@type\":\"ReadAction\",\"target\":[\"https:\/\/mkevandorgyules.hu\/kozerdeku-informaciok\/\"]}]},{\"@type\":\"BreadcrumbList\",\"@id\":\"https:\/\/mkevandorgyules.hu\/kozerdeku-informaciok\/#breadcrumb\",\"itemListElement\":[{\"@type\":\"ListItem\",\"position\":1,\"item\":{\"@type\":\"WebPage\",\"@id\":\"https:\/\/mkevandorgyules.hu\/\",\"url\":\"https:\/\/mkevandorgyules.hu\/\",\"name\":\"Home\"}},{\"@type\":\"ListItem\",\"position\":2,\"item\":{\"@id\":\"https:\/\/mkevandorgyules.hu\/kozerdeku-informaciok\/#webpage\"}}]}]}<\/script>\n<!-- \/ Yoast SEO plugin. -->","_links":{"self":[{"href":"https:\/\/mkevandorgyules.hu\/wp-json\/wp\/v2\/pages\/9592"}],"collection":[{"href":"https:\/\/mkevandorgyules.hu\/wp-json\/wp\/v2\/pages"}],"about":[{"href":"https:\/\/mkevandorgyules.hu\/wp-json\/wp\/v2\/types\/page"}],"author":[{"embeddable":true,"href":"https:\/\/mkevandorgyules.hu\/wp-json\/wp\/v2\/users\/280"}],"replies":[{"embeddable":true,"href":"https:\/\/mkevandorgyules.hu\/wp-json\/wp\/v2\/comments?post=9592"}],"version-history":[{"count":47,"href":"https:\/\/mkevandorgyules.hu\/wp-json\/wp\/v2\/pages\/9592\/revisions"}],"predecessor-version":[{"id":34925,"href":"https:\/\/mkevandorgyules.hu\/wp-json\/wp\/v2\/pages\/9592\/revisions\/34925"}],"wp:attachment":[{"href":"https:\/\/mkevandorgyules.hu\/wp-json\/wp\/v2\/media?parent=9592"}],"curies":[{"name":"wp","href":"https:\/\/api.w.org\/{rel}","templated":true}]}}